{"id":43638,"date":"2026-03-16T20:55:31","date_gmt":"2026-03-16T20:55:31","guid":{"rendered":"https:\/\/www.ebabyusa.net\/ebaby-ecuador\/?post_type=product&#038;p=43638"},"modified":"2026-03-21T16:28:48","modified_gmt":"2026-03-21T16:28:48","slug":"silla-de-auto-finn-ebaby-cod-eb573","status":"publish","type":"product","link":"https:\/\/www.ebabyusa.net\/ebaby-ecuador\/tienda\/sillas-de-auto\/silla-de-auto-finn-ebaby-cod-eb573\/","title":{"rendered":"SILLA DE AUTO FINN EBABY &#8211; COD. EB573"},"content":{"rendered":"<div class=\"celdadescripcion\">\n<h4 style=\"color: #005d7e;\"><strong><strong style=\"color: #005d7e; font-size: 18px;\">Caracter\u00edsticas Principales de la SILLA DE AUTO FINN<\/strong><\/strong><\/h4>\n<ul style=\"list-style: disc !important; margin-left: 10px !important;\">\n<li>Cintur\u00f3n de seguridad de 5 puntos<\/li>\n<li>Cabecera regulable<\/li>\n<li>Asiento reclinable<\/li>\n<li>Sistema Isofix<\/li>\n<li>Coj\u00edn confortable<\/li>\n<li>Correa de hombro<\/li>\n<li>Capacidad de 36kg M\u00e1x.<\/li>\n<li>Sistema ANTI-IMPACTO<\/li>\n<\/ul>\n<\/div>\n<div class=\"celdadescripcion\">\n<table class=\"egt1\" style=\"margin-bottom: 0px;\" width=\"100%\">\n<tbody>\n<tr>\n<td>\n<p style=\"text-align: center;\"><img decoding=\"async\" loading=\"lazy\" class=\"alignnone wp-image-20366\" src=\"https:\/\/www.ebabyusa.net\/ebaby-ecuador\/wp-content\/uploads\/2021\/02\/PICTOGRAMAS-07.png\" alt=\"\" width=\"70\" height=\"70\" \/><\/p>\n<p style=\"text-align: center;\">Asiento reclinable<\/p>\n<\/td>\n<td><\/td>\n<td>\n<div style=\"text-align: center;\"><img decoding=\"async\" loading=\"lazy\" class=\"alignnone wp-image-20665\" src=\"https:\/\/www.ebabyusa.net\/ebaby-ecuador\/wp-content\/uploads\/2021\/02\/PICTOGRAMAS-03-3.png\" alt=\"\" width=\"70\" height=\"70\" \/><\/div>\n<div style=\"text-align: center;\">Asiento confortable<\/div>\n<\/td>\n<\/tr>\n<tr>\n<td style=\"text-align: center;\"><img decoding=\"async\" loading=\"lazy\" class=\"alignnone wp-image-20363\" src=\"https:\/\/www.ebabyusa.net\/ebaby-ecuador\/wp-content\/uploads\/2021\/02\/PICTOGRAMAS-04.png\" alt=\"\" width=\"70\" height=\"70\" \/><\/p>\n<div style=\"text-align: center;\">Cintur\u00f3n de seguridad<\/div>\n<div>de 5 puntos<\/div>\n<\/td>\n<td><\/td>\n<td>\n<div style=\"text-align: center;\">\n<p><img decoding=\"async\" loading=\"lazy\" class=\"alignnone wp-image-15211\" src=\"https:\/\/www.ebabyusa.net\/ebaby-ecuador\/wp-content\/uploads\/2020\/12\/PICTOGRAMAS-01-8.png\" alt=\"\" width=\"70\" height=\"70\" srcset=\"https:\/\/www.ebabyusa.net\/ebaby-ecuador\/wp-content\/uploads\/2020\/12\/PICTOGRAMAS-01-8.png 273w, https:\/\/www.ebabyusa.net\/ebaby-ecuador\/wp-content\/uploads\/2020\/12\/PICTOGRAMAS-01-8-100x100.png 100w, https:\/\/www.ebabyusa.net\/ebaby-ecuador\/wp-content\/uploads\/2020\/12\/PICTOGRAMAS-01-8-150x150.png 150w\" sizes=\"(max-width: 70px) 100vw, 70px\" \/><\/p>\n<div style=\"text-align: center;\">Acolchonada adicional<\/div>\n<\/div>\n<\/td>\n<\/tr>\n<\/tbody>\n<\/table>\n<\/div>\n","protected":false},"excerpt":{"rendered":"<p>Cuenta con cintur\u00f3n de seguridad de 5 puntos que permite que tu beb\u00e9 viaje c\u00f3modo y seguro. Ebaby trabaja siempre con elementos de la mejor calidad.<\/p>\n<p><em>*Debido a la continua mejora del producto, las fotos e informaci\u00f3n pueden diferir del producto real<\/em><br \/>\n<em>*Foto referencial<\/em><\/p>\n<table class=\"egt\" style=\"margin-bottom: 0px;\" width=\"100%\">\n<tbody>\n<tr>\n<td>Marca<\/td>\n<td><\/td>\n<td>\n<div style=\"text-align: right;\">ebaby<\/div>\n<\/td>\n<\/tr>\n<\/tbody>\n<\/table>\n<div style=\"border-top: 1px dashed #8d8c8c;\"><\/div>\n<table class=\"egt\" style=\"margin-bottom: 0px;\" width=\"100%\">\n<tbody>\n<tr>\n<td>Capacidad<\/td>\n<td><\/td>\n<td>\n<div style=\"text-align: right;\">18 kg<\/div>\n<\/td>\n<\/tr>\n<\/tbody>\n<\/table>\n<div style=\"border-top: 1px dashed #8d8c8c;\"><\/div>\n<table class=\"egt\" style=\"margin-bottom: 0px;\" width=\"100%\">\n<tbody>\n<tr>\n<td>Material Principal<\/td>\n<td><\/td>\n<td>\n<div style=\"text-align: right;\">Pl\u00e1stico<\/div>\n<\/td>\n<\/tr>\n<\/tbody>\n<\/table>\n","protected":false},"featured_media":43647,"comment_status":"open","ping_status":"closed","template":"","meta":[],"product_cat":[337,147,353],"product_tag":[356],"_links":{"self":[{"href":"https:\/\/www.ebabyusa.net\/ebaby-ecuador\/wp-json\/wp\/v2\/product\/43638"}],"collection":[{"href":"https:\/\/www.ebabyusa.net\/ebaby-ecuador\/wp-json\/wp\/v2\/product"}],"about":[{"href":"https:\/\/www.ebabyusa.net\/ebaby-ecuador\/wp-json\/wp\/v2\/types\/product"}],"replies":[{"embeddable":true,"href":"https:\/\/www.ebabyusa.net\/ebaby-ecuador\/wp-json\/wp\/v2\/comments?post=43638"}],"version-history":[{"count":2,"href":"https:\/\/www.ebabyusa.net\/ebaby-ecuador\/wp-json\/wp\/v2\/product\/43638\/revisions"}],"predecessor-version":[{"id":43649,"href":"https:\/\/www.ebabyusa.net\/ebaby-ecuador\/wp-json\/wp\/v2\/product\/43638\/revisions\/43649"}],"wp:featuredmedia":[{"embeddable":true,"href":"https:\/\/www.ebabyusa.net\/ebaby-ecuador\/wp-json\/wp\/v2\/media\/43647"}],"wp:attachment":[{"href":"https:\/\/www.ebabyusa.net\/ebaby-ecuador\/wp-json\/wp\/v2\/media?parent=43638"}],"wp:term":[{"taxonomy":"product_cat","embeddable":true,"href":"https:\/\/www.ebabyusa.net\/ebaby-ecuador\/wp-json\/wp\/v2\/product_cat?post=43638"},{"taxonomy":"product_tag","embeddable":true,"href":"https:\/\/www.ebabyusa.net\/ebaby-ecuador\/wp-json\/wp\/v2\/product_tag?post=43638"}],"curies":[{"name":"wp","href":"https:\/\/api.w.org\/{rel}","templated":true}]}}