{"id":43275,"date":"2025-12-06T20:52:09","date_gmt":"2025-12-06T20:52:09","guid":{"rendered":"https:\/\/www.ebabyusa.net\/ebaby-ecuador\/?post_type=product&#038;p=43275"},"modified":"2026-04-08T19:33:42","modified_gmt":"2026-04-08T19:33:42","slug":"patineta-scooter-para-nino-questcorp-q871","status":"publish","type":"product","link":"https:\/\/www.ebabyusa.net\/ebaby-ecuador\/tienda\/buggies\/patineta-scooter-para-nino-questcorp-q871\/","title":{"rendered":"PATINETA SCOOTER PARA NI\u00d1O QUESTCORP &#8211; Q871"},"content":{"rendered":"<div class=\"celdadescripcion\">\n<h4 style=\"color: #005d7e;\"><strong><strong style=\"color: #005d7e; font-size: 18px;\">Caracter\u00edsticas Principales del<\/strong> PATINETA SCOOTER PARA NI\u00d1O Q871:<\/strong><\/h4>\n<p>Te presentamos nuestro Scooter unidireccional con ruedas luminosas, dise\u00f1ado para alegrar a los peque\u00f1os de tu familia. -Su estructura simple permite que ellos se diviertan de manera segura: el tim\u00f3n es unidireccional pero tiende a cambiar de direcci\u00f3n seg\u00fan tu peque\u00f1o se incline, de manera natural, a un lado o a otro.<\/p>\n<\/div>\n<div class=\"celdadescripcion\">\n<table class=\"egt1\" style=\"margin-bottom: 0px;\" width=\"100%\">\n<tbody>\n<tr>\n<td>\n<div style=\"text-align: center;\"><\/div>\n<div style=\"text-align: center;\"><\/div>\n<\/td>\n<td><\/td>\n<td>\n<div style=\"text-align: center;\">\n<div style=\"text-align: center;\"><\/div>\n<\/div>\n<\/td>\n<\/tr>\n<tr>\n<td style=\"text-align: center;\"><\/td>\n<td><\/td>\n<td>\n<div style=\"text-align: center;\"><\/div>\n<\/td>\n<\/tr>\n<\/tbody>\n<\/table>\n<\/div>\n","protected":false},"excerpt":{"rendered":"<p>Cuenta con tim\u00f3n con m\u00fasica y luces que permite que tu beb\u00e9 juegue c\u00f3modamente y se divierta. Ebaby trabaja siempre con elementos de la mejor calidad.<\/p>\n<p>*Debido a la continua mejora del producto, las fotos e informaci\u00f3n pueden diferir del producto real<br \/>\n*Foto referencial<\/p>\n<table class=\"egt\" style=\"margin-bottom: 0px;\" width=\"100%\">\n<tbody>\n<tr>\n<td>Marca<\/td>\n<td><\/td>\n<td>\n<div style=\"text-align: right;\">ebaby<\/div>\n<\/td>\n<\/tr>\n<\/tbody>\n<\/table>\n<div style=\"border-top: 1px dashed #8d8c8c;\"><\/div>\n<table class=\"egt\" style=\"margin-bottom: 0px;\" width=\"100%\">\n<tbody>\n<tr>\n<td>Capacidad<\/td>\n<td><\/td>\n<td>\n<div style=\"text-align: right;\">20kg<\/div>\n<\/td>\n<\/tr>\n<\/tbody>\n<\/table>\n<div style=\"border-top: 1px dashed #8d8c8c;\"><\/div>\n<table class=\"egt\" style=\"margin-bottom: 0px;\" width=\"100%\">\n<tbody>\n<tr>\n<td>Material Principal<\/td>\n<td><\/td>\n<td>\n<div style=\"text-align: right;\">Pl\u00e1stico<\/div>\n<\/td>\n<\/tr>\n<\/tbody>\n<\/table>\n","protected":false},"featured_media":43284,"comment_status":"open","ping_status":"closed","template":"","meta":[],"product_cat":[138,330,319,353],"product_tag":[169,325,326,327],"_links":{"self":[{"href":"https:\/\/www.ebabyusa.net\/ebaby-ecuador\/wp-json\/wp\/v2\/product\/43275"}],"collection":[{"href":"https:\/\/www.ebabyusa.net\/ebaby-ecuador\/wp-json\/wp\/v2\/product"}],"about":[{"href":"https:\/\/www.ebabyusa.net\/ebaby-ecuador\/wp-json\/wp\/v2\/types\/product"}],"replies":[{"embeddable":true,"href":"https:\/\/www.ebabyusa.net\/ebaby-ecuador\/wp-json\/wp\/v2\/comments?post=43275"}],"version-history":[{"count":1,"href":"https:\/\/www.ebabyusa.net\/ebaby-ecuador\/wp-json\/wp\/v2\/product\/43275\/revisions"}],"predecessor-version":[{"id":43287,"href":"https:\/\/www.ebabyusa.net\/ebaby-ecuador\/wp-json\/wp\/v2\/product\/43275\/revisions\/43287"}],"wp:featuredmedia":[{"embeddable":true,"href":"https:\/\/www.ebabyusa.net\/ebaby-ecuador\/wp-json\/wp\/v2\/media\/43284"}],"wp:attachment":[{"href":"https:\/\/www.ebabyusa.net\/ebaby-ecuador\/wp-json\/wp\/v2\/media?parent=43275"}],"wp:term":[{"taxonomy":"product_cat","embeddable":true,"href":"https:\/\/www.ebabyusa.net\/ebaby-ecuador\/wp-json\/wp\/v2\/product_cat?post=43275"},{"taxonomy":"product_tag","embeddable":true,"href":"https:\/\/www.ebabyusa.net\/ebaby-ecuador\/wp-json\/wp\/v2\/product_tag?post=43275"}],"curies":[{"name":"wp","href":"https:\/\/api.w.org\/{rel}","templated":true}]}}