{"id":40853,"date":"2024-05-08T20:21:07","date_gmt":"2024-05-08T20:21:07","guid":{"rendered":"https:\/\/www.ebabyusa.net\/ebaby-ecuador\/?post_type=product&#038;p=40853"},"modified":"2025-12-19T15:39:50","modified_gmt":"2025-12-19T15:39:50","slug":"coche-baston-ebaby-blum-eb2013","status":"publish","type":"product","link":"https:\/\/www.ebabyusa.net\/ebaby-ecuador\/tienda\/coches\/coche-baston\/coche-baston-ebaby-blum-eb2013\/","title":{"rendered":"COCHE BAST\u00d3N EBABY BLUM &#8211; EB2013"},"content":{"rendered":"<div class=\"celdadescripcion\">\n<h4 style=\"color: #005d7e;\"><strong><strong style=\"color: #005d7e; font-size: 18px;\">Caracter\u00edsticas Principales del<\/strong> COCHE BAST\u00d3N BLUM \u2013 EB2013:<\/strong><\/h4>\n<ul style=\"list-style: disc !important; margin-left: 10px !important;\">\n<li>Incluye capota<\/li>\n<li>Sistema con 2 puntos de seguridad<\/li>\n<li>Barra protectora frontal<\/li>\n<li>Asiento confortable (1 sola posici\u00f3n)<\/li>\n<li>Plegado f\u00e1cil y compacto<\/li>\n<li>Edad de uso: 6m &#8211; 36m<\/li>\n<li>Capacidad 15kg<\/li>\n<li>Ligero para traslados<\/li>\n<li>Incluye frenos<\/li>\n<\/ul>\n<\/div>\n<div class=\"celdadescripcion\">\n<table class=\"egt1\" style=\"margin-bottom: 0px;\" width=\"100%\">\n<tbody>\n<tr>\n<td>\n<p style=\"text-align: center;\"><img decoding=\"async\" loading=\"lazy\" class=\"alignnone wp-image-40858\" src=\"https:\/\/www.ebabyusa.net\/ebaby-ecuador\/wp-content\/uploads\/2024\/05\/PICTOGRAMAS-02.png\" alt=\"\" width=\"80\" height=\"80\" srcset=\"https:\/\/www.ebabyusa.net\/ebaby-ecuador\/wp-content\/uploads\/2024\/05\/PICTOGRAMAS-02.png 273w, https:\/\/www.ebabyusa.net\/ebaby-ecuador\/wp-content\/uploads\/2024\/05\/PICTOGRAMAS-02-150x150.png 150w, https:\/\/www.ebabyusa.net\/ebaby-ecuador\/wp-content\/uploads\/2024\/05\/PICTOGRAMAS-02-100x100.png 100w\" sizes=\"(max-width: 80px) 100vw, 80px\" \/><\/p>\n<p style=\"text-align: center;\">Barra protectora frontal<\/p>\n<\/td>\n<td><\/td>\n<td>\n<div style=\"text-align: center;\"><img decoding=\"async\" loading=\"lazy\" class=\"alignnone wp-image-20383\" src=\"https:\/\/www.ebabyusa.net\/ebaby-ecuador\/wp-content\/uploads\/2021\/02\/PICTOGRAMAS-24.png\" alt=\"\" width=\"78\" height=\"78\" \/><\/div>\n<div style=\"text-align: center;\">Llantas traseras<\/div>\n<div style=\"text-align: center;\">con freno<\/div>\n<\/td>\n<\/tr>\n<tr>\n<td style=\"text-align: center;\"><img decoding=\"async\" loading=\"lazy\" class=\"alignnone wp-image-41203\" src=\"https:\/\/www.ebabyusa.net\/ebaby-ecuador\/wp-content\/uploads\/2024\/05\/PICTOGRAMAS-03.png\" alt=\"\" width=\"81\" height=\"81\" srcset=\"https:\/\/www.ebabyusa.net\/ebaby-ecuador\/wp-content\/uploads\/2024\/05\/PICTOGRAMAS-03.png 273w, https:\/\/www.ebabyusa.net\/ebaby-ecuador\/wp-content\/uploads\/2024\/05\/PICTOGRAMAS-03-150x150.png 150w, https:\/\/www.ebabyusa.net\/ebaby-ecuador\/wp-content\/uploads\/2024\/05\/PICTOGRAMAS-03-100x100.png 100w\" sizes=\"(max-width: 81px) 100vw, 81px\" \/><\/p>\n<div style=\"text-align: center;\">Cintur\u00f3n de seguridad<\/div>\n<div>de 2 puntos<\/div>\n<\/td>\n<td><\/td>\n<td>\n<div style=\"text-align: center;\"><img decoding=\"async\" loading=\"lazy\" class=\"alignnone wp-image-40860\" src=\"https:\/\/www.ebabyusa.net\/ebaby-ecuador\/wp-content\/uploads\/2024\/05\/PICTOGRAMAS-28.png\" alt=\"\" width=\"81\" height=\"81\" srcset=\"https:\/\/www.ebabyusa.net\/ebaby-ecuador\/wp-content\/uploads\/2024\/05\/PICTOGRAMAS-28.png 273w, https:\/\/www.ebabyusa.net\/ebaby-ecuador\/wp-content\/uploads\/2024\/05\/PICTOGRAMAS-28-150x150.png 150w, https:\/\/www.ebabyusa.net\/ebaby-ecuador\/wp-content\/uploads\/2024\/05\/PICTOGRAMAS-28-100x100.png 100w\" sizes=\"(max-width: 81px) 100vw, 81px\" \/><\/div>\n<div style=\"text-align: center;\">Plegado f\u00e1cil<\/div>\n<\/td>\n<\/tr>\n<\/tbody>\n<\/table>\n<\/div>\n","protected":false},"excerpt":{"rendered":"<div style=\"text-align: justify;\">\n<p>El cochecito Blum es ideal para ni\u00f1os desde los 6 meses, ya que cuenta con una sola posici\u00f3n sentada que asegura comodidad y seguridad. Ebaby ofrece lo mejor para tu beb\u00e9, garantizando calidad y funcionalidad en cada producto.<\/p>\n<\/div>\n<table class=\"egt\" style=\"margin-bottom: 0px;\" width=\"100%\">\n<tbody>\n<tr>\n<td>Marca<\/td>\n<td><\/td>\n<td>\n<div style=\"text-align: right;\">ebaby<\/div>\n<\/td>\n<\/tr>\n<\/tbody>\n<\/table>\n<div style=\"border-top: 1px dashed #8d8c8c;\"><\/div>\n<table class=\"egt\" style=\"margin-bottom: 0px;\" width=\"100%\">\n<tbody>\n<tr>\n<td>Capacidad<\/td>\n<td><\/td>\n<td>\n<div style=\"text-align: right;\">15kg<\/div>\n<\/td>\n<\/tr>\n<\/tbody>\n<\/table>\n<div style=\"border-top: 1px dashed #8d8c8c;\"><\/div>\n<table class=\"egt\" style=\"margin-bottom: 0px;\" width=\"100%\">\n<tbody>\n<tr>\n<td>Material Principal<\/td>\n<td><\/td>\n<td>\n<div style=\"text-align: right;\">Metal<\/div>\n<\/td>\n<\/tr>\n<\/tbody>\n<\/table>\n","protected":false},"featured_media":41004,"comment_status":"open","ping_status":"closed","template":"","meta":[],"product_cat":[36,16,353],"product_tag":[169,320,334,322],"_links":{"self":[{"href":"https:\/\/www.ebabyusa.net\/ebaby-ecuador\/wp-json\/wp\/v2\/product\/40853"}],"collection":[{"href":"https:\/\/www.ebabyusa.net\/ebaby-ecuador\/wp-json\/wp\/v2\/product"}],"about":[{"href":"https:\/\/www.ebabyusa.net\/ebaby-ecuador\/wp-json\/wp\/v2\/types\/product"}],"replies":[{"embeddable":true,"href":"https:\/\/www.ebabyusa.net\/ebaby-ecuador\/wp-json\/wp\/v2\/comments?post=40853"}],"version-history":[{"count":5,"href":"https:\/\/www.ebabyusa.net\/ebaby-ecuador\/wp-json\/wp\/v2\/product\/40853\/revisions"}],"predecessor-version":[{"id":41202,"href":"https:\/\/www.ebabyusa.net\/ebaby-ecuador\/wp-json\/wp\/v2\/product\/40853\/revisions\/41202"}],"wp:featuredmedia":[{"embeddable":true,"href":"https:\/\/www.ebabyusa.net\/ebaby-ecuador\/wp-json\/wp\/v2\/media\/41004"}],"wp:attachment":[{"href":"https:\/\/www.ebabyusa.net\/ebaby-ecuador\/wp-json\/wp\/v2\/media?parent=40853"}],"wp:term":[{"taxonomy":"product_cat","embeddable":true,"href":"https:\/\/www.ebabyusa.net\/ebaby-ecuador\/wp-json\/wp\/v2\/product_cat?post=40853"},{"taxonomy":"product_tag","embeddable":true,"href":"https:\/\/www.ebabyusa.net\/ebaby-ecuador\/wp-json\/wp\/v2\/product_tag?post=40853"}],"curies":[{"name":"wp","href":"https:\/\/api.w.org\/{rel}","templated":true}]}}