{"id":40092,"date":"2023-11-11T20:36:48","date_gmt":"2023-11-11T20:36:48","guid":{"rendered":"https:\/\/www.ebabyusa.net\/ebaby-ecuador\/?post_type=product&#038;p=40092"},"modified":"2025-07-21T16:23:06","modified_gmt":"2025-07-21T16:23:06","slug":"correpasillo-questcorp-q357","status":"publish","type":"product","link":"https:\/\/www.ebabyusa.net\/ebaby-ecuador\/tienda\/buggies\/correpasillo-questcorp-q357\/","title":{"rendered":"CORREPASILLO QUESTCORP &#8211; Q357"},"content":{"rendered":"<div class=\"celdadescripcion\">\n<h4 style=\"color: #005d7e;\"><strong><strong style=\"color: #005d7e; font-size: 18px;\">Caracter\u00edsticas Principales del<\/strong> CORREPASILLO Q357:<\/strong><\/h4>\n<ul style=\"list-style: disc !important; margin-left: 10px !important;\">\n<li>Asiento Confortable<\/li>\n<li>Reposabrazos con apertura<\/li>\n<li>Llantas de pl\u00e1stico resistentes<\/li>\n<li>Tapasol<\/li>\n<li>Puerto USB<\/li>\n<\/ul>\n<\/div>\n<div class=\"celdadescripcion\">\n<table class=\"egt1\" style=\"margin-bottom: 0px;\" width=\"100%\">\n<tbody>\n<tr>\n<td>\n<div style=\"text-align: center;\"><img decoding=\"async\" loading=\"lazy\" class=\"alignnone wp-image-20665\" src=\"https:\/\/www.ebabyusa.net\/ebaby-ecuador\/wp-content\/uploads\/2021\/02\/PICTOGRAMAS-03-3.png\" alt=\"\" width=\"70\" height=\"70\" \/><\/div>\n<div style=\"text-align: center;\">Asiento confortable<\/div>\n<\/td>\n<td><\/td>\n<td>\n<div style=\"text-align: center;\">\n<div style=\"text-align: center;\"><img decoding=\"async\" loading=\"lazy\" class=\"alignnone wp-image-20623\" src=\"https:\/\/www.ebabyusa.net\/ebaby-ecuador\/wp-content\/uploads\/2021\/02\/PICTOGRAMAS-12-1.png\" alt=\"\" width=\"70\" height=\"70\" \/><\/div>\n<div style=\"text-align: center;\">Llantas de pl\u00e1stico<\/div>\n<div style=\"text-align: center;\">resistentes<\/div>\n<\/div>\n<\/td>\n<\/tr>\n<tr>\n<td style=\"text-align: center;\"><\/td>\n<td><\/td>\n<td>\n<div style=\"text-align: center;\"><\/div>\n<\/td>\n<\/tr>\n<\/tbody>\n<\/table>\n<\/div>\n","protected":false},"excerpt":{"rendered":"<p>Cuenta con tim\u00f3n con m\u00fasica y luces que permite que tu beb\u00e9 juegue c\u00f3modamente y se divierta. Ebaby trabaja siempre con elementos de la mejor calidad.<\/p>\n<table class=\"egt\" style=\"margin-bottom: 0px;\" width=\"100%\">\n<tbody>\n<tr>\n<td>Marca<\/td>\n<td><\/td>\n<td>\n<div style=\"text-align: right;\">ebaby<\/div>\n<\/td>\n<\/tr>\n<\/tbody>\n<\/table>\n<div style=\"border-top: 1px dashed #8d8c8c;\"><\/div>\n<table class=\"egt\" style=\"margin-bottom: 0px;\" width=\"100%\">\n<tbody>\n<tr>\n<td>Capacidad<\/td>\n<td><\/td>\n<td>\n<div style=\"text-align: right;\">20kg<\/div>\n<\/td>\n<\/tr>\n<\/tbody>\n<\/table>\n<div style=\"border-top: 1px dashed #8d8c8c;\"><\/div>\n<table class=\"egt\" style=\"margin-bottom: 0px;\" width=\"100%\">\n<tbody>\n<tr>\n<td>Material Principal<\/td>\n<td><\/td>\n<td>\n<div style=\"text-align: right;\">Pl\u00e1stico<\/div>\n<\/td>\n<\/tr>\n<\/tbody>\n<\/table>\n","protected":false},"featured_media":42792,"comment_status":"open","ping_status":"closed","template":"","meta":[],"product_cat":[138,330,319,353],"product_tag":[169,325,326,327],"_links":{"self":[{"href":"https:\/\/www.ebabyusa.net\/ebaby-ecuador\/wp-json\/wp\/v2\/product\/40092"}],"collection":[{"href":"https:\/\/www.ebabyusa.net\/ebaby-ecuador\/wp-json\/wp\/v2\/product"}],"about":[{"href":"https:\/\/www.ebabyusa.net\/ebaby-ecuador\/wp-json\/wp\/v2\/types\/product"}],"replies":[{"embeddable":true,"href":"https:\/\/www.ebabyusa.net\/ebaby-ecuador\/wp-json\/wp\/v2\/comments?post=40092"}],"version-history":[{"count":2,"href":"https:\/\/www.ebabyusa.net\/ebaby-ecuador\/wp-json\/wp\/v2\/product\/40092\/revisions"}],"predecessor-version":[{"id":42793,"href":"https:\/\/www.ebabyusa.net\/ebaby-ecuador\/wp-json\/wp\/v2\/product\/40092\/revisions\/42793"}],"wp:featuredmedia":[{"embeddable":true,"href":"https:\/\/www.ebabyusa.net\/ebaby-ecuador\/wp-json\/wp\/v2\/media\/42792"}],"wp:attachment":[{"href":"https:\/\/www.ebabyusa.net\/ebaby-ecuador\/wp-json\/wp\/v2\/media?parent=40092"}],"wp:term":[{"taxonomy":"product_cat","embeddable":true,"href":"https:\/\/www.ebabyusa.net\/ebaby-ecuador\/wp-json\/wp\/v2\/product_cat?post=40092"},{"taxonomy":"product_tag","embeddable":true,"href":"https:\/\/www.ebabyusa.net\/ebaby-ecuador\/wp-json\/wp\/v2\/product_tag?post=40092"}],"curies":[{"name":"wp","href":"https:\/\/api.w.org\/{rel}","templated":true}]}}