{"id":39391,"date":"2023-09-27T16:28:25","date_gmt":"2023-09-27T16:28:25","guid":{"rendered":"https:\/\/www.ebabyusa.net\/ebaby-ecuador\/?post_type=product&#038;p=39391"},"modified":"2026-04-17T22:08:20","modified_gmt":"2026-04-17T22:08:20","slug":"silla-de-comer-escritorio-lara-ebaby-q645-copia","status":"publish","type":"product","link":"https:\/\/www.ebabyusa.net\/ebaby-ecuador\/tienda\/sillas-de-comer\/silla-2-en-1\/silla-de-comer-escritorio-lara-ebaby-q645-copia\/","title":{"rendered":"SILLA DE COMER ESCRITORIO LARA QUESTCORP &#8211; Q645-1"},"content":{"rendered":"<div class=\"celdadescripcion\">\n<h4 style=\"color: #005d7e;\"><strong><strong style=\"color: #005d7e; font-size: 18px;\">Caracter\u00edsticas Principales de la SILLA DE COMER ESCRITORIO LARA Q645-1<\/strong>:<\/strong><\/h4>\n<ul style=\"list-style: disc !important; margin-left: 10px !important;\">\n<li>Cintur\u00f3n de seguridad de 5 puntos<\/li>\n<li>Convertible en escritorio<\/li>\n<li>Asiento tipo cuerina<\/li>\n<li>Doble bandeja removible<\/li>\n<li>Respaldar reclinable<\/li>\n<li>Incluye Llantas<\/li>\n<li>Tablero de Legos (no incluye Legos)<\/li>\n<li>Mesa con compartimientos<\/li>\n<\/ul>\n<\/div>\n<div class=\"celdadescripcion\">\n<table class=\"egt1\" style=\"margin-bottom: 0px;\" width=\"100%\">\n<tbody>\n<tr>\n<td>\n<p style=\"text-align: center;\"><img decoding=\"async\" loading=\"lazy\" class=\"alignnone wp-image-20668\" src=\"https:\/\/www.ebabyusa.net\/ebaby-ecuador\/wp-content\/uploads\/2021\/02\/PICTOGRAMAS-06-3.png\" alt=\"\" width=\"70\" height=\"70\" \/><\/p>\n<div style=\"text-align: center;\">Doble bandeja<\/div>\n<div style=\"text-align: center;\">removible<\/div>\n<\/td>\n<td><\/td>\n<td>\n<div style=\"text-align: center;\"><img decoding=\"async\" loading=\"lazy\" class=\"alignnone wp-image-20363\" src=\"https:\/\/www.ebabyusa.net\/ebaby-ecuador\/wp-content\/uploads\/2021\/02\/PICTOGRAMAS-04.png\" alt=\"\" width=\"70\" height=\"70\" \/><\/div>\n<div style=\"text-align: center;\">Sistema de seguridad<\/div>\n<div style=\"text-align: center;\">de 5 puntos<\/div>\n<\/td>\n<\/tr>\n<tr>\n<td style=\"text-align: center;\"><img decoding=\"async\" loading=\"lazy\" class=\"alignnone wp-image-20671\" src=\"https:\/\/www.ebabyusa.net\/ebaby-ecuador\/wp-content\/uploads\/2021\/02\/PICTOGRAMAS-09-3.png\" alt=\"\" width=\"70\" height=\"70\" \/><\/p>\n<div style=\"text-align: center;\">Convertible en<\/div>\n<div>escritorio<\/div>\n<\/td>\n<td><\/td>\n<td>\n<div style=\"text-align: center;\">\n<p><img decoding=\"async\" loading=\"lazy\" class=\"alignnone wp-image-20665\" src=\"https:\/\/www.ebabyusa.net\/ebaby-ecuador\/wp-content\/uploads\/2021\/02\/PICTOGRAMAS-03-3.png\" alt=\"\" width=\"70\" height=\"70\" \/><\/p>\n<div style=\"text-align: center;\">Asiento acolchonado<\/div>\n<\/div>\n<\/td>\n<\/tr>\n<\/tbody>\n<\/table>\n<\/div>\n","protected":false},"excerpt":{"rendered":"<p>Cuenta con el asiento s\u00faper confortable y acolchado que permite que tu beb\u00e9 est\u00e9 siempre c\u00f3modo en la hora de comer. Ebaby trabaja siempre con elementos de la mejor calidad.<\/p>\n<p>&nbsp;<\/p>\n<table class=\"egt\" style=\"margin-bottom: 0px;\" width=\"100%\">\n<tbody>\n<tr>\n<td>Marca<\/td>\n<td><\/td>\n<td>\n<div style=\"text-align: right;\">ebaby<\/div>\n<\/td>\n<\/tr>\n<\/tbody>\n<\/table>\n<div style=\"border-top: 1px dashed #8d8c8c;\"><\/div>\n<table class=\"egt\" style=\"margin-bottom: 0px;\" width=\"100%\">\n<tbody>\n<tr>\n<td>Capacidad<\/td>\n<td><\/td>\n<td>\n<div style=\"text-align: right;\">18 kg<\/div>\n<\/td>\n<\/tr>\n<\/tbody>\n<\/table>\n<div style=\"border-top: 1px dashed #8d8c8c;\"><\/div>\n<table class=\"egt\" style=\"margin-bottom: 0px;\" width=\"100%\">\n<tbody>\n<tr>\n<td>Material Principal<\/td>\n<td><\/td>\n<td>\n<div style=\"text-align: right;\">Pl\u00e1stico<\/div>\n<\/td>\n<\/tr>\n<\/tbody>\n<\/table>\n<p>&nbsp;<\/p>\n","protected":false},"featured_media":42740,"comment_status":"open","ping_status":"closed","template":"","meta":[],"product_cat":[330,337,342,149,353],"product_tag":[357],"_links":{"self":[{"href":"https:\/\/www.ebabyusa.net\/ebaby-ecuador\/wp-json\/wp\/v2\/product\/39391"}],"collection":[{"href":"https:\/\/www.ebabyusa.net\/ebaby-ecuador\/wp-json\/wp\/v2\/product"}],"about":[{"href":"https:\/\/www.ebabyusa.net\/ebaby-ecuador\/wp-json\/wp\/v2\/types\/product"}],"replies":[{"embeddable":true,"href":"https:\/\/www.ebabyusa.net\/ebaby-ecuador\/wp-json\/wp\/v2\/comments?post=39391"}],"version-history":[{"count":5,"href":"https:\/\/www.ebabyusa.net\/ebaby-ecuador\/wp-json\/wp\/v2\/product\/39391\/revisions"}],"predecessor-version":[{"id":41999,"href":"https:\/\/www.ebabyusa.net\/ebaby-ecuador\/wp-json\/wp\/v2\/product\/39391\/revisions\/41999"}],"wp:featuredmedia":[{"embeddable":true,"href":"https:\/\/www.ebabyusa.net\/ebaby-ecuador\/wp-json\/wp\/v2\/media\/42740"}],"wp:attachment":[{"href":"https:\/\/www.ebabyusa.net\/ebaby-ecuador\/wp-json\/wp\/v2\/media?parent=39391"}],"wp:term":[{"taxonomy":"product_cat","embeddable":true,"href":"https:\/\/www.ebabyusa.net\/ebaby-ecuador\/wp-json\/wp\/v2\/product_cat?post=39391"},{"taxonomy":"product_tag","embeddable":true,"href":"https:\/\/www.ebabyusa.net\/ebaby-ecuador\/wp-json\/wp\/v2\/product_tag?post=39391"}],"curies":[{"name":"wp","href":"https:\/\/api.w.org\/{rel}","templated":true}]}}