{"id":39213,"date":"2023-09-20T14:58:41","date_gmt":"2023-09-20T14:58:41","guid":{"rendered":"https:\/\/www.ebabyusa.net\/ebaby-ecuador\/?post_type=product&#038;p=39213"},"modified":"2025-11-05T16:33:26","modified_gmt":"2025-11-05T16:33:26","slug":"silla-de-comer-romi-ebaby-eb629","status":"publish","type":"product","link":"https:\/\/www.ebabyusa.net\/ebaby-ecuador\/tienda\/sillas-de-comer\/silla-de-comer-romi-ebaby-eb629\/","title":{"rendered":"SILLA DE COMER ROMI &#8211; EBABY &#8211; EB629"},"content":{"rendered":"<div class=\"celdadescripcion\">\n<h4 style=\"color: #005d7e;\"><strong><strong style=\"color: #005d7e; font-size: 18px;\">Caracter\u00edsticas Principales de la SILLA DE COMER\u00a0 ROMI<\/strong> \u2013 EB629:<\/strong><\/h4>\n<ul style=\"list-style: disc !important; margin-left: 10px !important;\">\n<li>F\u00e1cil plegado<\/li>\n<li>Doble bandeja con portavaso<\/li>\n<li>Asiento reclinable<\/li>\n<li>Reposapi\u00e9s<\/li>\n<li>Cintur\u00f3n de seguridad de 5 puntos<\/li>\n<\/ul>\n<\/div>\n<div class=\"celdadescripcion\">\n<table class=\"egt1\" style=\"margin-bottom: 0px;\" width=\"100%\">\n<tbody>\n<tr>\n<td>\n<p style=\"text-align: center;\"><img decoding=\"async\" loading=\"lazy\" class=\"alignnone wp-image-39169 \" src=\"https:\/\/www.ebabyusa.net\/ebaby-ecuador\/wp-content\/uploads\/2023\/09\/PICTOGRAMAS-edad-300x300.jpg\" alt=\"\" width=\"76\" height=\"76\" srcset=\"https:\/\/www.ebabyusa.net\/ebaby-ecuador\/wp-content\/uploads\/2023\/09\/PICTOGRAMAS-edad-300x300.jpg 300w, https:\/\/www.ebabyusa.net\/ebaby-ecuador\/wp-content\/uploads\/2023\/09\/PICTOGRAMAS-edad-150x150.jpg 150w, https:\/\/www.ebabyusa.net\/ebaby-ecuador\/wp-content\/uploads\/2023\/09\/PICTOGRAMAS-edad-100x100.jpg 100w, https:\/\/www.ebabyusa.net\/ebaby-ecuador\/wp-content\/uploads\/2023\/09\/PICTOGRAMAS-edad.jpg 554w\" sizes=\"(max-width: 76px) 100vw, 76px\" \/><\/p>\n<div style=\"text-align: center;\">Edad de uso: 6M a 3A<\/div>\n<\/td>\n<td><\/td>\n<td>\n<div style=\"text-align: center;\"><img decoding=\"async\" loading=\"lazy\" class=\"alignnone wp-image-20363\" src=\"https:\/\/www.ebabyusa.net\/ebaby-ecuador\/wp-content\/uploads\/2021\/02\/PICTOGRAMAS-04.png\" alt=\"\" width=\"70\" height=\"70\" \/><\/div>\n<div style=\"text-align: center;\">Sistema de seguridad<\/div>\n<div style=\"text-align: center;\">de 5 puntos<\/div>\n<\/td>\n<\/tr>\n<tr>\n<td style=\"text-align: center;\"><img decoding=\"async\" loading=\"lazy\" class=\"alignnone wp-image-39218 \" src=\"https:\/\/www.ebabyusa.net\/ebaby-ecuador\/wp-content\/uploads\/2023\/09\/PICTOGRAMAS-02.png\" alt=\"\" width=\"73\" height=\"73\" srcset=\"https:\/\/www.ebabyusa.net\/ebaby-ecuador\/wp-content\/uploads\/2023\/09\/PICTOGRAMAS-02.png 273w, https:\/\/www.ebabyusa.net\/ebaby-ecuador\/wp-content\/uploads\/2023\/09\/PICTOGRAMAS-02-150x150.png 150w, https:\/\/www.ebabyusa.net\/ebaby-ecuador\/wp-content\/uploads\/2023\/09\/PICTOGRAMAS-02-100x100.png 100w\" sizes=\"(max-width: 73px) 100vw, 73px\" \/><\/p>\n<div style=\"text-align: center;\">Reposapi\u00e9s regulable<\/div>\n<\/td>\n<td><\/td>\n<td>\n<div style=\"text-align: center;\">\n<p><img decoding=\"async\" loading=\"lazy\" class=\"alignnone wp-image-20669\" src=\"https:\/\/www.ebabyusa.net\/ebaby-ecuador\/wp-content\/uploads\/2021\/02\/PICTOGRAMAS-07-3.png\" alt=\"\" width=\"75\" height=\"75\" \/><\/p>\n<div style=\"text-align: center;\">Bandeja ajustable<\/div>\n<\/div>\n<\/td>\n<\/tr>\n<\/tbody>\n<\/table>\n<\/div>\n","protected":false},"excerpt":{"rendered":"<p>Cuenta con el asiento s\u00faper confortable y acolchado que permite que tu beb\u00e9 est\u00e9 siempre c\u00f3modo en la hora de comer. Ebaby trabaja siempre con elementos de la mejor calidad.<\/p>\n<table class=\"egt\" style=\"margin-bottom: 0px;\" width=\"100%\">\n<tbody>\n<tr>\n<td>Marca<\/td>\n<td><\/td>\n<td>\n<div style=\"text-align: right;\">Evezo<\/div>\n<\/td>\n<\/tr>\n<\/tbody>\n<\/table>\n<div style=\"border-top: 1px dashed #8d8c8c;\"><\/div>\n<table class=\"egt\" style=\"margin-bottom: 0px;\" width=\"100%\">\n<tbody>\n<tr>\n<td>Capacidad<\/td>\n<td><\/td>\n<td>\n<div style=\"text-align: right;\">15 kg<\/div>\n<\/td>\n<\/tr>\n<\/tbody>\n<\/table>\n<div style=\"border-top: 1px dashed #8d8c8c;\"><\/div>\n<table class=\"egt\" style=\"margin-bottom: 0px;\" width=\"100%\">\n<tbody>\n<tr>\n<td>Material Principal<\/td>\n<td><\/td>\n<td>\n<div style=\"text-align: right;\">Metal<\/div>\n<\/td>\n<\/tr>\n<\/tbody>\n<\/table>\n","protected":false},"featured_media":41343,"comment_status":"open","ping_status":"closed","template":"","meta":[],"product_cat":[330,337,149],"product_tag":[],"_links":{"self":[{"href":"https:\/\/www.ebabyusa.net\/ebaby-ecuador\/wp-json\/wp\/v2\/product\/39213"}],"collection":[{"href":"https:\/\/www.ebabyusa.net\/ebaby-ecuador\/wp-json\/wp\/v2\/product"}],"about":[{"href":"https:\/\/www.ebabyusa.net\/ebaby-ecuador\/wp-json\/wp\/v2\/types\/product"}],"replies":[{"embeddable":true,"href":"https:\/\/www.ebabyusa.net\/ebaby-ecuador\/wp-json\/wp\/v2\/comments?post=39213"}],"version-history":[{"count":3,"href":"https:\/\/www.ebabyusa.net\/ebaby-ecuador\/wp-json\/wp\/v2\/product\/39213\/revisions"}],"predecessor-version":[{"id":41486,"href":"https:\/\/www.ebabyusa.net\/ebaby-ecuador\/wp-json\/wp\/v2\/product\/39213\/revisions\/41486"}],"wp:featuredmedia":[{"embeddable":true,"href":"https:\/\/www.ebabyusa.net\/ebaby-ecuador\/wp-json\/wp\/v2\/media\/41343"}],"wp:attachment":[{"href":"https:\/\/www.ebabyusa.net\/ebaby-ecuador\/wp-json\/wp\/v2\/media?parent=39213"}],"wp:term":[{"taxonomy":"product_cat","embeddable":true,"href":"https:\/\/www.ebabyusa.net\/ebaby-ecuador\/wp-json\/wp\/v2\/product_cat?post=39213"},{"taxonomy":"product_tag","embeddable":true,"href":"https:\/\/www.ebabyusa.net\/ebaby-ecuador\/wp-json\/wp\/v2\/product_tag?post=39213"}],"curies":[{"name":"wp","href":"https:\/\/api.w.org\/{rel}","templated":true}]}}