{"id":38288,"date":"2023-02-15T19:48:48","date_gmt":"2023-02-15T19:48:48","guid":{"rendered":"https:\/\/www.ebabyusa.net\/ebaby-ecuador\/?post_type=product&#038;p=38288"},"modified":"2026-04-16T19:24:51","modified_gmt":"2026-04-16T19:24:51","slug":"cunaportatil-ebaby-eb755","status":"publish","type":"product","link":"https:\/\/www.ebabyusa.net\/ebaby-ecuador\/tienda\/cunas\/cunaportatil-ebaby-eb755\/","title":{"rendered":"CUNA PORTATIL DOLLY &#8211; EBABY &#8211; EB755"},"content":{"rendered":"<div class=\"celdadescripcion\">\n<h4 style=\"color: #005d7e;\"><strong><strong style=\"color: #005d7e; font-size: 18px;\">Caracter\u00edsticas Principales de la CUNA PORTATIL DOLLY EB755<\/strong>\u00a0<\/strong><\/h4>\n<ul style=\"list-style: disc !important; margin-left: 10px !important;\">\n<li>Canastilla Organizadora<\/li>\n<li>Colchoneta confortable<\/li>\n<li>Incluye Tul &#8211; Antimosquito<\/li>\n<li>Plegado F\u00e1cil<\/li>\n<li>Incluye Capota<\/li>\n<\/ul>\n<\/div>\n<div class=\"celdadescripcion\">\n<table class=\"egt1\" style=\"margin-bottom: 0px;\" width=\"100%\">\n<tbody>\n<tr>\n<td>\n<div style=\"text-align: center;\"><\/div>\n<div style=\"text-align: center;\"><img decoding=\"async\" loading=\"lazy\" class=\"alignnone wp-image-38294\" src=\"https:\/\/www.ebabyusa.net\/ebaby-ecuador\/wp-content\/uploads\/2023\/02\/PICTOGRAMAS-09.png\" alt=\"\" width=\"71\" height=\"70\" srcset=\"https:\/\/www.ebabyusa.net\/ebaby-ecuador\/wp-content\/uploads\/2023\/02\/PICTOGRAMAS-09.png 217w, https:\/\/www.ebabyusa.net\/ebaby-ecuador\/wp-content\/uploads\/2023\/02\/PICTOGRAMAS-09-150x150.png 150w, https:\/\/www.ebabyusa.net\/ebaby-ecuador\/wp-content\/uploads\/2023\/02\/PICTOGRAMAS-09-100x100.png 100w\" sizes=\"(max-width: 71px) 100vw, 71px\" \/><\/div>\n<div style=\"text-align: center;\">Mosquitero<\/div>\n<\/td>\n<td><\/td>\n<td>\n<div style=\"text-align: center;\">\n<div style=\"text-align: center;\"><\/div>\n<div style=\"text-align: center;\"><img decoding=\"async\" loading=\"lazy\" class=\"alignnone wp-image-38295\" src=\"https:\/\/www.ebabyusa.net\/ebaby-ecuador\/wp-content\/uploads\/2023\/02\/PICTOGRAMAS-01.png\" alt=\"\" width=\"71\" height=\"71\" srcset=\"https:\/\/www.ebabyusa.net\/ebaby-ecuador\/wp-content\/uploads\/2023\/02\/PICTOGRAMAS-01.png 272w, https:\/\/www.ebabyusa.net\/ebaby-ecuador\/wp-content\/uploads\/2023\/02\/PICTOGRAMAS-01-150x150.png 150w, https:\/\/www.ebabyusa.net\/ebaby-ecuador\/wp-content\/uploads\/2023\/02\/PICTOGRAMAS-01-100x100.png 100w\" sizes=\"(max-width: 71px) 100vw, 71px\" \/><\/div>\n<div style=\"text-align: center;\">Capota Expandible<\/div>\n<\/div>\n<\/td>\n<\/tr>\n<tr>\n<td style=\"text-align: center;\"><\/td>\n<td><\/td>\n<td>\n<div style=\"text-align: center;\"><\/div>\n<\/td>\n<\/tr>\n<\/tbody>\n<\/table>\n<\/div>\n","protected":false},"excerpt":{"rendered":"<p>\u00a1Cuna port\u00e1til compacta y perfecta para llevar a cualquier lugar! F\u00e1cil de transportar y con el tama\u00f1o ideal para comodidad y conveniencia. Ebaby trabaja siempre con elementos de la mejor calidad.<\/p>\n<table class=\"egt\" style=\"margin-bottom: 0px;\" width=\"100%\">\n<tbody>\n<tr>\n<td>Marca<\/td>\n<td><\/td>\n<td>\n<div style=\"text-align: right;\">ebaby<\/div>\n<\/td>\n<\/tr>\n<\/tbody>\n<\/table>\n<div style=\"border-top: 1px dashed #8d8c8c;\"><\/div>\n<table class=\"egt\" style=\"margin-bottom: 0px;\" width=\"100%\">\n<tbody>\n<tr>\n<td>Capacidad<\/td>\n<td><\/td>\n<td>\n<div style=\"text-align: right;\">\u00a0 \u00a0 \u00a0 9 KG<\/div>\n<\/td>\n<\/tr>\n<\/tbody>\n<\/table>\n<div style=\"border-top: 1px dashed #8d8c8c;\"><\/div>\n<table class=\"egt\" style=\"margin-bottom: 0px;\" width=\"100%\">\n<tbody>\n<tr>\n<td>Material Principal<\/td>\n<td><\/td>\n<td>\n<div style=\"text-align: right;\">Metal y Tela<\/div>\n<\/td>\n<\/tr>\n<\/tbody>\n<\/table>\n","protected":false},"featured_media":40063,"comment_status":"open","ping_status":"closed","template":"","meta":[],"product_cat":[64,330,337,353],"product_tag":[169,325,326,327],"_links":{"self":[{"href":"https:\/\/www.ebabyusa.net\/ebaby-ecuador\/wp-json\/wp\/v2\/product\/38288"}],"collection":[{"href":"https:\/\/www.ebabyusa.net\/ebaby-ecuador\/wp-json\/wp\/v2\/product"}],"about":[{"href":"https:\/\/www.ebabyusa.net\/ebaby-ecuador\/wp-json\/wp\/v2\/types\/product"}],"replies":[{"embeddable":true,"href":"https:\/\/www.ebabyusa.net\/ebaby-ecuador\/wp-json\/wp\/v2\/comments?post=38288"}],"version-history":[{"count":7,"href":"https:\/\/www.ebabyusa.net\/ebaby-ecuador\/wp-json\/wp\/v2\/product\/38288\/revisions"}],"predecessor-version":[{"id":41275,"href":"https:\/\/www.ebabyusa.net\/ebaby-ecuador\/wp-json\/wp\/v2\/product\/38288\/revisions\/41275"}],"wp:featuredmedia":[{"embeddable":true,"href":"https:\/\/www.ebabyusa.net\/ebaby-ecuador\/wp-json\/wp\/v2\/media\/40063"}],"wp:attachment":[{"href":"https:\/\/www.ebabyusa.net\/ebaby-ecuador\/wp-json\/wp\/v2\/media?parent=38288"}],"wp:term":[{"taxonomy":"product_cat","embeddable":true,"href":"https:\/\/www.ebabyusa.net\/ebaby-ecuador\/wp-json\/wp\/v2\/product_cat?post=38288"},{"taxonomy":"product_tag","embeddable":true,"href":"https:\/\/www.ebabyusa.net\/ebaby-ecuador\/wp-json\/wp\/v2\/product_tag?post=38288"}],"curies":[{"name":"wp","href":"https:\/\/api.w.org\/{rel}","templated":true}]}}