{"id":37409,"date":"2022-06-21T20:47:23","date_gmt":"2022-06-21T20:47:23","guid":{"rendered":"https:\/\/www.ebabyusa.net\/ebaby-ecuador\/?post_type=product&#038;p=37409"},"modified":"2025-11-05T16:23:50","modified_gmt":"2025-11-05T16:23:50","slug":"silla-de-comer-cassie-ebaby-eb609","status":"publish","type":"product","link":"https:\/\/www.ebabyusa.net\/ebaby-ecuador\/tienda\/sillas-de-comer\/silla-de-comer-cassie-ebaby-eb609\/","title":{"rendered":"SILLA DE COMER CASSIE &#8211; EBABY &#8211; EB609"},"content":{"rendered":"<div class=\"celdadescripcion\">\n<h4 style=\"color: #005d7e;\"><strong><strong style=\"color: #005d7e; font-size: 18px;\">Caracter\u00edsticas Principales de la SILLA DE COMER\u00a0 CASSIE<\/strong> \u2013 EB609:<\/strong><\/h4>\n<ul style=\"list-style: disc !important; margin-left: 10px !important;\">\n<li>Asiento de tela acolchado.<\/li>\n<li>Arn\u00e9s de 3 puntos.<\/li>\n<li>Incluye reposa-pies<\/li>\n<li>Bandeja fija con portavasos.<\/li>\n<\/ul>\n<\/div>\n<div class=\"celdadescripcion\">\n<table class=\"egt1\" style=\"margin-bottom: 0px;\" width=\"100%\">\n<tbody>\n<tr>\n<td>\n<p style=\"text-align: center;\"><img decoding=\"async\" loading=\"lazy\" class=\"\" src=\"https:\/\/www.ebabyusa.net\/ebaby-ecuador\/wp-content\/uploads\/2020\/12\/PICTOGRAMAS-10-8.png\" width=\"71\" height=\"70\" \/><\/p>\n<div style=\"text-align: center;\">Bandeja fija<\/div>\n<div style=\"text-align: center;\">con portavaso<\/div>\n<\/td>\n<td><\/td>\n<td>\n<div style=\"text-align: center;\"><img decoding=\"async\" loading=\"lazy\" class=\"alignnone wp-image-37387\" src=\"https:\/\/www.ebabyusa.net\/ebaby-ecuador\/wp-content\/uploads\/2022\/06\/PICTOGRAMAS-3-PUNTOS-300x300.png\" alt=\"\" width=\"70\" height=\"70\" srcset=\"https:\/\/www.ebabyusa.net\/ebaby-ecuador\/wp-content\/uploads\/2022\/06\/PICTOGRAMAS-3-PUNTOS-300x300.png 300w, https:\/\/www.ebabyusa.net\/ebaby-ecuador\/wp-content\/uploads\/2022\/06\/PICTOGRAMAS-3-PUNTOS-1024x1024.png 1024w, https:\/\/www.ebabyusa.net\/ebaby-ecuador\/wp-content\/uploads\/2022\/06\/PICTOGRAMAS-3-PUNTOS-150x150.png 150w, https:\/\/www.ebabyusa.net\/ebaby-ecuador\/wp-content\/uploads\/2022\/06\/PICTOGRAMAS-3-PUNTOS-768x768.png 768w, https:\/\/www.ebabyusa.net\/ebaby-ecuador\/wp-content\/uploads\/2022\/06\/PICTOGRAMAS-3-PUNTOS-600x600.png 600w, https:\/\/www.ebabyusa.net\/ebaby-ecuador\/wp-content\/uploads\/2022\/06\/PICTOGRAMAS-3-PUNTOS-100x100.png 100w, https:\/\/www.ebabyusa.net\/ebaby-ecuador\/wp-content\/uploads\/2022\/06\/PICTOGRAMAS-3-PUNTOS.png 1162w\" sizes=\"(max-width: 70px) 100vw, 70px\" \/><\/div>\n<div style=\"text-align: center;\">Sistema de seguridad<\/div>\n<div style=\"text-align: center;\">de 3 puntos<\/div>\n<\/td>\n<\/tr>\n<tr>\n<td style=\"text-align: center;\">&nbsp;<\/p>\n<p><img decoding=\"async\" loading=\"lazy\" class=\"alignnone wp-image-37386\" src=\"https:\/\/www.ebabyusa.net\/ebaby-ecuador\/wp-content\/uploads\/2022\/06\/PICTOGRAMAS-edad-300x300.jpg\" alt=\"\" width=\"66\" height=\"66\" srcset=\"https:\/\/www.ebabyusa.net\/ebaby-ecuador\/wp-content\/uploads\/2022\/06\/PICTOGRAMAS-edad-300x300.jpg 300w, https:\/\/www.ebabyusa.net\/ebaby-ecuador\/wp-content\/uploads\/2022\/06\/PICTOGRAMAS-edad-150x150.jpg 150w, https:\/\/www.ebabyusa.net\/ebaby-ecuador\/wp-content\/uploads\/2022\/06\/PICTOGRAMAS-edad-100x100.jpg 100w, https:\/\/www.ebabyusa.net\/ebaby-ecuador\/wp-content\/uploads\/2022\/06\/PICTOGRAMAS-edad.jpg 554w\" sizes=\"(max-width: 66px) 100vw, 66px\" \/><\/p>\n<div style=\"text-align: center;\">6 meses a 3 a\u00f1os<\/div>\n<div>15 Kg. Max.<\/div>\n<\/td>\n<td><\/td>\n<td>\n<div style=\"text-align: center;\">\n<p><img decoding=\"async\" loading=\"lazy\" class=\"alignnone wp-image-37389\" src=\"https:\/\/www.ebabyusa.net\/ebaby-ecuador\/wp-content\/uploads\/2022\/06\/PICTOGRAMA-REPOSAP-300x300.png\" alt=\"\" width=\"70\" height=\"70\" srcset=\"https:\/\/www.ebabyusa.net\/ebaby-ecuador\/wp-content\/uploads\/2022\/06\/PICTOGRAMA-REPOSAP-300x300.png 300w, https:\/\/www.ebabyusa.net\/ebaby-ecuador\/wp-content\/uploads\/2022\/06\/PICTOGRAMA-REPOSAP-150x150.png 150w, https:\/\/www.ebabyusa.net\/ebaby-ecuador\/wp-content\/uploads\/2022\/06\/PICTOGRAMA-REPOSAP-100x100.png 100w, https:\/\/www.ebabyusa.net\/ebaby-ecuador\/wp-content\/uploads\/2022\/06\/PICTOGRAMA-REPOSAP.png 433w\" sizes=\"(max-width: 70px) 100vw, 70px\" \/><\/p>\n<div style=\"text-align: center;\">Incluye reposapi\u00e9s<\/div>\n<\/div>\n<\/td>\n<\/tr>\n<\/tbody>\n<\/table>\n<\/div>\n","protected":false},"excerpt":{"rendered":"<p>Cuenta con el asiento s\u00faper confortable que permite que tu beb\u00e9 est\u00e9 siempre c\u00f3modo en la hora de comer. Ebaby trabaja siempre con elementos de la mejor calidad.<\/p>\n<table class=\"egt\" style=\"margin-bottom: 0px;\" width=\"100%\">\n<tbody>\n<tr>\n<td>Marca<\/td>\n<td><\/td>\n<td>\n<div style=\"text-align: right;\">ebaby<\/div>\n<\/td>\n<\/tr>\n<\/tbody>\n<\/table>\n<div style=\"border-top: 1px dashed #8d8c8c;\"><\/div>\n<table class=\"egt\" style=\"margin-bottom: 0px;\" width=\"100%\">\n<tbody>\n<tr>\n<td>Capacidad<\/td>\n<td><\/td>\n<td>\n<div style=\"text-align: right;\">15 kg<\/div>\n<\/td>\n<\/tr>\n<\/tbody>\n<\/table>\n<div style=\"border-top: 1px dashed #8d8c8c;\"><\/div>\n<table class=\"egt\" style=\"margin-bottom: 0px;\" width=\"100%\">\n<tbody>\n<tr>\n<td>Material Principal<\/td>\n<td><\/td>\n<td>\n<div style=\"text-align: right;\">Metal<\/div>\n<\/td>\n<\/tr>\n<\/tbody>\n<\/table>\n","protected":false},"featured_media":37410,"comment_status":"open","ping_status":"closed","template":"","meta":[],"product_cat":[330,149,353],"product_tag":[169,324,327,329],"_links":{"self":[{"href":"https:\/\/www.ebabyusa.net\/ebaby-ecuador\/wp-json\/wp\/v2\/product\/37409"}],"collection":[{"href":"https:\/\/www.ebabyusa.net\/ebaby-ecuador\/wp-json\/wp\/v2\/product"}],"about":[{"href":"https:\/\/www.ebabyusa.net\/ebaby-ecuador\/wp-json\/wp\/v2\/types\/product"}],"replies":[{"embeddable":true,"href":"https:\/\/www.ebabyusa.net\/ebaby-ecuador\/wp-json\/wp\/v2\/comments?post=37409"}],"version-history":[{"count":3,"href":"https:\/\/www.ebabyusa.net\/ebaby-ecuador\/wp-json\/wp\/v2\/product\/37409\/revisions"}],"predecessor-version":[{"id":38585,"href":"https:\/\/www.ebabyusa.net\/ebaby-ecuador\/wp-json\/wp\/v2\/product\/37409\/revisions\/38585"}],"wp:featuredmedia":[{"embeddable":true,"href":"https:\/\/www.ebabyusa.net\/ebaby-ecuador\/wp-json\/wp\/v2\/media\/37410"}],"wp:attachment":[{"href":"https:\/\/www.ebabyusa.net\/ebaby-ecuador\/wp-json\/wp\/v2\/media?parent=37409"}],"wp:term":[{"taxonomy":"product_cat","embeddable":true,"href":"https:\/\/www.ebabyusa.net\/ebaby-ecuador\/wp-json\/wp\/v2\/product_cat?post=37409"},{"taxonomy":"product_tag","embeddable":true,"href":"https:\/\/www.ebabyusa.net\/ebaby-ecuador\/wp-json\/wp\/v2\/product_tag?post=37409"}],"curies":[{"name":"wp","href":"https:\/\/api.w.org\/{rel}","templated":true}]}}