{"id":36846,"date":"2021-09-25T21:12:19","date_gmt":"2021-09-25T21:12:19","guid":{"rendered":"https:\/\/www.ebabyusa.net\/ebaby-ecuador\/?post_type=product&#038;p=36846"},"modified":"2022-11-23T22:14:48","modified_gmt":"2022-11-23T22:14:48","slug":"portabebe-luna-ebaby-rojo-eb510rj","status":"publish","type":"product","link":"https:\/\/www.ebabyusa.net\/ebaby-ecuador\/tienda\/sillas-de-auto\/porta-bebe\/portabebe-luna-ebaby-rojo-eb510rj\/","title":{"rendered":"PORTABEBE LUNA EBABY ROJO &#8211; EB510RJ"},"content":{"rendered":"<div class=\"celdadescripcion\">\n<h4 style=\"color: #005d7e;\"><strong><strong style=\"color: #005d7e; font-size: 18px;\">Caracter\u00edsticas Principales del<\/strong> PORTABEB\u00c9 LUNA \u2013 EB510RJ:<\/strong><\/h4>\n<ul style=\"list-style: disc !important; margin-left: 10px !important;\">\n<li>Acolchado extra removible<\/li>\n<li>Cintur\u00f3n de seguridad de 3 puntos<\/li>\n<li>Capota\u00a0 expandible<\/li>\n<li>Mango regulable<\/li>\n<li>Aprobado por la norma ECE R 44\/04<\/li>\n<\/ul>\n<\/div>\n<div class=\"celdadescripcion\">\n<table class=\"egt1\" style=\"margin-bottom: 0px;\" width=\"100%\">\n<tbody>\n<tr>\n<td>\n<p style=\"text-align: center;\"><img decoding=\"async\" loading=\"lazy\" class=\"\" src=\"https:\/\/www.ebabyusa.net\/ebaby-ecuador\/wp-content\/uploads\/2020\/12\/PICTOGRAMAS-17-1.png\" width=\"76\" height=\"76\" \/><\/p>\n<p style=\"text-align: center;\">Mango regulable<\/p>\n<\/td>\n<td><\/td>\n<td>\n<div style=\"text-align: center;\"><img decoding=\"async\" loading=\"lazy\" class=\"alignnone wp-image-20364\" src=\"https:\/\/www.ebabyusa.net\/ebaby-ecuador\/wp-content\/uploads\/2021\/02\/PICTOGRAMAS-05.png\" alt=\"\" width=\"70\" height=\"70\" \/><\/div>\n<div style=\"text-align: center;\">Cintur\u00f3n de seguridad<\/div>\n<div style=\"text-align: center;\">de 3 puntos<\/div>\n<\/td>\n<\/tr>\n<tr>\n<td style=\"text-align: center;\">\n<div><\/div>\n<div><img decoding=\"async\" loading=\"lazy\" class=\"\" src=\"https:\/\/www.ebabyusa.net\/ebaby-ecuador\/wp-content\/uploads\/2020\/12\/PICTOGRAMAS-01-5.png\" width=\"76\" height=\"75\" \/><\/div>\n<div>Capota expandible<\/div>\n<div><\/div>\n<div><\/div>\n<\/td>\n<td style=\"text-align: center;\"><\/td>\n<td>\n<div style=\"text-align: center;\"><img decoding=\"async\" loading=\"lazy\" class=\"\" src=\"https:\/\/www.ebabyusa.net\/ebaby-ecuador\/wp-content\/uploads\/2020\/12\/PICTOGRAMAS-03-1.png\" width=\"73\" height=\"73\" \/><\/div>\n<div style=\"text-align: center;\">Extra acolchado<\/div>\n<div><\/div>\n<\/td>\n<\/tr>\n<\/tbody>\n<\/table>\n<\/div>\n","protected":false},"excerpt":{"rendered":"<p>Cuenta con un asiento s\u00faper acolchado que permite transportar a tu beb\u00e9 c\u00f3modamente. Ebaby trabaja siempre con elementos de la mejor calidad.<\/p>\n<table class=\"egt\" style=\"margin-bottom: 0px;\" width=\"100%\">\n<tbody>\n<tr>\n<td>Marca<\/td>\n<td><\/td>\n<td>\n<div style=\"text-align: right;\">ebaby<\/div>\n<\/td>\n<\/tr>\n<\/tbody>\n<\/table>\n<div style=\"border-top: 1px dashed #8d8c8c;\"><\/div>\n<table class=\"egt\" style=\"margin-bottom: 0px;\" width=\"100%\">\n<tbody>\n<tr>\n<td>Capacidad<\/td>\n<td><\/td>\n<td>\n<div style=\"text-align: right;\">13 kg<\/div>\n<\/td>\n<\/tr>\n<\/tbody>\n<\/table>\n<div style=\"border-top: 1px dashed #8d8c8c;\"><\/div>\n<table class=\"egt\" style=\"margin-bottom: 0px;\" width=\"100%\">\n<tbody>\n<tr>\n<td>Material Principal<\/td>\n<td><\/td>\n<td>\n<div style=\"text-align: right;\">Metal<\/div>\n<\/td>\n<\/tr>\n<\/tbody>\n<\/table>\n","protected":false},"featured_media":14011,"comment_status":"open","ping_status":"closed","template":"","meta":[],"product_cat":[337,340],"product_tag":[169,324,341],"_links":{"self":[{"href":"https:\/\/www.ebabyusa.net\/ebaby-ecuador\/wp-json\/wp\/v2\/product\/36846"}],"collection":[{"href":"https:\/\/www.ebabyusa.net\/ebaby-ecuador\/wp-json\/wp\/v2\/product"}],"about":[{"href":"https:\/\/www.ebabyusa.net\/ebaby-ecuador\/wp-json\/wp\/v2\/types\/product"}],"replies":[{"embeddable":true,"href":"https:\/\/www.ebabyusa.net\/ebaby-ecuador\/wp-json\/wp\/v2\/comments?post=36846"}],"version-history":[{"count":2,"href":"https:\/\/www.ebabyusa.net\/ebaby-ecuador\/wp-json\/wp\/v2\/product\/36846\/revisions"}],"predecessor-version":[{"id":36913,"href":"https:\/\/www.ebabyusa.net\/ebaby-ecuador\/wp-json\/wp\/v2\/product\/36846\/revisions\/36913"}],"wp:featuredmedia":[{"embeddable":true,"href":"https:\/\/www.ebabyusa.net\/ebaby-ecuador\/wp-json\/wp\/v2\/media\/14011"}],"wp:attachment":[{"href":"https:\/\/www.ebabyusa.net\/ebaby-ecuador\/wp-json\/wp\/v2\/media?parent=36846"}],"wp:term":[{"taxonomy":"product_cat","embeddable":true,"href":"https:\/\/www.ebabyusa.net\/ebaby-ecuador\/wp-json\/wp\/v2\/product_cat?post=36846"},{"taxonomy":"product_tag","embeddable":true,"href":"https:\/\/www.ebabyusa.net\/ebaby-ecuador\/wp-json\/wp\/v2\/product_tag?post=36846"}],"curies":[{"name":"wp","href":"https:\/\/api.w.org\/{rel}","templated":true}]}}