{"id":14272,"date":"2020-12-20T04:42:37","date_gmt":"2020-12-20T04:42:37","guid":{"rendered":"https:\/\/ebabyusa.net\/peru\/?page_id=14272"},"modified":"2020-12-20T04:42:37","modified_gmt":"2020-12-20T04:42:37","slug":"nosotros","status":"publish","type":"page","link":"https:\/\/www.ebabyusa.net\/ebaby-ecuador\/nosotros\/","title":{"rendered":"NOSOTROS"},"content":{"rendered":"\t\t<div data-elementor-type=\"wp-page\" data-elementor-id=\"14272\" class=\"elementor elementor-14272\" data-elementor-settings=\"[]\">\n\t\t\t\t\t\t<div class=\"elementor-inner\">\n\t\t\t\t\t\t\t<div class=\"elementor-section-wrap\">\n\t\t\t\t\t\t\t<section class=\"elementor-section elementor-top-section elementor-element elementor-element-b801dd1 elementor-section-boxed elementor-section-height-default elementor-section-height-default wd-section-disabled\" data-id=\"b801dd1\" data-element_type=\"section\">\n\t\t\t\t\t\t<div class=\"elementor-container elementor-column-gap-default\">\n\t\t\t\t\t\t\t<div class=\"elementor-row\">\n\t\t\t\t\t<div class=\"elementor-column elementor-col-100 elementor-top-column elementor-element elementor-element-c07e8bc\" data-id=\"c07e8bc\" data-element_type=\"column\">\n\t\t\t<div class=\"elementor-column-wrap elementor-element-populated\">\n\t\t\t\t\t\t\t<div class=\"elementor-widget-wrap\">\n\t\t\t\t\t\t<div class=\"elementor-element elementor-element-b1bd579 color-scheme-inherit text-left elementor-widget elementor-widget-text-editor\" data-id=\"b1bd579\" data-element_type=\"widget\" data-widget_type=\"text-editor.default\">\n\t\t\t\t<div class=\"elementor-widget-container\">\n\t\t\t\t\t<div class=\"elementor-text-editor elementor-clearfix\"><h2>EBABY ECUADOR<\/h2>\n<p>Somos una empresa l\u00edder en el rubro, nos respaldan m\u00e1s de 20 a\u00f1os de experiencia en el mercado, nuestros productos satisfacen tanto el mercado nacional como internacional, actualmente estamos presentes en USA, Per\u00fa, Colombia, Ecuador y Chile, brindado productos modernos de alta calidad, gui\u00e1ndonos siempre de las nuevas tendencias internacionales.<\/p>\n<p>Ebaby es una familia que alberga m\u00e1s de 100 colaboradores a nivel internacional, trabajando conjuntamente y d\u00eda a d\u00eda, con la finalidad de hacer que la experiencia de ser padres sea aun m\u00e1s placentera y mucho m\u00e1s pr\u00e1ctica hoy en d\u00eda, ofreciendo toda la gama de nuestros productos.<\/p>\n<h2>NUESTRA MISI\u00d3N<\/h2>\n<p>Comercializamos y distribuimos art\u00edculos de beb\u00e9s a nivel nacional, de alta calidad, satisfaciendo las necesidades y exigencias de nuestros clientes.<\/p>\n<h2><strong>NUESTRA VISI\u00d3N<\/strong><\/h2>\n<p>Ser reconocidos como la marca l\u00edder a nivel nacional en el rubro de beb\u00e9s por la calidad en nuestros productos y la constante modernizaci\u00f3n de nuestros modelos, sentando nuestras bases en la calidad y las recientes tendencias a\u00f1o con a\u00f1o.<\/p><\/div>\n\t\t\t\t<\/div>\n\t\t\t\t<\/div>\n\t\t\t\t\t\t<\/div>\n\t\t\t\t\t<\/div>\n\t\t<\/div>\n\t\t\t\t\t\t\t\t<\/div>\n\t\t\t\t\t<\/div>\n\t\t<\/section>\n\t\t\t\t\t\t<\/div>\n\t\t\t\t\t\t<\/div>\n\t\t\t\t\t<\/div>\n\t\t","protected":false},"excerpt":{"rendered":"<p>EBABY ECUADOR Somos una empresa l\u00edder en el rubro, nos respaldan m\u00e1s de 20 a\u00f1os de experiencia en el mercado,<\/p>\n","protected":false},"author":1812,"featured_media":0,"parent":0,"menu_order":0,"comment_status":"closed","ping_status":"closed","template":"","meta":[],"_links":{"self":[{"href":"https:\/\/www.ebabyusa.net\/ebaby-ecuador\/wp-json\/wp\/v2\/pages\/14272"}],"collection":[{"href":"https:\/\/www.ebabyusa.net\/ebaby-ecuador\/wp-json\/wp\/v2\/pages"}],"about":[{"href":"https:\/\/www.ebabyusa.net\/ebaby-ecuador\/wp-json\/wp\/v2\/types\/page"}],"author":[{"embeddable":true,"href":"https:\/\/www.ebabyusa.net\/ebaby-ecuador\/wp-json\/wp\/v2\/users\/1812"}],"replies":[{"embeddable":true,"href":"https:\/\/www.ebabyusa.net\/ebaby-ecuador\/wp-json\/wp\/v2\/comments?post=14272"}],"version-history":[{"count":0,"href":"https:\/\/www.ebabyusa.net\/ebaby-ecuador\/wp-json\/wp\/v2\/pages\/14272\/revisions"}],"wp:attachment":[{"href":"https:\/\/www.ebabyusa.net\/ebaby-ecuador\/wp-json\/wp\/v2\/media?parent=14272"}],"curies":[{"name":"wp","href":"https:\/\/api.w.org\/{rel}","templated":true}]}}