{"id":13091,"date":"2020-12-20T03:43:47","date_gmt":"2020-12-20T03:43:47","guid":{"rendered":"https:\/\/ebabyusa.net\/peru\/?page_id=13091"},"modified":"2021-05-12T20:49:33","modified_gmt":"2021-05-12T20:49:33","slug":"terminos-y-condiciones-en-virtual","status":"publish","type":"page","link":"https:\/\/www.ebabyusa.net\/ebaby-ecuador\/terminos-y-condiciones-en-virtual\/","title":{"rendered":"T\u00e9rminos y Condiciones en\u00a0VIRTUAL\u00a0"},"content":{"rendered":"\t\t<div data-elementor-type=\"wp-page\" data-elementor-id=\"13091\" class=\"elementor elementor-13091\" data-elementor-settings=\"[]\">\n\t\t\t\t\t\t<div class=\"elementor-inner\">\n\t\t\t\t\t\t\t<div class=\"elementor-section-wrap\">\n\t\t\t\t\t\t\t<section class=\"elementor-section elementor-top-section elementor-element elementor-element-8a6ad88 elementor-section-boxed elementor-section-height-default elementor-section-height-default wd-section-disabled\" data-id=\"8a6ad88\" data-element_type=\"section\">\n\t\t\t\t\t\t<div class=\"elementor-container elementor-column-gap-default\">\n\t\t\t\t\t\t\t<div class=\"elementor-row\">\n\t\t\t\t\t<div class=\"elementor-column elementor-col-100 elementor-top-column elementor-element elementor-element-50270ac\" data-id=\"50270ac\" data-element_type=\"column\">\n\t\t\t<div class=\"elementor-column-wrap elementor-element-populated\">\n\t\t\t\t\t\t\t<div class=\"elementor-widget-wrap\">\n\t\t\t\t\t\t<div class=\"elementor-element elementor-element-ee7d566 color-scheme-inherit text-left elementor-widget elementor-widget-text-editor\" data-id=\"ee7d566\" data-element_type=\"widget\" data-widget_type=\"text-editor.default\">\n\t\t\t\t<div class=\"elementor-widget-container\">\n\t\t\t\t\t<div class=\"elementor-text-editor elementor-clearfix\"><p><strong>I.- CONDICIONES DE VENTA<\/strong><\/p><p>Las acciones efectuadas a trav\u00e9s de la <strong>TIENDA VIRTUAL EBABY ECUADOR<\/strong>\u202f mediante el portal web www.ebabyusa.net\/ebaby-ecuador se sujetan a los presentes t\u00e9rminos y condiciones, as\u00ed como a la legislaci\u00f3n ecuatoriana vigente.<\/p><p>Cualquier compra que se realice a trav\u00e9s de\u202fla <strong>TIENDA VIRTUAL EBABY ECUADOR, <\/strong>a quien en adelante se denominar\u00e1 <strong>VIRTUAL ECUADOR<\/strong> est\u00e1 sujeta a\u202f los t\u00e9rminos y condiciones de ventas descritos a continuaci\u00f3n. Cualquier persona que realice un pedido de compra en \u202fwww.ebabyusa.net\/ebaby-ecuador\u202fdeber\u00e1 conocer y aceptar todas y cada una de las condiciones descritas a continuaci\u00f3n. El cliente expresa su aceptaci\u00f3n a los T\u00e9rminos y Condiciones al hacer click en <strong>\u201cHe le\u00eddo y acepto los t\u00e9rminos y condiciones<\/strong>\u201d. El registro del cliente en este sitio constituye una condici\u00f3n indispensable para comprar productos a trav\u00e9s del mismo. Para ello, el cliente debe registrar sus datos b\u00e1sicos como nombres y apellidos completos, tipo de comprobante de pago, direcci\u00f3n domiciliaria y tel\u00e9fonos en la p\u00e1gina de registro en www.ebabyusa.net\/ebaby-ecuador, datos que <strong>EBABY ECUADOR S.A.<\/strong> almacenar\u00e1 de manera segura. El registro del cliente en el sitio implica el conocimiento y aceptaci\u00f3n de los t\u00e9rminos y condiciones de ventas descritos en el presente documento.<\/p><ol><li>Al registrarse en la web\u202febabyusa.net\/ebaby-ecuador, el cliente deber\u00e1 ingresar su correo electr\u00f3nico y contrase\u00f1a de registro. Dicha contrase\u00f1a deber\u00e1 ser de 6 d\u00edgitos alfanum\u00e9ricos, el cual ser\u00e1 solicitado antes de efectuar cada compra. Esta contrase\u00f1a de registro es personal e intransferible.<\/li><\/ol><ol><li>La administraci\u00f3n de esta contrase\u00f1a es de absoluta responsabilidad del cliente y su acceso permite la compra. Su entrega a terceras personas o su utilizaci\u00f3n por dichas terceras personas no implicar\u00e1 responsabilidad alguna para <strong>EBABY ECUADOR S.A<\/strong>.<\/li><\/ol><ol><li>El cliente registrado en <strong>VIRTUAL EBABY <\/strong>puede disponer la rectificaci\u00f3n, actualizaci\u00f3n, eliminaci\u00f3n y\/o cancelaci\u00f3n de sus datos cuando lo estime conveniente. La recopilaci\u00f3n de datos tiene la finalidad para comunicar al cliente: promociones, ofertas, novedades y toda informaci\u00f3n con referencia a los productos y\/o servicios que <strong>EBABY ECUADOR S.A.<\/strong> tenga para ellos.<\/li><\/ol><ol><li>Los datos ser\u00e1n administrados por <strong>EBABY ECUADOR S.A.<\/strong> con el fin de mejorar la informaci\u00f3n y comercializaci\u00f3n de los productos y servicios prestados. Cualquier cambio con referencia a este punto ser\u00e1 informado.<\/li><\/ol><ol><li>El medio de pago se realiza a trav\u00e9s de <strong>DEP\u00d3SITO EN EFECTIVO<\/strong>, el n\u00famero de cuenta ser\u00e1 brindado al correo electr\u00f3nico y mostrado al finalizar el proceso de pedido en <strong>VIRTUAL EBABY<\/strong> luego que el cliente realice su pedido online.<\/li><\/ol><ol><li>Los precios y servicios exhibidos en el sitio de\u202febabyusa.net\/ebaby-ecuador son exclusivos para las compras efectuadas en <strong>VIRTUAL EBABY <\/strong>y no son aplicables en otras tiendas que ofrezcan productos con la marca EBABY.<\/li><\/ol><ol><li>Las compras realizadas\u202febabyusa.net\/ebaby-ecuador est\u00e1n sujetas a disponibilidad de stock.<\/li><\/ol><ol><li>Las condiciones para el uso de la garant\u00eda se encuentran en la parte inferior de t\u00e9rminos y condiciones.<strong> III CAMBIO, DEVOLUCIONES Y FALLAS DE PRODUCTO.<\/strong><\/li><\/ol><ol><li><strong>EBABY ECUADOR S.A.<\/strong> no se responsabiliza de informaci\u00f3n proporcionada por otros sitios web y las consecuencias derivadas de ello, especialmente cuando el acceso al sitio de <strong>VIRTUAL\u202fEBABY\u202f<\/strong>se ha efectuado a trav\u00e9s de un link o publicidad en sitios que no dispongan de contratos o alianzas con\u202febabyusa.net\/ebaby-ecuador.<\/li><\/ol><ol><li><strong>EBABY ECUADOR S.A.<\/strong> se reserva el derecho a modificar cualquier informaci\u00f3n contenida en ebabyusa.net\/ebaby-ecuador<\/li><\/ol><ol><li><strong>EBABY ECUADOR S.A.<\/strong>, dejar\u00e1 sin efecto las compras en las que los datos entregados por el cliente no sean ver\u00eddicos (Datos de EMPRESA), si ese fuese el caso el cliente tiene 48 horas siguientes a la orden de pedido para validar nuevamente los datos. Caso contrario <strong>VIRTUAL EBABY <\/strong>dejar\u00e1 sin efecto la orden de pedido (esto como medida de seguridad para el cliente).<\/li><\/ol><ol><li><strong>VIRTUAL EBABY <\/strong>anular\u00e1 las \u00f3rdenes de pedido a aquellos usuarios que no hayan realizado el <strong>DEP\u00d3SITO EN EFECTIVO<\/strong> a la cuenta bancaria de <strong>EBABY ECUADOR S.A. pasada las 48 horas luego de haber realizado el pedido a trav\u00e9s de <\/strong>ebabyusa.net\/ebaby-ecuador.<\/li><\/ol><ol><li>Se hace constar que en <strong>VIRTUAL EBABY <\/strong>todos los precios de los productos son en d\u00f3lares estadounidenses ($\/.), de igual manera los comprobantes de pago que se emiten son expresados en d\u00f3lares estadounidenses ($\/.)<\/li><\/ol><p><strong>II.- ENV\u00cdO DE PRODUCTO<\/strong><\/p><p>Una vez realizada la validaci\u00f3n de datos y pago del producto a trav\u00e9s de pago en efectivo en la <strong>CUENTA DE EBABY ECUADOR S.A., <\/strong>el cliente deber\u00e1 enviar la copia del Boucher de dep\u00f3sito o transferencia al correo ebabyec@hotmail.com de la siguiente manera:<\/p><ul><li>Asunto del email (Ejemplo: N\u00famero de orden de pedido)<\/li><\/ul><p>Una vez recibido el Boucher v\u00eda correo electr\u00f3nico, el cliente deber\u00e1 recibir un email de confirmaci\u00f3n sobre la recepci\u00f3n y conformidad del pago, caso contrario el cliente deber\u00e1 contactarse con <strong>EBABY ECUADOR S.A. <\/strong>para la confirmaci\u00f3n respectiva. Posteriormente se realizar\u00e1n los tr\u00e1mites necesarios para que los productos sean enviados a la direcci\u00f3n de despacho definida por el cliente.<\/p><p><strong>EBABY ECUADOR S.A. <\/strong>ofrece 2 programaciones de entrega sin costo adicional en los siguientes casos:<\/p><ol><li>En caso no se puede concluir la entrega, si en la direcci\u00f3n de destino no se encuentre la persona(s) disponible para la recepci\u00f3n del paquete.<\/li><li>En caso no se puede concluir la entrega, si las v\u00edas entrega no son las adecuadas o de f\u00e1cil acceso en el lugar de destino y\/o domicilio.<\/li><li>En caso no se puede concluir la entrega, debido a que la direcci\u00f3n de destino se encuentre errada.<\/li><\/ol><p><strong>*<\/strong> En relaci\u00f3n al punto 3 ser\u00e1 efectivo siempre que la direcci\u00f3n err\u00f3nea y la correcta est\u00e9n dentro del mismo distrito. Caso contrario se generar\u00e1 un costo adicional el cual cubierto por el cliente teniendo como premisa que el cliente es el responsable de brindar los datos correctos para la entrega exitosa del producto.<\/p><p>En caso que las 2 visitas no tuvieran \u00e9xito y\u202ffuera necesario coordinar una tercera visita de entrega de producto, el costo del env\u00edo ser\u00e1 cubierto en su totalidad por el cliente<strong>.<\/strong><\/p><p>Al llegar el pedido, es requisito indispensable que el cliente o recepcionista del producto revise detalladamente, y una vez conforme con la entrega, firme la Gu\u00eda de Remisi\u00f3n de Despacho que lo acompa\u00f1a. Una vez firmada la gu\u00eda de despacho conforme, de <strong>EBABY ECUADOR S.A.<\/strong> entiende que el producto(s) fue recibido a plena conformidad del cliente.<\/p><p>Es responsabilidad del cliente o recepcionista del producto el revisar totalmente el producto y accesorios, as\u00ed como tambi\u00e9n constatar la recepci\u00f3n de los manuales y\/o especificaciones de armado si lo hubiere).<\/p><p><strong>El cliente no deber\u00e1 realizar ning\u00fan pago al personal de despacho.<\/strong><\/p><p>El recepcionista del producto debe ser mayor de edad y presentar su documento de identidad.<\/p><p>En caso de no existir conformidad con la entrega, el cliente debe escribir sobre la gu\u00eda de remisi\u00f3n despacho el motivo del rechazo, y posteriormente comunicarse al email \u202fsales.ecuador@ebabyusa.net de manera que\u202f <strong>EBABY ECUADOR S.A. <\/strong>pueda buscar una soluci\u00f3n a la situaci\u00f3n planteada.<\/p><p><strong>HORARIO DE ATENCI\u00d3N DE VIRTUAL EBABY<\/strong><\/p><p>De lunes a viernes: de 9 am a 5:00 pm<\/p><p><strong>TIEMPO ESTIMADO DE ENTREGA DE PRODUCTO<\/strong><\/p><p>Guayaquil:<\/p><p>De 1 a 3 d\u00edas h\u00e1biles despu\u00e9s de realizado el pago<\/p><p>Provincia:<\/p><p>De 2 a 4\u202fd\u00edas\u202fh\u00e1biles despu\u00e9s de realizado el pago<\/p><p><strong>Toda compra que se realice despu\u00e9s del horario indicado, los S\u00e1bados, Domingos o Feriados ser\u00e1n atendidos al siguiente d\u00eda h\u00e1bil a partir de las 9 am.<\/strong><\/p><p><strong>SOBRE\u202fGARANT\u00cdA DE PRODUCTO<\/strong><\/p><p>\u2013\u202f\u202f\u202f\u202f\u202f\u202f Todos los productos adquiridos en www.ebabyusa.net\/ebaby-ecuador\/ tienen un plazo de 1 mes de garant\u00eda por fallas de fabricaci\u00f3n u origen.<\/p><p>\u2013 \u202f \u202f \u202fLa garant\u00eda no cubre los desperfectos o fallas debido al mal uso del producto.<\/p><p>\u2013 \u202f \u202f \u202fEl mes de la garant\u00eda son aplicados a partir del d\u00eda que se adquiere el producto, si dentro del mes se cambia una o m\u00e1s veces el producto y\/o alguna pieza la garant\u00eda seguir\u00e1 siendo v\u00e1lida por el mes restante.<\/p><p><strong>PROCEDIMIENTO DE USO DE LA GARANT\u00cdA: REPARACI\u00d3N,\u202fREEMPLAZO\u202fO EMISI\u00d3N DE NOTAS DE CR\u00c9DITO POR CAMBIO DE PRODUCTO<\/strong><\/p><p>El cliente informar\u00e1 a trav\u00e9s del correo ebabyec@hotmail.com indicando los datos ingresados en\u202fwww.ebabyusa.net\/ebaby-ecuador\/\u202fal momento de realizar la compra (nombre y apellido, empresa, tel\u00e9fono, direcci\u00f3n de y correo electr\u00f3nico). <strong>EBABY ECUADOR S.A.\u202f<\/strong>se comunicar\u00e1 con usted para indicarle el procedimiento del env\u00edo del producto.<\/p><p><strong>EBABY ECUADOR S.A.<\/strong> \u202ftiene un plazo de verificaci\u00f3n de producto de 10 d\u00edas h\u00e1biles en el servicio t\u00e9cnico para determinar si la falla se presenta por mal uso o ensamblaje incorrecto.<\/p><p>Si posterior a la verificaci\u00f3n se determina que la falla es originada por mal uso del cliente o ensamblaje incorrecto por parte del cliente, no se efectuar\u00e1 devoluci\u00f3n, reposici\u00f3n y\/o garant\u00eda alguna.<\/p><p>Si\u202fposterior a la verificaci\u00f3n se determina que la falla es de f\u00e1brica, <strong>EBABY ECUADOR S.A.<\/strong>\u202freemplazar\u00e1 la pieza fallida\u202fo \u202fsu completo reemplazo, en primera instancia, dentro un plazo m\u00e1ximo de 10 d\u00edas h\u00e1biles.<\/p><p>En caso <strong>EBABY ECUADOR S.A. <\/strong>no cuente con el stock para la reposici\u00f3n correspondiente se emitir\u00e1 la\u202f nota de cr\u00e9dito respectiva, la cual podr\u00e1 ser usada exclusivamente con los productos de la tienda <strong>VIRTUAL EBABY<\/strong><\/p><p>Si la Nota de Cr\u00e9dito es utilizada para un producto de mayor valor que el del adquirido, el cliente deber\u00e1 abonar la diferencia.<\/p><p>En caso que la nota de cr\u00e9dito sea utilizada para un producto de menor valor, <strong>EBABY ECUADOR S.A.<\/strong> no devolver\u00e1 la diferencia.<\/p><p><strong>Para hacer efectiva la Garant\u00eda el cliente debe:<\/strong><\/p><ul><li>Presentar Documento de identidad<\/li><li>Presentar el comprobante de venta.<\/li><li>Presentar orden de pedido generado a trav\u00e9s ebabyusa.net\/ebaby-ecuador<\/li><li>El Producto debe venir con la misma caja en el momento de la entrega y con todos sus componentes, accesorios y manuales.<\/li><li>En el caso de productos en promoci\u00f3n, se requiere la entrega de todos los productos incluidos con la promoci\u00f3n.<\/li><\/ul><\/div>\n\t\t\t\t<\/div>\n\t\t\t\t<\/div>\n\t\t\t\t\t\t<\/div>\n\t\t\t\t\t<\/div>\n\t\t<\/div>\n\t\t\t\t\t\t\t\t<\/div>\n\t\t\t\t\t<\/div>\n\t\t<\/section>\n\t\t\t\t\t\t<\/div>\n\t\t\t\t\t\t<\/div>\n\t\t\t\t\t<\/div>\n\t\t","protected":false},"excerpt":{"rendered":"<p>I.- CONDICIONES DE VENTA Las acciones efectuadas a trav\u00e9s de la TIENDA VIRTUAL EBABY ECUADOR\u202f mediante el portal web www.ebabyusa.net\/ebaby-ecuador<\/p>\n","protected":false},"author":1812,"featured_media":0,"parent":0,"menu_order":0,"comment_status":"closed","ping_status":"closed","template":"","meta":[],"_links":{"self":[{"href":"https:\/\/www.ebabyusa.net\/ebaby-ecuador\/wp-json\/wp\/v2\/pages\/13091"}],"collection":[{"href":"https:\/\/www.ebabyusa.net\/ebaby-ecuador\/wp-json\/wp\/v2\/pages"}],"about":[{"href":"https:\/\/www.ebabyusa.net\/ebaby-ecuador\/wp-json\/wp\/v2\/types\/page"}],"author":[{"embeddable":true,"href":"https:\/\/www.ebabyusa.net\/ebaby-ecuador\/wp-json\/wp\/v2\/users\/1812"}],"replies":[{"embeddable":true,"href":"https:\/\/www.ebabyusa.net\/ebaby-ecuador\/wp-json\/wp\/v2\/comments?post=13091"}],"version-history":[{"count":3,"href":"https:\/\/www.ebabyusa.net\/ebaby-ecuador\/wp-json\/wp\/v2\/pages\/13091\/revisions"}],"predecessor-version":[{"id":36454,"href":"https:\/\/www.ebabyusa.net\/ebaby-ecuador\/wp-json\/wp\/v2\/pages\/13091\/revisions\/36454"}],"wp:attachment":[{"href":"https:\/\/www.ebabyusa.net\/ebaby-ecuador\/wp-json\/wp\/v2\/media?parent=13091"}],"curies":[{"name":"wp","href":"https:\/\/api.w.org\/{rel}","templated":true}]}}