{"id":29336,"date":"2026-01-29T17:30:28","date_gmt":"2026-01-29T17:30:28","guid":{"rendered":"https:\/\/www.ebabyusa.net\/ebaby-colombia\/?post_type=product&#038;p=29336"},"modified":"2026-02-17T21:32:02","modified_gmt":"2026-02-17T21:32:02","slug":"coche-lineal-gemelar-kipto-dual-eb-1230","status":"publish","type":"product","link":"https:\/\/www.ebabyusa.net\/ebaby-colombia\/producto\/coche-lineal-gemelar-kipto-dual-eb-1230\/","title":{"rendered":"Coche mellicero KIPTO DUAL \u2013 EB1230"},"content":{"rendered":"<div class=\"celdadescripcion\">\n<h4 style=\"color: #005d7e;\"><strong>Caracter\u00edsticas Principales del COCHE MELLICERO KIPTO DUAL- EB 1230<\/strong><\/h4>\n<ul style=\"list-style: disc !important; margin-left: 10px !important;\">\n<li>\n<ul>\n<li>Tipo: Coche gemelar lineal.<\/li>\n<li>La edad m\u00e1xima recomendada para su uso es de 6 meses \u2013 3 a\u00f1os.<\/li>\n<li>Peso m\u00e1ximo de usuario: 15 kg por asiento.<\/li>\n<li>Plegado f\u00e1cil. (One hand)<\/li>\n<li>Ventanilla superior en capotas.<\/li>\n<li>Capota expandible semi completa regulable con bisagra (desmontable).<\/li>\n<li>Asiento delantero NO reclinable.<\/li>\n<li>Asiento trasero reclinable.<\/li>\n<li>Reposapi\u00e9s regulable.<\/li>\n<li>Cintur\u00f3n de seguridad de 5 puntos.<\/li>\n<li>Barrera protectora frontal extra\u00edble.<\/li>\n<li>Amplia canastilla. (capacidad 3 kg m\u00e1ximo)<\/li>\n<li>Bandeja frontal con 2 posavasos.<\/li>\n<li>2 Llantas traseras con freno unificado.<\/li>\n<li>2 Llantas delanteras giratorias con fijador de direcci\u00f3n<\/li>\n<li>Medidas de producto armado: 132 x 60 x 103.5 cm.<\/li>\n<li>Peso del producto: 13Kg<\/li>\n<\/ul>\n<h4>Caracter\u00edsticas adicionales de cada asiento:<\/h4>\n<h4><strong>Asiento delantero:<\/strong><\/h4>\n<ul>\n<li>Capacidad: 15 Kg m\u00e1ximo<\/li>\n<li>Cuenta con cubrepi\u00e9s.<\/li>\n<li>Incluye bandeja (2 posavasos)<\/li>\n<\/ul>\n<h4><strong>Asiento trasero:<\/strong><\/h4>\n<ul>\n<li>Capacidad: 15 Kg m\u00e1ximo<\/li>\n<li>Cuenta con multiposici\u00f3n<\/li>\n<\/ul>\n<\/li>\n<\/ul>\n<\/div>\n<div class=\"celdadescripcion\">\n<table class=\"egt1\" style=\"margin-bottom: 0px;\" width=\"100%\">\n<tbody>\n<tr>\n<td>\n<p style=\"text-align: center;\"><img decoding=\"async\" class=\"wp-image-15059 alignnone\" src=\"http:\/\/www.ebabyusa.net\/colombia\/wp-content\/uploads\/2020\/12\/PICTOGRAMAS-04-2.png\" alt=\"\" width=\"70\" height=\"70\" srcset=\"https:\/\/www.ebabyusa.net\/ebaby-colombia\/wp-content\/uploads\/2020\/12\/PICTOGRAMAS-04-2.png 273w, https:\/\/www.ebabyusa.net\/ebaby-colombia\/wp-content\/uploads\/2020\/12\/PICTOGRAMAS-04-2-100x100.png 100w, https:\/\/www.ebabyusa.net\/ebaby-colombia\/wp-content\/uploads\/2020\/12\/PICTOGRAMAS-04-2-150x150.png 150w\" sizes=\"(max-width: 70px) 100vw, 70px\" \/><\/p>\n<p style=\"text-align: center;\">Cintur\u00f3n de 5 puntos de seguridad<\/p>\n<\/td>\n<td><\/td>\n<td>\n<div style=\"text-align: center;\"><img decoding=\"async\" class=\"alignnone wp-image-29343\" src=\"https:\/\/www.ebabyusa.net\/ebaby-colombia\/wp-content\/uploads\/2026\/01\/PICTOGRAMAS-23-1.png\" alt=\"\" width=\"97\" height=\"97\" srcset=\"https:\/\/www.ebabyusa.net\/ebaby-colombia\/wp-content\/uploads\/2026\/01\/PICTOGRAMAS-23-1.png 273w, https:\/\/www.ebabyusa.net\/ebaby-colombia\/wp-content\/uploads\/2026\/01\/PICTOGRAMAS-23-1-150x150.png 150w, https:\/\/www.ebabyusa.net\/ebaby-colombia\/wp-content\/uploads\/2026\/01\/PICTOGRAMAS-23-1-100x100.png 100w\" sizes=\"(max-width: 97px) 100vw, 97px\" \/><\/div>\n<div style=\"text-align: center;\">Freno trasero unificado<\/div>\n<\/td>\n<\/tr>\n<tr>\n<td style=\"text-align: center;\"><img decoding=\"async\" class=\"alignnone wp-image-29341\" src=\"https:\/\/www.ebabyusa.net\/ebaby-colombia\/wp-content\/uploads\/2026\/01\/PICTOGRAMAS-32-1.png\" alt=\"\" width=\"85\" height=\"84\" srcset=\"https:\/\/www.ebabyusa.net\/ebaby-colombia\/wp-content\/uploads\/2026\/01\/PICTOGRAMAS-32-1.png 275w, https:\/\/www.ebabyusa.net\/ebaby-colombia\/wp-content\/uploads\/2026\/01\/PICTOGRAMAS-32-1-150x150.png 150w, https:\/\/www.ebabyusa.net\/ebaby-colombia\/wp-content\/uploads\/2026\/01\/PICTOGRAMAS-32-1-100x100.png 100w\" sizes=\"(max-width: 85px) 100vw, 85px\" \/><\/p>\n<p>Capotas individuales<\/td>\n<td><\/td>\n<td>\n<div style=\"text-align: center;\"><img loading=\"lazy\" decoding=\"async\" class=\"alignnone wp-image-29342\" src=\"https:\/\/www.ebabyusa.net\/ebaby-colombia\/wp-content\/uploads\/2026\/01\/PICTOGRAMAS-15.png\" alt=\"\" width=\"82\" height=\"83\" srcset=\"https:\/\/www.ebabyusa.net\/ebaby-colombia\/wp-content\/uploads\/2026\/01\/PICTOGRAMAS-15.png 273w, https:\/\/www.ebabyusa.net\/ebaby-colombia\/wp-content\/uploads\/2026\/01\/PICTOGRAMAS-15-150x150.png 150w, https:\/\/www.ebabyusa.net\/ebaby-colombia\/wp-content\/uploads\/2026\/01\/PICTOGRAMAS-15-100x100.png 100w\" sizes=\"(max-width: 82px) 100vw, 82px\" \/><br \/>\nReposapi\u00e9s ajustable.<\/div>\n<\/td>\n<\/tr>\n<\/tbody>\n<\/table>\n<p>&nbsp;<\/p>\n<\/div>\n","protected":false},"excerpt":{"rendered":"<div style=\"text-align: justify;\">\n<div>\n<p>Cuenta con el respaldar reclinable que permite que tus beb\u00e9s viajen y descansen c\u00f3modamente. Funci\u00f3n verano. Ebaby trabaja siempre con elementos de la mejor calidad<\/p>\n<\/div>\n<\/div>\n<table class=\"egt\" style=\"margin-bottom: 0px;\" width=\"100%\">\n<tbody>\n<tr>\n<td>Marca<\/td>\n<td><\/td>\n<td>\n<div style=\"text-align: right;\">Ebaby<\/div>\n<\/td>\n<\/tr>\n<\/tbody>\n<\/table>\n<div style=\"border-top: 1px dashed #8d8c8c;\"><\/div>\n<table class=\"egt\" style=\"margin-bottom: 0px;\" width=\"100%\">\n<tbody>\n<tr>\n<td>Capacidad<\/td>\n<td><\/td>\n<td>\n<div style=\"text-align: right;\">15 kg por asiento<\/div>\n<\/td>\n<\/tr>\n<\/tbody>\n<\/table>\n<div style=\"border-top: 1px dashed #8d8c8c;\"><\/div>\n<table class=\"egt\" style=\"margin-bottom: 0px;\" width=\"100%\">\n<tbody>\n<tr>\n<td>Material Principal<\/td>\n<td><\/td>\n<td>\n<div style=\"text-align: right;\">Metal<\/div>\n<\/td>\n<\/tr>\n<\/tbody>\n<\/table>\n<div style=\"border-top: 1px dashed #8d8c8c;\"><\/div>\n<table class=\"egt\" style=\"margin-bottom: 0px;\" width=\"100%\">\n<tbody>\n<tr>\n<td>Garant\u00eda<\/td>\n<td><\/td>\n<td>\n<div style=\"text-align: right;\">Tres (3) meses<\/div>\n<\/td>\n<\/tr>\n<\/tbody>\n<\/table>\n<div style=\"border-top: 1px dashed #8d8c8c;\"><\/div>\n","protected":false},"featured_media":29344,"comment_status":"open","ping_status":"closed","template":"","meta":[],"product_brand":[],"product_cat":[17,16,264,366],"product_tag":[169,363,371,370],"class_list":{"0":"post-29336","1":"product","2":"type-product","3":"status-publish","4":"has-post-thumbnail","6":"product_cat-coche-paseo","7":"product_cat-coches","8":"product_cat-nuevos","9":"product_cat-para-2","10":"product_tag-bebe","11":"product_tag-capota","12":"product_tag-coche","13":"product_tag-mellicero","15":"first","16":"instock","17":"sale","18":"shipping-taxable","19":"purchasable","20":"product-type-variable"},"_links":{"self":[{"href":"https:\/\/www.ebabyusa.net\/ebaby-colombia\/wp-json\/wp\/v2\/product\/29336","targetHints":{"allow":["GET"]}}],"collection":[{"href":"https:\/\/www.ebabyusa.net\/ebaby-colombia\/wp-json\/wp\/v2\/product"}],"about":[{"href":"https:\/\/www.ebabyusa.net\/ebaby-colombia\/wp-json\/wp\/v2\/types\/product"}],"replies":[{"embeddable":true,"href":"https:\/\/www.ebabyusa.net\/ebaby-colombia\/wp-json\/wp\/v2\/comments?post=29336"}],"version-history":[{"count":2,"href":"https:\/\/www.ebabyusa.net\/ebaby-colombia\/wp-json\/wp\/v2\/product\/29336\/revisions"}],"predecessor-version":[{"id":29347,"href":"https:\/\/www.ebabyusa.net\/ebaby-colombia\/wp-json\/wp\/v2\/product\/29336\/revisions\/29347"}],"wp:featuredmedia":[{"embeddable":true,"href":"https:\/\/www.ebabyusa.net\/ebaby-colombia\/wp-json\/wp\/v2\/media\/29344"}],"wp:attachment":[{"href":"https:\/\/www.ebabyusa.net\/ebaby-colombia\/wp-json\/wp\/v2\/media?parent=29336"}],"wp:term":[{"taxonomy":"product_brand","embeddable":true,"href":"https:\/\/www.ebabyusa.net\/ebaby-colombia\/wp-json\/wp\/v2\/product_brand?post=29336"},{"taxonomy":"product_cat","embeddable":true,"href":"https:\/\/www.ebabyusa.net\/ebaby-colombia\/wp-json\/wp\/v2\/product_cat?post=29336"},{"taxonomy":"product_tag","embeddable":true,"href":"https:\/\/www.ebabyusa.net\/ebaby-colombia\/wp-json\/wp\/v2\/product_tag?post=29336"}],"curies":[{"name":"wp","href":"https:\/\/api.w.org\/{rel}","templated":true}]}}