{"id":29324,"date":"2026-01-29T17:16:29","date_gmt":"2026-01-29T17:16:29","guid":{"rendered":"https:\/\/www.ebabyusa.net\/ebaby-colombia\/?post_type=product&#038;p=29324"},"modified":"2026-02-18T15:28:17","modified_gmt":"2026-02-18T15:28:17","slug":"silla-de-auto-dynamo-eb575","status":"publish","type":"product","link":"https:\/\/www.ebabyusa.net\/ebaby-colombia\/producto\/silla-de-auto-dynamo-eb575\/","title":{"rendered":"SILLA DE AUTO &#8211; DYNAMO EB575"},"content":{"rendered":"<div class=\"celdadescripcion\">\n<h4 style=\"color: #005d7e;\"><strong>Caracter\u00edsticas Principales de la SILLA DE AUTO DYNAMO-\u00a0 EB575<\/strong><\/h4>\n<ul style=\"list-style: disc !important; margin-left: 10px !important;\">\n<li>Cintur\u00f3n de seguridad de 5 puntos.<\/li>\n<li>F\u00e1cil instalaci\u00f3n<\/li>\n<li>Asiento con extra acolchado<\/li>\n<li>Forro extra\u00edble de f\u00e1cil lavado<\/li>\n<li>Acolchado extra\u00edble<\/li>\n<li>Asiento confortable<\/li>\n<li>Cabecera regulable<\/li>\n<li>EDAD DE USO: GRUPO 0+: 15 MESES M\u00c1X. &#8211; GRUPO 1: 4 A\u00d1OS M\u00c1X. &#8211; GRUPO 2\/3: 12 A\u00d1OS M\u00c1X.<\/li>\n<li>CAPACIDAD: <strong>36 KG. M\u00c1X<\/strong><\/li>\n<\/ul>\n<\/div>\n<div class=\"celdadescripcion\">\n<table class=\"egt1\" style=\"margin-bottom: 0px;\" width=\"100%\">\n<tbody>\n<tr>\n<td>\n<p style=\"text-align: center;\"><img decoding=\"async\" class=\"alignnone wp-image-29309\" src=\"https:\/\/www.ebabyusa.net\/ebaby-colombia\/wp-content\/uploads\/2026\/01\/pictogramas-para-catalogo-09.png\" alt=\"\" width=\"86\" height=\"86\" srcset=\"https:\/\/www.ebabyusa.net\/ebaby-colombia\/wp-content\/uploads\/2026\/01\/pictogramas-para-catalogo-09.png 197w, https:\/\/www.ebabyusa.net\/ebaby-colombia\/wp-content\/uploads\/2026\/01\/pictogramas-para-catalogo-09-150x150.png 150w, https:\/\/www.ebabyusa.net\/ebaby-colombia\/wp-content\/uploads\/2026\/01\/pictogramas-para-catalogo-09-100x100.png 100w\" sizes=\"(max-width: 86px) 100vw, 86px\" \/><br \/>\nCabecera regulable<\/p>\n<\/td>\n<td><\/td>\n<td>\n<div style=\"text-align: center;\"><img decoding=\"async\" class=\"alignnone wp-image-29329\" src=\"https:\/\/www.ebabyusa.net\/ebaby-colombia\/wp-content\/uploads\/2026\/01\/PICTOGRAMAS-04-1.png\" alt=\"\" width=\"84\" height=\"84\" srcset=\"https:\/\/www.ebabyusa.net\/ebaby-colombia\/wp-content\/uploads\/2026\/01\/PICTOGRAMAS-04-1.png 273w, https:\/\/www.ebabyusa.net\/ebaby-colombia\/wp-content\/uploads\/2026\/01\/PICTOGRAMAS-04-1-150x150.png 150w, https:\/\/www.ebabyusa.net\/ebaby-colombia\/wp-content\/uploads\/2026\/01\/PICTOGRAMAS-04-1-100x100.png 100w\" sizes=\"(max-width: 84px) 100vw, 84px\" \/><\/div>\n<div style=\"text-align: center;\">Cintur\u00f3n de seguridad de 5 puntos<\/div>\n<\/td>\n<\/tr>\n<tr>\n<td style=\"text-align: center;\"><img decoding=\"async\" class=\"alignnone wp-image-29316\" src=\"https:\/\/www.ebabyusa.net\/ebaby-colombia\/wp-content\/uploads\/2026\/01\/pictogramas-para-catalogo-11.png\" alt=\"\" width=\"83\" height=\"83\" srcset=\"https:\/\/www.ebabyusa.net\/ebaby-colombia\/wp-content\/uploads\/2026\/01\/pictogramas-para-catalogo-11.png 196w, https:\/\/www.ebabyusa.net\/ebaby-colombia\/wp-content\/uploads\/2026\/01\/pictogramas-para-catalogo-11-150x150.png 150w, https:\/\/www.ebabyusa.net\/ebaby-colombia\/wp-content\/uploads\/2026\/01\/pictogramas-para-catalogo-11-100x100.png 100w\" sizes=\"(max-width: 83px) 100vw, 83px\" \/><\/p>\n<p>Grupo 0+ (0 &#8211; 13 KG)<br \/>\nGrupo 1 (9 &#8211; 18 KG)<br \/>\nGrupo 2\/3 (15 &#8211; 36 KG)<\/td>\n<td><\/td>\n<td>\n<div style=\"text-align: center;\"><img loading=\"lazy\" decoding=\"async\" class=\"alignnone wp-image-29330\" src=\"https:\/\/www.ebabyusa.net\/ebaby-colombia\/wp-content\/uploads\/2026\/01\/PICTOGRAMAS-09-7-100x100-1.png\" alt=\"\" width=\"81\" height=\"81\" \/><br \/>\nAsiento confortable<\/div>\n<\/td>\n<\/tr>\n<\/tbody>\n<\/table>\n<p>&nbsp;<\/p>\n<\/div>\n","protected":false},"excerpt":{"rendered":"<div style=\"text-align: justify;\">\n<p>Cuenta con cintur\u00f3n de 5 puntos de seguridad que permite que tu beb\u00e9 viaje c\u00f3modo y seguro. Ebaby trabaja siempre con elementos de la mejor calidad.<\/p>\n<\/div>\n<table class=\"egt\" style=\"margin-bottom: 0px;\" width=\"100%\">\n<tbody>\n<tr>\n<td>Marca<\/td>\n<td><\/td>\n<td>\n<div style=\"text-align: right;\">Ebaby<\/div>\n<\/td>\n<\/tr>\n<\/tbody>\n<\/table>\n<div style=\"border-top: 1px dashed #8d8c8c;\"><\/div>\n<table class=\"egt\" style=\"margin-bottom: 0px;\" width=\"100%\">\n<tbody>\n<tr>\n<td>Capacidad<\/td>\n<td><\/td>\n<td>\n<div style=\"text-align: right;\">36 kg<\/div>\n<\/td>\n<\/tr>\n<\/tbody>\n<\/table>\n<div style=\"border-top: 1px dashed #8d8c8c;\"><\/div>\n<table class=\"egt\" style=\"margin-bottom: 0px;\" width=\"100%\">\n<tbody>\n<tr>\n<td>Material Principal<\/td>\n<td><\/td>\n<td>\n<div style=\"text-align: right;\">Pl\u00e1stico<\/div>\n<\/td>\n<\/tr>\n<\/tbody>\n<\/table>\n<div style=\"border-top: 1px dashed #8d8c8c;\"><\/div>\n<table class=\"egt\" style=\"margin-bottom: 0px;\" width=\"100%\">\n<tbody>\n<tr>\n<td>Garant\u00eda<\/td>\n<td><\/td>\n<td>\n<div style=\"text-align: right;\">Tres (3) meses<\/div>\n<\/td>\n<\/tr>\n<\/tbody>\n<\/table>\n<div style=\"border-top: 1px dashed #8d8c8c;\"><\/div>\n","protected":false},"featured_media":29332,"comment_status":"open","ping_status":"closed","template":"","meta":[],"product_brand":[],"product_cat":[264,147,329],"product_tag":[386,484,384,332],"class_list":{"0":"post-29324","1":"product","2":"type-product","3":"status-publish","4":"has-post-thumbnail","6":"product_cat-nuevos","7":"product_cat-sillas-de-auto","8":"product_cat-sillas-de-auto-paseo","9":"product_tag-acolchada","10":"product_tag-asiento-giratorio-360","11":"product_tag-seguridad","12":"product_tag-silla-de-auto","14":"first","15":"instock","16":"sale","17":"shipping-taxable","18":"purchasable","19":"product-type-variable"},"_links":{"self":[{"href":"https:\/\/www.ebabyusa.net\/ebaby-colombia\/wp-json\/wp\/v2\/product\/29324","targetHints":{"allow":["GET"]}}],"collection":[{"href":"https:\/\/www.ebabyusa.net\/ebaby-colombia\/wp-json\/wp\/v2\/product"}],"about":[{"href":"https:\/\/www.ebabyusa.net\/ebaby-colombia\/wp-json\/wp\/v2\/types\/product"}],"replies":[{"embeddable":true,"href":"https:\/\/www.ebabyusa.net\/ebaby-colombia\/wp-json\/wp\/v2\/comments?post=29324"}],"version-history":[{"count":1,"href":"https:\/\/www.ebabyusa.net\/ebaby-colombia\/wp-json\/wp\/v2\/product\/29324\/revisions"}],"predecessor-version":[{"id":29349,"href":"https:\/\/www.ebabyusa.net\/ebaby-colombia\/wp-json\/wp\/v2\/product\/29324\/revisions\/29349"}],"wp:featuredmedia":[{"embeddable":true,"href":"https:\/\/www.ebabyusa.net\/ebaby-colombia\/wp-json\/wp\/v2\/media\/29332"}],"wp:attachment":[{"href":"https:\/\/www.ebabyusa.net\/ebaby-colombia\/wp-json\/wp\/v2\/media?parent=29324"}],"wp:term":[{"taxonomy":"product_brand","embeddable":true,"href":"https:\/\/www.ebabyusa.net\/ebaby-colombia\/wp-json\/wp\/v2\/product_brand?post=29324"},{"taxonomy":"product_cat","embeddable":true,"href":"https:\/\/www.ebabyusa.net\/ebaby-colombia\/wp-json\/wp\/v2\/product_cat?post=29324"},{"taxonomy":"product_tag","embeddable":true,"href":"https:\/\/www.ebabyusa.net\/ebaby-colombia\/wp-json\/wp\/v2\/product_tag?post=29324"}],"curies":[{"name":"wp","href":"https:\/\/api.w.org\/{rel}","templated":true}]}}