{"id":29291,"date":"2026-01-29T16:07:33","date_gmt":"2026-01-29T16:07:33","guid":{"rendered":"https:\/\/www.ebabyusa.net\/ebaby-colombia\/?post_type=product&#038;p=29291"},"modified":"2026-02-18T15:31:30","modified_gmt":"2026-02-18T15:31:30","slug":"silla-de-auto-con-sistema-isofix-finn-eb573","status":"publish","type":"product","link":"https:\/\/www.ebabyusa.net\/ebaby-colombia\/producto\/silla-de-auto-con-sistema-isofix-finn-eb573\/","title":{"rendered":"SILLA DE AUTO CON SISTEMA ISOFIX &#8211; FINN EB573"},"content":{"rendered":"<div class=\"celdadescripcion\">\n<h4 style=\"color: #005d7e;\"><strong>Caracter\u00edsticas Principales de la SILLA DE AUTO FINN &#8211;\u00a0 EB573<\/strong><\/h4>\n<ul style=\"list-style: disc !important; margin-left: 10px !important;\">\n<li>Sistema de protecci\u00f3n ANTI-IMPACTO<\/li>\n<li>Sistema de anclaje ISOFIX<\/li>\n<li>Asiento reclinable<\/li>\n<li>Cabecera regulable<\/li>\n<li>Cintur\u00f3n de seguridad de 5 puntos<\/li>\n<li>Asiento con extra acolchado<\/li>\n<li>Asiento giratorio 360\u00b0<\/li>\n<li>EDAD DE USO:\u00a0 GRUPO 0+: 15 MESES M\u00c1X. &#8211; GRUPO 1: 4 A\u00d1OS M\u00c1X. &#8211; GRUPO 2\/3: 12 A\u00d1OS M\u00c1X.<\/li>\n<\/ul>\n<\/div>\n<div class=\"celdadescripcion\">\n<table class=\"egt1\" style=\"margin-bottom: 0px;\" width=\"100%\">\n<tbody>\n<tr>\n<td>\n<p style=\"text-align: center;\"><img decoding=\"async\" class=\"alignnone wp-image-29309\" src=\"https:\/\/www.ebabyusa.net\/ebaby-colombia\/wp-content\/uploads\/2026\/01\/pictogramas-para-catalogo-09.png\" alt=\"\" width=\"86\" height=\"86\" srcset=\"https:\/\/www.ebabyusa.net\/ebaby-colombia\/wp-content\/uploads\/2026\/01\/pictogramas-para-catalogo-09.png 197w, https:\/\/www.ebabyusa.net\/ebaby-colombia\/wp-content\/uploads\/2026\/01\/pictogramas-para-catalogo-09-150x150.png 150w, https:\/\/www.ebabyusa.net\/ebaby-colombia\/wp-content\/uploads\/2026\/01\/pictogramas-para-catalogo-09-100x100.png 100w\" sizes=\"(max-width: 86px) 100vw, 86px\" \/><br \/>\nCabecera regulable<\/p>\n<\/td>\n<td><\/td>\n<td>\n<div style=\"text-align: center;\"><img decoding=\"async\" class=\"alignnone wp-image-29305\" src=\"https:\/\/www.ebabyusa.net\/ebaby-colombia\/wp-content\/uploads\/2026\/01\/PICTOGRAMAS-01-2.png\" alt=\"\" width=\"82\" height=\"82\" srcset=\"https:\/\/www.ebabyusa.net\/ebaby-colombia\/wp-content\/uploads\/2026\/01\/PICTOGRAMAS-01-2.png 273w, https:\/\/www.ebabyusa.net\/ebaby-colombia\/wp-content\/uploads\/2026\/01\/PICTOGRAMAS-01-2-150x150.png 150w, https:\/\/www.ebabyusa.net\/ebaby-colombia\/wp-content\/uploads\/2026\/01\/PICTOGRAMAS-01-2-100x100.png 100w\" sizes=\"(max-width: 82px) 100vw, 82px\" \/><\/div>\n<div style=\"text-align: center;\">Asiento giratorio 360\u00b0<\/div>\n<\/td>\n<\/tr>\n<tr>\n<td style=\"text-align: center;\"><img decoding=\"async\" class=\"alignnone wp-image-29308\" src=\"https:\/\/www.ebabyusa.net\/ebaby-colombia\/wp-content\/uploads\/2026\/01\/pictogramas-para-catalogo-10.png\" alt=\"\" width=\"82\" height=\"82\" srcset=\"https:\/\/www.ebabyusa.net\/ebaby-colombia\/wp-content\/uploads\/2026\/01\/pictogramas-para-catalogo-10.png 196w, https:\/\/www.ebabyusa.net\/ebaby-colombia\/wp-content\/uploads\/2026\/01\/pictogramas-para-catalogo-10-150x150.png 150w, https:\/\/www.ebabyusa.net\/ebaby-colombia\/wp-content\/uploads\/2026\/01\/pictogramas-para-catalogo-10-100x100.png 100w\" sizes=\"(max-width: 82px) 100vw, 82px\" \/><\/p>\n<p>Sistema de protecci\u00f3n ANTI-IMPACTO<\/td>\n<td><\/td>\n<td>\n<div style=\"text-align: center;\"><img loading=\"lazy\" decoding=\"async\" class=\"alignnone wp-image-29303\" src=\"https:\/\/www.ebabyusa.net\/ebaby-colombia\/wp-content\/uploads\/2026\/01\/PICTOGRAMAS-04.png\" alt=\"\" width=\"79\" height=\"79\" srcset=\"https:\/\/www.ebabyusa.net\/ebaby-colombia\/wp-content\/uploads\/2026\/01\/PICTOGRAMAS-04.png 278w, https:\/\/www.ebabyusa.net\/ebaby-colombia\/wp-content\/uploads\/2026\/01\/PICTOGRAMAS-04-150x150.png 150w, https:\/\/www.ebabyusa.net\/ebaby-colombia\/wp-content\/uploads\/2026\/01\/PICTOGRAMAS-04-100x100.png 100w\" sizes=\"(max-width: 79px) 100vw, 79px\" \/><br \/>\nSistema de anclaje ISOFIX<\/div>\n<\/td>\n<\/tr>\n<\/tbody>\n<\/table>\n<p>&nbsp;<\/p>\n<\/div>\n","protected":false},"excerpt":{"rendered":"<div style=\"text-align: justify;\">\n<p>Cuenta con cintur\u00f3n de 5 puntos de seguridad y sistema anti-impacto que permite que tu beb\u00e9 viaje c\u00f3modo y seguro. Ebaby trabaja siempre con elementos de la mejor calidad.<\/p>\n<\/div>\n<table class=\"egt\" style=\"margin-bottom: 0px;\" width=\"100%\">\n<tbody>\n<tr>\n<td>Marca<\/td>\n<td><\/td>\n<td>\n<div style=\"text-align: right;\">Ebaby<\/div>\n<\/td>\n<\/tr>\n<\/tbody>\n<\/table>\n<div style=\"border-top: 1px dashed #8d8c8c;\"><\/div>\n<table class=\"egt\" style=\"margin-bottom: 0px;\" width=\"100%\">\n<tbody>\n<tr>\n<td>Capacidad<\/td>\n<td><\/td>\n<td>\n<div style=\"text-align: right;\">36 kg<\/div>\n<\/td>\n<\/tr>\n<\/tbody>\n<\/table>\n<div style=\"border-top: 1px dashed #8d8c8c;\"><\/div>\n<table class=\"egt\" style=\"margin-bottom: 0px;\" width=\"100%\">\n<tbody>\n<tr>\n<td>Material Principal<\/td>\n<td><\/td>\n<td>\n<div style=\"text-align: right;\">Pl\u00e1stico<\/div>\n<\/td>\n<\/tr>\n<\/tbody>\n<\/table>\n<div style=\"border-top: 1px dashed #8d8c8c;\"><\/div>\n<table class=\"egt\" style=\"margin-bottom: 0px;\" width=\"100%\">\n<tbody>\n<tr>\n<td>Garant\u00eda<\/td>\n<td><\/td>\n<td>\n<div style=\"text-align: right;\">Tres (3) meses<\/div>\n<\/td>\n<\/tr>\n<\/tbody>\n<\/table>\n<div style=\"border-top: 1px dashed #8d8c8c;\"><\/div>\n","protected":false},"featured_media":29300,"comment_status":"open","ping_status":"closed","template":"","meta":[],"product_brand":[],"product_cat":[264,329,147],"product_tag":[386,484,341,384,332],"class_list":{"0":"post-29291","1":"product","2":"type-product","3":"status-publish","4":"has-post-thumbnail","6":"product_cat-nuevos","7":"product_cat-sillas-de-auto-paseo","8":"product_cat-sillas-de-auto","9":"product_tag-acolchada","10":"product_tag-asiento-giratorio-360","11":"product_tag-isofix","12":"product_tag-seguridad","13":"product_tag-silla-de-auto","15":"first","16":"instock","17":"sale","18":"shipping-taxable","19":"purchasable","20":"product-type-variable"},"_links":{"self":[{"href":"https:\/\/www.ebabyusa.net\/ebaby-colombia\/wp-json\/wp\/v2\/product\/29291","targetHints":{"allow":["GET"]}}],"collection":[{"href":"https:\/\/www.ebabyusa.net\/ebaby-colombia\/wp-json\/wp\/v2\/product"}],"about":[{"href":"https:\/\/www.ebabyusa.net\/ebaby-colombia\/wp-json\/wp\/v2\/types\/product"}],"replies":[{"embeddable":true,"href":"https:\/\/www.ebabyusa.net\/ebaby-colombia\/wp-json\/wp\/v2\/comments?post=29291"}],"version-history":[{"count":5,"href":"https:\/\/www.ebabyusa.net\/ebaby-colombia\/wp-json\/wp\/v2\/product\/29291\/revisions"}],"predecessor-version":[{"id":29302,"href":"https:\/\/www.ebabyusa.net\/ebaby-colombia\/wp-json\/wp\/v2\/product\/29291\/revisions\/29302"}],"wp:featuredmedia":[{"embeddable":true,"href":"https:\/\/www.ebabyusa.net\/ebaby-colombia\/wp-json\/wp\/v2\/media\/29300"}],"wp:attachment":[{"href":"https:\/\/www.ebabyusa.net\/ebaby-colombia\/wp-json\/wp\/v2\/media?parent=29291"}],"wp:term":[{"taxonomy":"product_brand","embeddable":true,"href":"https:\/\/www.ebabyusa.net\/ebaby-colombia\/wp-json\/wp\/v2\/product_brand?post=29291"},{"taxonomy":"product_cat","embeddable":true,"href":"https:\/\/www.ebabyusa.net\/ebaby-colombia\/wp-json\/wp\/v2\/product_cat?post=29291"},{"taxonomy":"product_tag","embeddable":true,"href":"https:\/\/www.ebabyusa.net\/ebaby-colombia\/wp-json\/wp\/v2\/product_tag?post=29291"}],"curies":[{"name":"wp","href":"https:\/\/api.w.org\/{rel}","templated":true}]}}