{"id":28738,"date":"2025-10-01T18:45:53","date_gmt":"2025-10-01T18:45:53","guid":{"rendered":"https:\/\/www.ebabyusa.net\/ebaby-colombia\/?post_type=product&#038;p=28738"},"modified":"2026-03-16T15:32:03","modified_gmt":"2026-03-16T15:32:03","slug":"silla-de-comer-shine-eb634","status":"publish","type":"product","link":"https:\/\/www.ebabyusa.net\/ebaby-colombia\/producto\/silla-de-comer-shine-eb634\/","title":{"rendered":"SILLA DE COMER SHINE EB634"},"content":{"rendered":"<div class=\"celdadescripcion\">\n<h4><span style=\"color: #203ab0;\"><strong>Caracter\u00edsticas Principales de la SILLA DE COMER SHINE Q634:<\/strong><\/span><\/h4>\n<ul>\n<li>Bandeja extra\u00edble y ajustable.<\/li>\n<li>Doble bandeja.<\/li>\n<li>Cintur\u00f3n de seguridad de 3 puntos.<\/li>\n<li>Juguetes interactivos.<\/li>\n<li>Incluye llantas.<\/li>\n<li>Reposapi\u00e9s fijo.<\/li>\n<li>Asiento acolchado con tela impermeable.<\/li>\n<li>Tiene 4 funciones de uso: Nivel alto &#8211; Nivel bajo &#8211; Sillita con ruedas &#8211; Convertible en silla peque\u00f1a (Booster).<\/li>\n<\/ul>\n<\/div>\n<div class=\"celdadescripcion\">\n<table class=\"egt1\" style=\"margin-bottom: 0px;\" width=\"100%\">\n<tbody>\n<tr>\n<td>\n<p style=\"text-align: center;\"><img decoding=\"async\" class=\"alignnone wp-image-28743\" src=\"https:\/\/www.ebabyusa.net\/ebaby-colombia\/wp-content\/uploads\/2025\/10\/PICTOGRAMAS-05.png\" alt=\"\" width=\"77\" height=\"77\" srcset=\"https:\/\/www.ebabyusa.net\/ebaby-colombia\/wp-content\/uploads\/2025\/10\/PICTOGRAMAS-05.png 273w, https:\/\/www.ebabyusa.net\/ebaby-colombia\/wp-content\/uploads\/2025\/10\/PICTOGRAMAS-05-150x150.png 150w, https:\/\/www.ebabyusa.net\/ebaby-colombia\/wp-content\/uploads\/2025\/10\/PICTOGRAMAS-05-100x100.png 100w\" sizes=\"(max-width: 77px) 100vw, 77px\" \/><br \/>\nCintur\u00f3n de 3 puntos<\/p>\n<\/td>\n<td><\/td>\n<td>\n<div style=\"text-align: center;\"><img decoding=\"async\" class=\"alignnone wp-image-28754\" src=\"https:\/\/www.ebabyusa.net\/ebaby-colombia\/wp-content\/uploads\/2025\/10\/PICTOGRAMAS-05-1.png\" alt=\"\" width=\"86\" height=\"86\" srcset=\"https:\/\/www.ebabyusa.net\/ebaby-colombia\/wp-content\/uploads\/2025\/10\/PICTOGRAMAS-05-1.png 273w, https:\/\/www.ebabyusa.net\/ebaby-colombia\/wp-content\/uploads\/2025\/10\/PICTOGRAMAS-05-1-150x150.png 150w, https:\/\/www.ebabyusa.net\/ebaby-colombia\/wp-content\/uploads\/2025\/10\/PICTOGRAMAS-05-1-100x100.png 100w\" sizes=\"(max-width: 86px) 100vw, 86px\" \/><\/div>\n<div style=\"text-align: center;\">Altura regulable<\/div>\n<\/td>\n<\/tr>\n<tr>\n<td style=\"text-align: center;\"><img decoding=\"async\" class=\"alignnone wp-image-28745\" src=\"https:\/\/www.ebabyusa.net\/ebaby-colombia\/wp-content\/uploads\/2025\/10\/PICTOGRAMAS-06.png\" alt=\"\" width=\"80\" height=\"80\" srcset=\"https:\/\/www.ebabyusa.net\/ebaby-colombia\/wp-content\/uploads\/2025\/10\/PICTOGRAMAS-06.png 273w, https:\/\/www.ebabyusa.net\/ebaby-colombia\/wp-content\/uploads\/2025\/10\/PICTOGRAMAS-06-150x150.png 150w, https:\/\/www.ebabyusa.net\/ebaby-colombia\/wp-content\/uploads\/2025\/10\/PICTOGRAMAS-06-100x100.png 100w\" sizes=\"(max-width: 80px) 100vw, 80px\" \/><\/p>\n<p>Doble bandeja<\/td>\n<td><\/td>\n<td>\n<div style=\"text-align: center;\">\u00a0<img loading=\"lazy\" decoding=\"async\" class=\"alignnone wp-image-28746\" src=\"https:\/\/www.ebabyusa.net\/ebaby-colombia\/wp-content\/uploads\/2025\/10\/PICTOGRAMAS-08.png\" alt=\"\" width=\"80\" height=\"80\" srcset=\"https:\/\/www.ebabyusa.net\/ebaby-colombia\/wp-content\/uploads\/2025\/10\/PICTOGRAMAS-08.png 272w, https:\/\/www.ebabyusa.net\/ebaby-colombia\/wp-content\/uploads\/2025\/10\/PICTOGRAMAS-08-150x150.png 150w, https:\/\/www.ebabyusa.net\/ebaby-colombia\/wp-content\/uploads\/2025\/10\/PICTOGRAMAS-08-100x100.png 100w\" sizes=\"(max-width: 80px) 100vw, 80px\" \/><\/div>\n<div style=\"text-align: center;\">Asiento NO reclina<\/div>\n<\/td>\n<\/tr>\n<\/tbody>\n<\/table>\n<\/div>\n","protected":false},"excerpt":{"rendered":"<div style=\"text-align: justify;\">\n<p>Cuenta con el asiento s\u00faper confortable y acolchado que permite que tu beb\u00e9 est\u00e9 siempre c\u00f3modo en la hora de comer. Ebaby trabaja siempre con elementos de la mejor calidad.<\/p>\n<\/div>\n<table class=\"egt\" style=\"margin-bottom: 0px;\" width=\"100%\">\n<tbody>\n<tr>\n<td>Marca<\/td>\n<td><\/td>\n<td>\n<div style=\"text-align: right;\">Ebaby<\/div>\n<\/td>\n<\/tr>\n<\/tbody>\n<\/table>\n<div style=\"border-top: 1px dashed #8d8c8c;\"><\/div>\n<table class=\"egt\" style=\"margin-bottom: 0px;\" width=\"100%\">\n<tbody>\n<tr>\n<td>Capacidad<\/td>\n<td><\/td>\n<td>\n<div style=\"text-align: right;\">15 kg<\/div>\n<\/td>\n<\/tr>\n<\/tbody>\n<\/table>\n<div style=\"border-top: 1px dashed #8d8c8c;\"><\/div>\n<table class=\"egt\" style=\"margin-bottom: 0px;\" width=\"100%\">\n<tbody>\n<tr>\n<td>Material Principal<\/td>\n<td><\/td>\n<td>\n<div style=\"text-align: right;\">Metal<\/div>\n<\/td>\n<\/tr>\n<\/tbody>\n<\/table>\n<div style=\"border-top: 1px dashed #8d8c8c;\"><\/div>\n<table class=\"egt\" style=\"margin-bottom: 0px;\" width=\"100%\">\n<tbody>\n<tr>\n<td>Garant\u00eda<\/td>\n<td><\/td>\n<td>\n<div style=\"text-align: right;\">Tres (3) meses<\/div>\n<\/td>\n<\/tr>\n<\/tbody>\n<\/table>\n<div style=\"border-top: 1px dashed #8d8c8c;\"><\/div>\n","protected":false},"featured_media":28751,"comment_status":"open","ping_status":"closed","template":"","meta":[],"product_brand":[],"product_cat":[346,319,264,149],"product_tag":[425,420,70,179,351,426,427,432],"class_list":{"0":"post-28738","1":"product","2":"type-product","3":"status-publish","4":"has-post-thumbnail","6":"product_cat-doble-bandeja","7":"product_cat-hora-de-comer","8":"product_cat-nuevos","9":"product_cat-sillas-de-comer","10":"product_tag-comedor-para-bebe","11":"product_tag-compacta","12":"product_tag-doble-bandeja","13":"product_tag-ebaby","14":"product_tag-practica","15":"product_tag-silla-comedor","16":"product_tag-silla-de-comer","17":"product_tag-versatil","19":"first","20":"instock","21":"sale","22":"shipping-taxable","23":"purchasable","24":"product-type-variable"},"_links":{"self":[{"href":"https:\/\/www.ebabyusa.net\/ebaby-colombia\/wp-json\/wp\/v2\/product\/28738","targetHints":{"allow":["GET"]}}],"collection":[{"href":"https:\/\/www.ebabyusa.net\/ebaby-colombia\/wp-json\/wp\/v2\/product"}],"about":[{"href":"https:\/\/www.ebabyusa.net\/ebaby-colombia\/wp-json\/wp\/v2\/types\/product"}],"replies":[{"embeddable":true,"href":"https:\/\/www.ebabyusa.net\/ebaby-colombia\/wp-json\/wp\/v2\/comments?post=28738"}],"version-history":[{"count":2,"href":"https:\/\/www.ebabyusa.net\/ebaby-colombia\/wp-json\/wp\/v2\/product\/28738\/revisions"}],"predecessor-version":[{"id":29155,"href":"https:\/\/www.ebabyusa.net\/ebaby-colombia\/wp-json\/wp\/v2\/product\/28738\/revisions\/29155"}],"wp:featuredmedia":[{"embeddable":true,"href":"https:\/\/www.ebabyusa.net\/ebaby-colombia\/wp-json\/wp\/v2\/media\/28751"}],"wp:attachment":[{"href":"https:\/\/www.ebabyusa.net\/ebaby-colombia\/wp-json\/wp\/v2\/media?parent=28738"}],"wp:term":[{"taxonomy":"product_brand","embeddable":true,"href":"https:\/\/www.ebabyusa.net\/ebaby-colombia\/wp-json\/wp\/v2\/product_brand?post=28738"},{"taxonomy":"product_cat","embeddable":true,"href":"https:\/\/www.ebabyusa.net\/ebaby-colombia\/wp-json\/wp\/v2\/product_cat?post=28738"},{"taxonomy":"product_tag","embeddable":true,"href":"https:\/\/www.ebabyusa.net\/ebaby-colombia\/wp-json\/wp\/v2\/product_tag?post=28738"}],"curies":[{"name":"wp","href":"https:\/\/api.w.org\/{rel}","templated":true}]}}