{"id":27389,"date":"2025-03-14T20:47:09","date_gmt":"2025-03-14T20:47:09","guid":{"rendered":"https:\/\/www.ebabyusa.net\/ebaby-colombia\/?post_type=product&#038;p=27389"},"modified":"2026-02-19T17:03:38","modified_gmt":"2026-02-19T17:03:38","slug":"bacinilla-eb910","status":"publish","type":"product","link":"https:\/\/www.ebabyusa.net\/ebaby-colombia\/producto\/bacinilla-eb910\/","title":{"rendered":"Bacinilla con luz COMFY &#8211; EB910"},"content":{"rendered":"<div class=\"celdadescripcion\">\n<h4>Caracter\u00edsticas Principales de la BACINILLA CON LUZ COMFY &#8211; EB910<\/h4>\n<div>\n<ul>\n<li>Bacinilla para aprender a ir al ba\u00f1o.<\/li>\n<li>Accesorio removible.<\/li>\n<li>Con luces en la parte inferior.<\/li>\n<li>Respaldo ergon\u00f3mico que cuida la columna del beb\u00e9.<\/li>\n<li>Material: pl\u00e1stico<\/li>\n<li>Asiento intercambiable.<\/li>\n<li>El cojin es desmontable y suave.<\/li>\n<li>Soporta un peso m\u00e1ximo de 15kg.<\/li>\n<\/ul>\n<\/div>\n<\/div>\n<div class=\"celdadescripcion\"><\/div>\n","protected":false},"excerpt":{"rendered":"<div style=\"text-align: justify;\">\n<p>La bacinilla para beb\u00e9 2 en 1 es incre\u00edble! Se desmonta f\u00e1cilmente y se convierte en asiento. \u00a1Pr\u00e1ctica y c\u00f3moda para cada momento!<\/p>\n<\/div>\n<table class=\"egt\" style=\"margin-bottom: 0px;\" width=\"100%\">\n<tbody>\n<tr>\n<td>Marca<\/td>\n<td><\/td>\n<td>\n<div style=\"text-align: right;\">Ebaby<\/div>\n<\/td>\n<\/tr>\n<\/tbody>\n<\/table>\n<div style=\"border-top: 1px dashed #8d8c8c;\"><\/div>\n<table class=\"egt\" style=\"margin-bottom: 0px;\" width=\"100%\">\n<tbody>\n<tr>\n<td>Capacidad<\/td>\n<td><\/td>\n<td>\n<div style=\"text-align: right;\">15 kg<\/div>\n<\/td>\n<\/tr>\n<\/tbody>\n<\/table>\n<div style=\"border-top: 1px dashed #8d8c8c;\"><\/div>\n<table class=\"egt\" style=\"margin-bottom: 0px;\" width=\"100%\">\n<tbody>\n<tr>\n<td>Material Principal<\/td>\n<td><\/td>\n<td>\n<div style=\"text-align: right;\">Pl\u00e1stico<\/div>\n<\/td>\n<\/tr>\n<\/tbody>\n<\/table>\n<div style=\"border-top: 1px dashed #8d8c8c;\"><\/div>\n<table class=\"egt\" style=\"margin-bottom: 0px;\" width=\"100%\">\n<tbody>\n<tr>\n<td>Garant\u00eda<\/td>\n<td><\/td>\n<td>\n<div style=\"text-align: right;\">Tres (3) meses<\/div>\n<\/td>\n<\/tr>\n<\/tbody>\n<\/table>\n<div style=\"border-top: 1px dashed #8d8c8c;\"><\/div>\n","protected":false},"featured_media":27395,"comment_status":"open","ping_status":"closed","template":"","meta":[],"product_brand":[],"product_cat":[334,485,316,264,486],"product_tag":[],"class_list":{"0":"post-27389","1":"product","2":"type-product","3":"status-publish","4":"has-post-thumbnail","6":"product_cat-en-casa","7":"product_cat-hora-de-ir-al-banlo","8":"product_cat-lanzamiento","9":"product_cat-nuevos","10":"product_cat-vasenilla","12":"first","13":"instock","14":"sale","15":"shipping-taxable","16":"purchasable","17":"product-type-variable"},"_links":{"self":[{"href":"https:\/\/www.ebabyusa.net\/ebaby-colombia\/wp-json\/wp\/v2\/product\/27389","targetHints":{"allow":["GET"]}}],"collection":[{"href":"https:\/\/www.ebabyusa.net\/ebaby-colombia\/wp-json\/wp\/v2\/product"}],"about":[{"href":"https:\/\/www.ebabyusa.net\/ebaby-colombia\/wp-json\/wp\/v2\/types\/product"}],"replies":[{"embeddable":true,"href":"https:\/\/www.ebabyusa.net\/ebaby-colombia\/wp-json\/wp\/v2\/comments?post=27389"}],"version-history":[{"count":5,"href":"https:\/\/www.ebabyusa.net\/ebaby-colombia\/wp-json\/wp\/v2\/product\/27389\/revisions"}],"predecessor-version":[{"id":27408,"href":"https:\/\/www.ebabyusa.net\/ebaby-colombia\/wp-json\/wp\/v2\/product\/27389\/revisions\/27408"}],"wp:featuredmedia":[{"embeddable":true,"href":"https:\/\/www.ebabyusa.net\/ebaby-colombia\/wp-json\/wp\/v2\/media\/27395"}],"wp:attachment":[{"href":"https:\/\/www.ebabyusa.net\/ebaby-colombia\/wp-json\/wp\/v2\/media?parent=27389"}],"wp:term":[{"taxonomy":"product_brand","embeddable":true,"href":"https:\/\/www.ebabyusa.net\/ebaby-colombia\/wp-json\/wp\/v2\/product_brand?post=27389"},{"taxonomy":"product_cat","embeddable":true,"href":"https:\/\/www.ebabyusa.net\/ebaby-colombia\/wp-json\/wp\/v2\/product_cat?post=27389"},{"taxonomy":"product_tag","embeddable":true,"href":"https:\/\/www.ebabyusa.net\/ebaby-colombia\/wp-json\/wp\/v2\/product_tag?post=27389"}],"curies":[{"name":"wp","href":"https:\/\/api.w.org\/{rel}","templated":true}]}}