{"id":26374,"date":"2024-07-04T14:40:53","date_gmt":"2024-07-04T14:40:53","guid":{"rendered":"https:\/\/www.ebabyusa.net\/ebaby-colombia\/?post_type=product&#038;p=26374"},"modified":"2026-02-18T20:17:56","modified_gmt":"2026-02-18T20:17:56","slug":"buggy-eb351","status":"publish","type":"product","link":"https:\/\/www.ebabyusa.net\/ebaby-colombia\/producto\/buggy-eb351\/","title":{"rendered":"BUGGY &#8211; CARRITO MONTABLE EB351"},"content":{"rendered":"<h4 style=\"color: #005d7e;\"><strong>Caracter\u00edsticas Principales del BUGGY &#8211; CARRITO MONTABLE EB351<\/strong><\/h4>\n<ul>\n<li>Tim\u00f3n con m\u00fasica y luces.<\/li>\n<li>Incluye capota.<\/li>\n<li>Carrito de empujar con gu\u00eda.<\/li>\n<li>Ruedas y estructura de pl\u00e1stico.<\/li>\n<li>Tim\u00f3n con direcci\u00f3n en ruedas delanteras.<\/li>\n<li>Incluye barreras laterales de protecci\u00f3n.<\/li>\n<li>Incluye reposapi\u00e9s.<\/li>\n<li>Incluye vag\u00f3n organizador en asiento.<\/li>\n<li>Tim\u00f3n con entrada USB (Uso de pilas).<\/li>\n<li>Asiento confortable.<\/li>\n<\/ul>\n","protected":false},"excerpt":{"rendered":"<div style=\"text-align: justify;\">\n<p>Cuenta con tim\u00f3n con m\u00fasica y luces que permite que tu beb\u00e9 juegue c\u00f3modamente y se divierta. Ebaby trabaja siempre con elementos de la mejor calidad.<\/p>\n<\/div>\n<table class=\"egt\" style=\"margin-bottom: 0px;\" width=\"100%\">\n<tbody>\n<tr>\n<td>Marca<\/td>\n<td><\/td>\n<td>\n<div style=\"text-align: right;\">Ebaby<\/div>\n<\/td>\n<\/tr>\n<\/tbody>\n<\/table>\n<div style=\"border-top: 1px dashed #8d8c8c;\"><\/div>\n<table class=\"egt\" style=\"margin-bottom: 0px;\" width=\"100%\">\n<tbody>\n<tr>\n<td>Capacidad<\/td>\n<td><\/td>\n<td>\n<div style=\"text-align: right;\">23 kg<\/div>\n<\/td>\n<\/tr>\n<\/tbody>\n<\/table>\n<div style=\"border-top: 1px dashed #8d8c8c;\"><\/div>\n<table class=\"egt\" style=\"margin-bottom: 0px;\" width=\"100%\">\n<tbody>\n<tr>\n<td>Material Principal<\/td>\n<td><\/td>\n<td>\n<div style=\"text-align: right;\">Pl\u00e1stico<\/div>\n<\/td>\n<\/tr>\n<\/tbody>\n<\/table>\n<div style=\"border-top: 1px dashed #8d8c8c;\"><\/div>\n<table class=\"egt\" style=\"margin-bottom: 0px;\" width=\"100%\">\n<tbody>\n<tr>\n<td>Garant\u00eda<\/td>\n<td><\/td>\n<td>\n<div style=\"text-align: right;\">Tres (3) meses<\/div>\n<\/td>\n<\/tr>\n<\/tbody>\n<\/table>\n<div style=\"border-top: 1px dashed #8d8c8c;\"><\/div>\n","protected":false},"featured_media":27934,"comment_status":"open","ping_status":"closed","template":"","meta":[],"product_brand":[],"product_cat":[138,478,317,264],"product_tag":[481,482,171,479,480,373],"class_list":{"0":"post-26374","1":"product","2":"type-product","3":"status-publish","4":"has-post-thumbnail","6":"product_cat-buggies","7":"product_cat-carros","8":"product_cat-hora-del-paseo","9":"product_cat-nuevos","10":"product_tag-apoyapies","11":"product_tag-buggies","12":"product_tag-buggy","13":"product_tag-carro","14":"product_tag-pasear","15":"product_tag-paseo","17":"first","18":"instock","19":"sale","20":"shipping-taxable","21":"purchasable","22":"product-type-variable"},"_links":{"self":[{"href":"https:\/\/www.ebabyusa.net\/ebaby-colombia\/wp-json\/wp\/v2\/product\/26374","targetHints":{"allow":["GET"]}}],"collection":[{"href":"https:\/\/www.ebabyusa.net\/ebaby-colombia\/wp-json\/wp\/v2\/product"}],"about":[{"href":"https:\/\/www.ebabyusa.net\/ebaby-colombia\/wp-json\/wp\/v2\/types\/product"}],"replies":[{"embeddable":true,"href":"https:\/\/www.ebabyusa.net\/ebaby-colombia\/wp-json\/wp\/v2\/comments?post=26374"}],"version-history":[{"count":4,"href":"https:\/\/www.ebabyusa.net\/ebaby-colombia\/wp-json\/wp\/v2\/product\/26374\/revisions"}],"predecessor-version":[{"id":27580,"href":"https:\/\/www.ebabyusa.net\/ebaby-colombia\/wp-json\/wp\/v2\/product\/26374\/revisions\/27580"}],"wp:featuredmedia":[{"embeddable":true,"href":"https:\/\/www.ebabyusa.net\/ebaby-colombia\/wp-json\/wp\/v2\/media\/27934"}],"wp:attachment":[{"href":"https:\/\/www.ebabyusa.net\/ebaby-colombia\/wp-json\/wp\/v2\/media?parent=26374"}],"wp:term":[{"taxonomy":"product_brand","embeddable":true,"href":"https:\/\/www.ebabyusa.net\/ebaby-colombia\/wp-json\/wp\/v2\/product_brand?post=26374"},{"taxonomy":"product_cat","embeddable":true,"href":"https:\/\/www.ebabyusa.net\/ebaby-colombia\/wp-json\/wp\/v2\/product_cat?post=26374"},{"taxonomy":"product_tag","embeddable":true,"href":"https:\/\/www.ebabyusa.net\/ebaby-colombia\/wp-json\/wp\/v2\/product_tag?post=26374"}],"curies":[{"name":"wp","href":"https:\/\/api.w.org\/{rel}","templated":true}]}}