{"id":26038,"date":"2024-04-12T12:00:42","date_gmt":"2024-04-12T12:00:42","guid":{"rendered":"https:\/\/www.ebabyusa.net\/ebaby-colombia\/?post_type=product&#038;p=26038"},"modified":"2026-02-18T21:13:46","modified_gmt":"2026-02-18T21:13:46","slug":"silla-de-auto-tatu-eb572","status":"publish","type":"product","link":"https:\/\/www.ebabyusa.net\/ebaby-colombia\/producto\/silla-de-auto-tatu-eb572\/","title":{"rendered":"Silla de Auto TATU-EB572"},"content":{"rendered":"<div class=\"celdadescripcion\">\n<h4 style=\"color: #005d7e;\"><strong>Caracter\u00edsticas Principales de la SILLA DE AUTO TATU- EB572<\/strong><\/h4>\n<ul style=\"list-style: disc !important; margin-left: 10px !important;\">\n<li>Peso soportado: 0 &#8211; 36KG.<\/li>\n<li>Cuenta con funda removible.<\/li>\n<li>Cuenta con apoya cabeza.<\/li>\n<li>Convertible en booster.<\/li>\n<li>Incluye 2 portavasos.<\/li>\n<li>sistema de protecci\u00f3n ante impacto.<\/li>\n<li>Cintur\u00f3n de seguridad de 5 puntos.<\/li>\n<li>Alcochado extra\u00edble.<\/li>\n<li>S\u00faper acolchado.<\/li>\n<li>Asiento fijo (NO reclina).<\/li>\n<li>Aprobado por la norma ECE R 44\/04.<\/li>\n<li>Peso del producto 9 kg.<\/li>\n<li><strong>EDAD DE USO:<\/strong> Grupo 1 (8 meses -4 a\u00f1os )\/ Grupo 2 ( 4 a\u00f1os &#8211; 7 a\u00f1os )\/ Grupo 3 (7 a\u00f1os &#8211; 12 a\u00f1os).<\/li>\n<\/ul>\n<\/div>\n<div class=\"celdadescripcion\">\n<table class=\"egt1\" style=\"margin-bottom: 0px;\" width=\"100%\">\n<tbody>\n<tr>\n<td>\n<p style=\"text-align: center;\"><img decoding=\"async\" class=\"wp-image-15059 alignnone\" src=\"http:\/\/www.ebabyusa.net\/colombia\/wp-content\/uploads\/2020\/12\/PICTOGRAMAS-04-2.png\" alt=\"\" width=\"70\" height=\"70\" srcset=\"https:\/\/www.ebabyusa.net\/ebaby-colombia\/wp-content\/uploads\/2020\/12\/PICTOGRAMAS-04-2.png 273w, https:\/\/www.ebabyusa.net\/ebaby-colombia\/wp-content\/uploads\/2020\/12\/PICTOGRAMAS-04-2-100x100.png 100w, https:\/\/www.ebabyusa.net\/ebaby-colombia\/wp-content\/uploads\/2020\/12\/PICTOGRAMAS-04-2-150x150.png 150w\" sizes=\"(max-width: 70px) 100vw, 70px\" \/><br \/>\nCintur\u00f3n de 5 puntos de seguridad<\/p>\n<\/td>\n<td><\/td>\n<td>\n<div style=\"text-align: center;\"><img decoding=\"async\" class=\"alignnone wp-image-28034\" src=\"https:\/\/www.ebabyusa.net\/ebaby-colombia\/wp-content\/uploads\/2024\/04\/PICTOGRAMAS-20.png\" alt=\"\" width=\"71\" height=\"71\" srcset=\"https:\/\/www.ebabyusa.net\/ebaby-colombia\/wp-content\/uploads\/2024\/04\/PICTOGRAMAS-20.png 273w, https:\/\/www.ebabyusa.net\/ebaby-colombia\/wp-content\/uploads\/2024\/04\/PICTOGRAMAS-20-150x150.png 150w, https:\/\/www.ebabyusa.net\/ebaby-colombia\/wp-content\/uploads\/2024\/04\/PICTOGRAMAS-20-100x100.png 100w\" sizes=\"(max-width: 71px) 100vw, 71px\" \/><\/div>\n<div style=\"text-align: center;\">Incluye portavasos.<\/div>\n<\/td>\n<\/tr>\n<tr>\n<td style=\"text-align: center;\"><img decoding=\"async\" class=\"alignnone wp-image-18976 \" src=\"http:\/\/www.ebabyusa.net\/colombia\/wp-content\/uploads\/2021\/01\/PICTOGRAMAS-01-2.png\" alt=\"\" width=\"71\" height=\"71\" srcset=\"https:\/\/www.ebabyusa.net\/ebaby-colombia\/wp-content\/uploads\/2021\/01\/PICTOGRAMAS-01-2.png 273w, https:\/\/www.ebabyusa.net\/ebaby-colombia\/wp-content\/uploads\/2021\/01\/PICTOGRAMAS-01-2-150x150.png 150w, https:\/\/www.ebabyusa.net\/ebaby-colombia\/wp-content\/uploads\/2021\/01\/PICTOGRAMAS-01-2-100x100.png 100w\" sizes=\"(max-width: 71px) 100vw, 71px\" \/><br \/>\nS\u00faper acolchada<\/td>\n<td><\/td>\n<td>\n<div style=\"text-align: center;\"><img loading=\"lazy\" decoding=\"async\" class=\"alignnone wp-image-18981 \" src=\"http:\/\/www.ebabyusa.net\/colombia\/wp-content\/uploads\/2021\/01\/PICTOGRAMAS-06-2.png\" alt=\"\" width=\"71\" height=\"71\" srcset=\"https:\/\/www.ebabyusa.net\/ebaby-colombia\/wp-content\/uploads\/2021\/01\/PICTOGRAMAS-06-2.png 279w, https:\/\/www.ebabyusa.net\/ebaby-colombia\/wp-content\/uploads\/2021\/01\/PICTOGRAMAS-06-2-150x150.png 150w, https:\/\/www.ebabyusa.net\/ebaby-colombia\/wp-content\/uploads\/2021\/01\/PICTOGRAMAS-06-2-100x100.png 100w\" sizes=\"(max-width: 71px) 100vw, 71px\" \/><br \/>\nApoya cabeza.<\/div>\n<\/td>\n<\/tr>\n<\/tbody>\n<\/table>\n<p>&nbsp;<\/p>\n<\/div>\n","protected":false},"excerpt":{"rendered":"<div style=\"text-align: justify;\">\n<p>Cuenta con cintur\u00f3n de 5 puntos de seguridad que permite que tu beb\u00e9 viaje c\u00f3modo y seguro. Ebaby trabaja siempre con elementos de la mejor calidad<\/p>\n<\/div>\n<table class=\"egt\" style=\"margin-bottom: 0px;\" width=\"100%\">\n<tbody>\n<tr>\n<td>Marca<\/td>\n<td><\/td>\n<td>\n<div style=\"text-align: right;\">Ebaby<\/div>\n<\/td>\n<\/tr>\n<\/tbody>\n<\/table>\n<div style=\"border-top: 1px dashed #8d8c8c;\"><\/div>\n<table class=\"egt\" style=\"margin-bottom: 0px;\" width=\"100%\">\n<tbody>\n<tr>\n<td>Capacidad<\/td>\n<td><\/td>\n<td>\n<div style=\"text-align: right;\">36 kg<\/div>\n<\/td>\n<\/tr>\n<\/tbody>\n<\/table>\n<div style=\"border-top: 1px dashed #8d8c8c;\"><\/div>\n<table class=\"egt\" style=\"margin-bottom: 0px;\" width=\"100%\">\n<tbody>\n<tr>\n<td>Material Principal<\/td>\n<td><\/td>\n<td>\n<div style=\"text-align: right;\">Pl\u00e1stico<\/div>\n<\/td>\n<\/tr>\n<\/tbody>\n<\/table>\n<div style=\"border-top: 1px dashed #8d8c8c;\"><\/div>\n<table class=\"egt\" style=\"margin-bottom: 0px;\" width=\"100%\">\n<tbody>\n<tr>\n<td>Garant\u00eda<\/td>\n<td><\/td>\n<td>\n<div style=\"text-align: right;\">Tres (3) meses<\/div>\n<\/td>\n<\/tr>\n<\/tbody>\n<\/table>\n<div style=\"border-top: 1px dashed #8d8c8c;\"><\/div>\n","protected":false},"featured_media":26049,"comment_status":"open","ping_status":"closed","template":"","meta":[],"product_brand":[],"product_cat":[147,18],"product_tag":[386,384,332],"class_list":{"0":"post-26038","1":"product","2":"type-product","3":"status-publish","4":"has-post-thumbnail","6":"product_cat-sillas-de-auto","7":"product_cat-ultimo-stock","8":"product_tag-acolchada","9":"product_tag-seguridad","10":"product_tag-silla-de-auto","12":"first","13":"instock","14":"sale","15":"shipping-taxable","16":"purchasable","17":"product-type-variable"},"_links":{"self":[{"href":"https:\/\/www.ebabyusa.net\/ebaby-colombia\/wp-json\/wp\/v2\/product\/26038","targetHints":{"allow":["GET"]}}],"collection":[{"href":"https:\/\/www.ebabyusa.net\/ebaby-colombia\/wp-json\/wp\/v2\/product"}],"about":[{"href":"https:\/\/www.ebabyusa.net\/ebaby-colombia\/wp-json\/wp\/v2\/types\/product"}],"replies":[{"embeddable":true,"href":"https:\/\/www.ebabyusa.net\/ebaby-colombia\/wp-json\/wp\/v2\/comments?post=26038"}],"version-history":[{"count":5,"href":"https:\/\/www.ebabyusa.net\/ebaby-colombia\/wp-json\/wp\/v2\/product\/26038\/revisions"}],"predecessor-version":[{"id":26057,"href":"https:\/\/www.ebabyusa.net\/ebaby-colombia\/wp-json\/wp\/v2\/product\/26038\/revisions\/26057"}],"wp:featuredmedia":[{"embeddable":true,"href":"https:\/\/www.ebabyusa.net\/ebaby-colombia\/wp-json\/wp\/v2\/media\/26049"}],"wp:attachment":[{"href":"https:\/\/www.ebabyusa.net\/ebaby-colombia\/wp-json\/wp\/v2\/media?parent=26038"}],"wp:term":[{"taxonomy":"product_brand","embeddable":true,"href":"https:\/\/www.ebabyusa.net\/ebaby-colombia\/wp-json\/wp\/v2\/product_brand?post=26038"},{"taxonomy":"product_cat","embeddable":true,"href":"https:\/\/www.ebabyusa.net\/ebaby-colombia\/wp-json\/wp\/v2\/product_cat?post=26038"},{"taxonomy":"product_tag","embeddable":true,"href":"https:\/\/www.ebabyusa.net\/ebaby-colombia\/wp-json\/wp\/v2\/product_tag?post=26038"}],"curies":[{"name":"wp","href":"https:\/\/api.w.org\/{rel}","templated":true}]}}