{"id":24128,"date":"2022-11-09T16:50:46","date_gmt":"2022-11-09T16:50:46","guid":{"rendered":"https:\/\/www.ebabyusa.net\/ebaby-colombia\/?post_type=product&#038;p=24128"},"modified":"2025-09-02T19:13:13","modified_gmt":"2025-09-02T19:13:13","slug":"triciclo-paseador-venice-giratorio-eb381","status":"publish","type":"product","link":"https:\/\/www.ebabyusa.net\/ebaby-colombia\/producto\/triciclo-paseador-venice-giratorio-eb381\/","title":{"rendered":"Triciclo Paseador VENICE DELUXE &#8211; EB381"},"content":{"rendered":"<div class=\"celdadescripcion\">\n<h4 style=\"color: #005d7e;\"><strong>Caracter\u00edsticas Principales del TRICICLO PASEADOR VENICE DELUXE- EB381<\/strong><\/h4>\n<ul style=\"list-style: disc !important; margin-left: 10px !important;\">\n<li>Rango de edad de uso: De 18 meses a 4 a\u00f1os.<\/li>\n<li>Capacidad m\u00e1xima: 25 kg.<\/li>\n<li>Medidas del producto armado: 90 X 50 X 99 cm<\/li>\n<li>Peso del triciclo:9 Kg.<\/li>\n<li>Capota expandible con ventanilla y desmontable de 1 nivel.<\/li>\n<li>Cintur\u00f3n de seguridad de 3 puntos.<\/li>\n<li>Guiador removible ajustable de 2 niveles (es removible).<\/li>\n<li>Reposapi\u00e9s removible.<\/li>\n<li>Barra protectora frontal.<\/li>\n<li>Asiento giratorio 360\u00b0 (El respaldar NO es reclinable).<\/li>\n<li>Rin de pl\u00e1stico y neum\u00e1ticos de caucho.<\/li>\n<li>Canastilla organizadora con tapa.<\/li>\n<li>Canastilla sencilla en la parte delantera.<\/li>\n<li>Tablero con luz + sonido.<\/li>\n<li>Luces y musica + USB y bluetooth (Uso de pilas)<\/li>\n<li>Bandeja con posavaso.<\/li>\n<li>Incluye bolsillo organizador.<\/li>\n<\/ul>\n<\/div>\n<div class=\"celdadescripcion\">\n<table class=\"egt1\" style=\"margin-bottom: 0px;\" width=\"100%\">\n<tbody>\n<tr>\n<td>\n<p style=\"text-align: center;\"><img decoding=\"async\" class=\"wp-image-15059 alignnone\" src=\"http:\/\/www.ebabyusa.net\/colombia\/wp-content\/uploads\/2020\/12\/PICTOGRAMAS-04-2.png\" alt=\"\" width=\"70\" height=\"70\" srcset=\"https:\/\/www.ebabyusa.net\/ebaby-colombia\/wp-content\/uploads\/2020\/12\/PICTOGRAMAS-04-2.png 273w, https:\/\/www.ebabyusa.net\/ebaby-colombia\/wp-content\/uploads\/2020\/12\/PICTOGRAMAS-04-2-100x100.png 100w, https:\/\/www.ebabyusa.net\/ebaby-colombia\/wp-content\/uploads\/2020\/12\/PICTOGRAMAS-04-2-150x150.png 150w\" sizes=\"(max-width: 70px) 100vw, 70px\" \/><br \/>\nCintur\u00f3n de 3 puntos de seguridad.<\/p>\n<\/td>\n<td><\/td>\n<td style=\"text-align: center;\"><img decoding=\"async\" class=\"alignnone wp-image-27873\" src=\"https:\/\/www.ebabyusa.net\/ebaby-colombia\/wp-content\/uploads\/2022\/11\/PICTOGRAMAS-01.png\" alt=\"\" width=\"76\" height=\"76\" srcset=\"https:\/\/www.ebabyusa.net\/ebaby-colombia\/wp-content\/uploads\/2022\/11\/PICTOGRAMAS-01.png 273w, https:\/\/www.ebabyusa.net\/ebaby-colombia\/wp-content\/uploads\/2022\/11\/PICTOGRAMAS-01-150x150.png 150w, https:\/\/www.ebabyusa.net\/ebaby-colombia\/wp-content\/uploads\/2022\/11\/PICTOGRAMAS-01-100x100.png 100w\" sizes=\"(max-width: 76px) 100vw, 76px\" \/><\/p>\n<p>Asiento giratorio 360\u00b0.<\/td>\n<\/tr>\n<tr>\n<td style=\"text-align: center;\"><img decoding=\"async\" class=\"alignnone wp-image-27906\" src=\"https:\/\/www.ebabyusa.net\/ebaby-colombia\/wp-content\/uploads\/2022\/11\/PICTOGRAMAS-04.png\" alt=\"\" width=\"71\" height=\"71\" srcset=\"https:\/\/www.ebabyusa.net\/ebaby-colombia\/wp-content\/uploads\/2022\/11\/PICTOGRAMAS-04.png 273w, https:\/\/www.ebabyusa.net\/ebaby-colombia\/wp-content\/uploads\/2022\/11\/PICTOGRAMAS-04-150x150.png 150w, https:\/\/www.ebabyusa.net\/ebaby-colombia\/wp-content\/uploads\/2022\/11\/PICTOGRAMAS-04-100x100.png 100w\" sizes=\"(max-width: 71px) 100vw, 71px\" \/><\/p>\n<p>Doble posapi\u00e9s.<\/td>\n<td><\/td>\n<td>\n<div style=\"text-align: center;\"><img loading=\"lazy\" decoding=\"async\" class=\"alignnone wp-image-18929 \" src=\"http:\/\/www.ebabyusa.net\/colombia\/wp-content\/uploads\/2021\/01\/PICTOGRAMAS-07-1.png\" alt=\"\" width=\"72\" height=\"72\" srcset=\"https:\/\/www.ebabyusa.net\/ebaby-colombia\/wp-content\/uploads\/2021\/01\/PICTOGRAMAS-07-1.png 273w, https:\/\/www.ebabyusa.net\/ebaby-colombia\/wp-content\/uploads\/2021\/01\/PICTOGRAMAS-07-1-150x150.png 150w, https:\/\/www.ebabyusa.net\/ebaby-colombia\/wp-content\/uploads\/2021\/01\/PICTOGRAMAS-07-1-100x100.png 100w\" sizes=\"(max-width: 72px) 100vw, 72px\" \/><br \/>\nGuiador con altura ajustable.<\/div>\n<\/td>\n<\/tr>\n<\/tbody>\n<\/table>\n<p>&nbsp;<\/p>\n<\/div>\n","protected":false},"excerpt":{"rendered":"<div style=\"text-align: justify;\">\n<p>Cuenta con asiento giratorio 360\u00b0 NO reclinable, tim\u00f3n con m\u00fasica y luz (Es necesario el uso de pilas); permite que tu beb\u00e9 viaje y se divierta de manera segura. Ebaby trabaja siempre con elementos de la mejor calidad<\/p>\n<\/div>\n<table class=\"egt\" style=\"margin-bottom: 0px;\" width=\"100%\">\n<tbody>\n<tr>\n<td>Marca<\/td>\n<td><\/td>\n<td>\n<div style=\"text-align: right;\">Ebaby<\/div>\n<\/td>\n<\/tr>\n<\/tbody>\n<\/table>\n<div style=\"border-top: 1px dashed #8d8c8c;\"><\/div>\n<table class=\"egt\" style=\"margin-bottom: 0px;\" width=\"100%\">\n<tbody>\n<tr>\n<td>Capacidad<\/td>\n<td><\/td>\n<td>\n<div style=\"text-align: right;\">25 kg<\/div>\n<\/td>\n<\/tr>\n<\/tbody>\n<\/table>\n<div style=\"border-top: 1px dashed #8d8c8c;\"><\/div>\n<table class=\"egt\" style=\"margin-bottom: 0px;\" width=\"100%\">\n<tbody>\n<tr>\n<td>Material Principal<\/td>\n<td><\/td>\n<td>\n<div style=\"text-align: right;\">Metal<\/div>\n<\/td>\n<\/tr>\n<\/tbody>\n<\/table>\n<div style=\"border-top: 1px dashed #8d8c8c;\"><\/div>\n<table class=\"egt\" style=\"margin-bottom: 0px;\" width=\"100%\">\n<tbody>\n<tr>\n<td>Garant\u00eda<\/td>\n<td><\/td>\n<td>\n<div style=\"text-align: right;\">Tres (3) meses<\/div>\n<\/td>\n<\/tr>\n<\/tbody>\n<\/table>\n<div style=\"border-top: 1px dashed #8d8c8c;\"><\/div>\n","protected":false},"featured_media":27762,"comment_status":"open","ping_status":"closed","template":"","meta":[],"product_brand":[],"product_cat":[352,317,264,353,135],"product_tag":[402,403,373,270],"class_list":{"0":"post-24128","1":"product","2":"type-product","3":"status-publish","4":"has-post-thumbnail","6":"product_cat-hora-de-jugar","7":"product_cat-hora-del-paseo","8":"product_cat-nuevos","9":"product_cat-triciclos-hora-de-jugar","10":"product_cat-triciclos","11":"product_tag-doble-canasta","12":"product_tag-metal","13":"product_tag-paseo","14":"product_tag-triciclo","16":"first","17":"outofstock","18":"shipping-taxable","19":"product-type-variable"},"_links":{"self":[{"href":"https:\/\/www.ebabyusa.net\/ebaby-colombia\/wp-json\/wp\/v2\/product\/24128","targetHints":{"allow":["GET"]}}],"collection":[{"href":"https:\/\/www.ebabyusa.net\/ebaby-colombia\/wp-json\/wp\/v2\/product"}],"about":[{"href":"https:\/\/www.ebabyusa.net\/ebaby-colombia\/wp-json\/wp\/v2\/types\/product"}],"replies":[{"embeddable":true,"href":"https:\/\/www.ebabyusa.net\/ebaby-colombia\/wp-json\/wp\/v2\/comments?post=24128"}],"version-history":[{"count":5,"href":"https:\/\/www.ebabyusa.net\/ebaby-colombia\/wp-json\/wp\/v2\/product\/24128\/revisions"}],"predecessor-version":[{"id":27907,"href":"https:\/\/www.ebabyusa.net\/ebaby-colombia\/wp-json\/wp\/v2\/product\/24128\/revisions\/27907"}],"wp:featuredmedia":[{"embeddable":true,"href":"https:\/\/www.ebabyusa.net\/ebaby-colombia\/wp-json\/wp\/v2\/media\/27762"}],"wp:attachment":[{"href":"https:\/\/www.ebabyusa.net\/ebaby-colombia\/wp-json\/wp\/v2\/media?parent=24128"}],"wp:term":[{"taxonomy":"product_brand","embeddable":true,"href":"https:\/\/www.ebabyusa.net\/ebaby-colombia\/wp-json\/wp\/v2\/product_brand?post=24128"},{"taxonomy":"product_cat","embeddable":true,"href":"https:\/\/www.ebabyusa.net\/ebaby-colombia\/wp-json\/wp\/v2\/product_cat?post=24128"},{"taxonomy":"product_tag","embeddable":true,"href":"https:\/\/www.ebabyusa.net\/ebaby-colombia\/wp-json\/wp\/v2\/product_tag?post=24128"}],"curies":[{"name":"wp","href":"https:\/\/api.w.org\/{rel}","templated":true}]}}