{"id":18364,"date":"2021-01-25T19:23:50","date_gmt":"2021-01-25T19:23:50","guid":{"rendered":"http:\/\/www.ebabyusa.net\/colombia\/tienda\/sin%20categor\u00eda\/import-placeholder-for-10737\/"},"modified":"2026-02-19T14:58:13","modified_gmt":"2026-02-19T14:58:13","slug":"silla-de-comer-nelly-650","status":"publish","type":"product","link":"https:\/\/www.ebabyusa.net\/ebaby-colombia\/producto\/silla-de-comer-nelly-650\/","title":{"rendered":"Silla de comer NELLY 6 NIVELES &#8211; EV650"},"content":{"rendered":"<div class=\"celdadescripcion\">\n<h4 style=\"color: #005d7e;\"><strong>Caracter\u00edsticas Principales de la SILLA DE COMER NELLY 6 NIVELES \u2013 EV650<\/strong><\/h4>\n<ul style=\"list-style: disc !important; margin-left: 10px !important;\">\n<li>Rango de Edad de uso: 6 meses a 3 a\u00f1os.<\/li>\n<li>Capacidad m\u00e1xima: 15 kg.<\/li>\n<li>Medidas del producto armado: 54 X 44 X 105 cm.<\/li>\n<li>Peso del producto: 9 Kg.<\/li>\n<li>Cuenta con doble bandeja (se puede extraer la bandeja de encima).<\/li>\n<li>La bandeja cuenta con 2 niveles (movimiento hacia adelante y hacia atr\u00e1s).<\/li>\n<li>Respaldar reclinable con\u00a0 hasta 5 posiciones.<\/li>\n<li>Altura de la silla ajustable hasta 6 posiciones (de arriba hacia abajo).<\/li>\n<li>Plegado compacto (Presionar los botones laterales).<\/li>\n<li>Cintur\u00f3n de seguridad de 5 puntos.<\/li>\n<li>Cuenta con tela impermeable para f\u00e1cil lavado.<\/li>\n<li>Reposapi\u00e9s ajustable.<\/li>\n<li>Llantas en patas traseras.<\/li>\n<\/ul>\n<\/div>\n<div class=\"celdadescripcion\">\n<table class=\"egt1\" style=\"margin-bottom: 0px;\" width=\"100%\">\n<tbody>\n<tr>\n<td>\n<p style=\"text-align: center;\"><img decoding=\"async\" class=\"wp-image-15059 alignnone\" src=\"http:\/\/www.ebabyusa.net\/colombia\/wp-content\/uploads\/2020\/12\/PICTOGRAMAS-04-2.png\" alt=\"\" width=\"70\" height=\"70\" srcset=\"https:\/\/www.ebabyusa.net\/ebaby-colombia\/wp-content\/uploads\/2020\/12\/PICTOGRAMAS-04-2.png 273w, https:\/\/www.ebabyusa.net\/ebaby-colombia\/wp-content\/uploads\/2020\/12\/PICTOGRAMAS-04-2-100x100.png 100w, https:\/\/www.ebabyusa.net\/ebaby-colombia\/wp-content\/uploads\/2020\/12\/PICTOGRAMAS-04-2-150x150.png 150w\" sizes=\"(max-width: 70px) 100vw, 70px\" \/><br \/>\nCintur\u00f3n de 5 puntos de seguridad<\/p>\n<\/td>\n<td><\/td>\n<td>\n<div style=\"text-align: center;\"><img decoding=\"async\" class=\"alignnone wp-image-19015 \" src=\"http:\/\/www.ebabyusa.net\/colombia\/wp-content\/uploads\/2021\/01\/PICTOGRAMAS-10-2.png\" alt=\"\" width=\"71\" height=\"71\" srcset=\"https:\/\/www.ebabyusa.net\/ebaby-colombia\/wp-content\/uploads\/2021\/01\/PICTOGRAMAS-10-2.png 272w, https:\/\/www.ebabyusa.net\/ebaby-colombia\/wp-content\/uploads\/2021\/01\/PICTOGRAMAS-10-2-150x150.png 150w, https:\/\/www.ebabyusa.net\/ebaby-colombia\/wp-content\/uploads\/2021\/01\/PICTOGRAMAS-10-2-100x100.png 100w\" sizes=\"(max-width: 71px) 100vw, 71px\" \/><\/div>\n<div style=\"text-align: center;\">Plegado compacto<\/div>\n<\/td>\n<\/tr>\n<tr>\n<td style=\"text-align: center;\"><img decoding=\"async\" class=\"alignnone wp-image-19009 \" src=\"http:\/\/www.ebabyusa.net\/colombia\/wp-content\/uploads\/2021\/01\/PICTOGRAMAS-04-3.png\" alt=\"\" width=\"71\" height=\"71\" srcset=\"https:\/\/www.ebabyusa.net\/ebaby-colombia\/wp-content\/uploads\/2021\/01\/PICTOGRAMAS-04-3.png 273w, https:\/\/www.ebabyusa.net\/ebaby-colombia\/wp-content\/uploads\/2021\/01\/PICTOGRAMAS-04-3-150x150.png 150w, https:\/\/www.ebabyusa.net\/ebaby-colombia\/wp-content\/uploads\/2021\/01\/PICTOGRAMAS-04-3-100x100.png 100w\" sizes=\"(max-width: 71px) 100vw, 71px\" \/><br \/>\nRespaldar reclinable<\/td>\n<td><\/td>\n<td>\n<div style=\"text-align: center;\"><img loading=\"lazy\" decoding=\"async\" class=\"alignnone wp-image-19011 \" src=\"http:\/\/www.ebabyusa.net\/colombia\/wp-content\/uploads\/2021\/01\/PICTOGRAMAS-06-3.png\" alt=\"\" width=\"71\" height=\"71\" srcset=\"https:\/\/www.ebabyusa.net\/ebaby-colombia\/wp-content\/uploads\/2021\/01\/PICTOGRAMAS-06-3.png 273w, https:\/\/www.ebabyusa.net\/ebaby-colombia\/wp-content\/uploads\/2021\/01\/PICTOGRAMAS-06-3-150x150.png 150w, https:\/\/www.ebabyusa.net\/ebaby-colombia\/wp-content\/uploads\/2021\/01\/PICTOGRAMAS-06-3-100x100.png 100w\" sizes=\"(max-width: 71px) 100vw, 71px\" \/><br \/>\nDoble bandeja desmontable<\/div>\n<\/td>\n<\/tr>\n<\/tbody>\n<\/table>\n<p>&nbsp;<\/p>\n<\/div>\n","protected":false},"excerpt":{"rendered":"<div style=\"text-align: justify;\">\n<p>Cuenta con el asiento s\u00faper confortable y acolchado que permite que tu beb\u00e9 est\u00e9 siempre c\u00f3modo en la hora de comer. Ebaby trabaja siempre con elementos de la mejor calidad.<\/p>\n<\/div>\n<table class=\"egt\" style=\"margin-bottom: 0px;\" width=\"100%\">\n<tbody>\n<tr>\n<td>Marca<\/td>\n<td><\/td>\n<td>\n<div style=\"text-align: right;\">Ebaby<\/div>\n<\/td>\n<\/tr>\n<\/tbody>\n<\/table>\n<div style=\"border-top: 1px dashed #8d8c8c;\"><\/div>\n<table class=\"egt\" style=\"margin-bottom: 0px;\" width=\"100%\">\n<tbody>\n<tr>\n<td>Capacidad<\/td>\n<td><\/td>\n<td>\n<div style=\"text-align: right;\">15 kg<\/div>\n<\/td>\n<\/tr>\n<\/tbody>\n<\/table>\n<div style=\"border-top: 1px dashed #8d8c8c;\"><\/div>\n<table class=\"egt\" style=\"margin-bottom: 0px;\" width=\"100%\">\n<tbody>\n<tr>\n<td>Material Principal<\/td>\n<td><\/td>\n<td>\n<div style=\"text-align: right;\">Metal<\/div>\n<\/td>\n<\/tr>\n<\/tbody>\n<\/table>\n<div style=\"border-top: 1px dashed #8d8c8c;\"><\/div>\n<table class=\"egt\" style=\"margin-bottom: 0px;\" width=\"100%\">\n<tbody>\n<tr>\n<td>Garant\u00eda<\/td>\n<td><\/td>\n<td>\n<div style=\"text-align: right;\">Tres (3) meses<\/div>\n<\/td>\n<\/tr>\n<\/tbody>\n<\/table>\n<div style=\"border-top: 1px dashed #8d8c8c;\"><\/div>\n","protected":false},"featured_media":18449,"comment_status":"open","ping_status":"closed","template":"","meta":[],"product_brand":[],"product_cat":[346,319,149],"product_tag":[425,420,70,351,426,427],"class_list":{"0":"post-18364","1":"product","2":"type-product","3":"status-publish","4":"has-post-thumbnail","6":"product_cat-doble-bandeja","7":"product_cat-hora-de-comer","8":"product_cat-sillas-de-comer","9":"product_tag-comedor-para-bebe","10":"product_tag-compacta","11":"product_tag-doble-bandeja","12":"product_tag-practica","13":"product_tag-silla-comedor","14":"product_tag-silla-de-comer","16":"first","17":"instock","18":"sale","19":"shipping-taxable","20":"purchasable","21":"product-type-variable"},"_links":{"self":[{"href":"https:\/\/www.ebabyusa.net\/ebaby-colombia\/wp-json\/wp\/v2\/product\/18364","targetHints":{"allow":["GET"]}}],"collection":[{"href":"https:\/\/www.ebabyusa.net\/ebaby-colombia\/wp-json\/wp\/v2\/product"}],"about":[{"href":"https:\/\/www.ebabyusa.net\/ebaby-colombia\/wp-json\/wp\/v2\/types\/product"}],"replies":[{"embeddable":true,"href":"https:\/\/www.ebabyusa.net\/ebaby-colombia\/wp-json\/wp\/v2\/comments?post=18364"}],"version-history":[{"count":7,"href":"https:\/\/www.ebabyusa.net\/ebaby-colombia\/wp-json\/wp\/v2\/product\/18364\/revisions"}],"predecessor-version":[{"id":28225,"href":"https:\/\/www.ebabyusa.net\/ebaby-colombia\/wp-json\/wp\/v2\/product\/18364\/revisions\/28225"}],"wp:featuredmedia":[{"embeddable":true,"href":"https:\/\/www.ebabyusa.net\/ebaby-colombia\/wp-json\/wp\/v2\/media\/18449"}],"wp:attachment":[{"href":"https:\/\/www.ebabyusa.net\/ebaby-colombia\/wp-json\/wp\/v2\/media?parent=18364"}],"wp:term":[{"taxonomy":"product_brand","embeddable":true,"href":"https:\/\/www.ebabyusa.net\/ebaby-colombia\/wp-json\/wp\/v2\/product_brand?post=18364"},{"taxonomy":"product_cat","embeddable":true,"href":"https:\/\/www.ebabyusa.net\/ebaby-colombia\/wp-json\/wp\/v2\/product_cat?post=18364"},{"taxonomy":"product_tag","embeddable":true,"href":"https:\/\/www.ebabyusa.net\/ebaby-colombia\/wp-json\/wp\/v2\/product_tag?post=18364"}],"curies":[{"name":"wp","href":"https:\/\/api.w.org\/{rel}","templated":true}]}}