{"id":18236,"date":"2021-01-25T19:20:50","date_gmt":"2021-01-25T19:20:50","guid":{"rendered":"http:\/\/www.ebabyusa.net\/colombia\/tienda\/sin%20categor\u00eda\/import-placeholder-for-9674\/"},"modified":"2025-08-21T20:25:53","modified_gmt":"2025-08-21T20:25:53","slug":"coche-portabebe-marcel-gaia-deluxe-159-511","status":"publish","type":"product","link":"https:\/\/www.ebabyusa.net\/ebaby-colombia\/producto\/coche-portabebe-marcel-gaia-deluxe-159-511\/","title":{"rendered":"Combo Coche Mois\u00e9s + Portabeb\u00e9 &#8211; EV159\/511"},"content":{"rendered":"<div class=\"celdadescripcion\">\n<h4 style=\"color: #005d7e;\"><strong>Caracter\u00edsticas Principales del COMBO COCHE MOIS\u00c9S + PORTABEB\u00c9 GAIA DELUXE &#8211; EV159\/511:<\/strong><\/h4>\n<h4><span style=\"color: #005d7e;\"><strong>COCHE MARCEL DELUXE 159<\/strong><\/span><\/h4>\n<ul style=\"list-style: disc !important; margin-left: 10px !important;\">\n<li>Plegado f\u00e1cil y compacto<\/li>\n<li>Capota con ventanilla (ventana con malla con malla, la venta cuenta con im\u00e1n interior para su ajuste)<\/li>\n<li>Mango con regulador de altura<\/li>\n<li>Cuenta con cintur\u00f3n de 5 puntos de seguridad con protectores acolchados.<\/li>\n<li>Freno trasero unificado<\/li>\n<li>Colch\u00f3n adicional<\/li>\n<li>Llantas traseras con amortiguadores independientes<\/li>\n<li>Llantas delanteras con fijados de direcci\u00f3n<\/li>\n<li>Reposa-pies regulable<\/li>\n<li>Canastilla amplia con bolsillo posterior que se extiende<\/li>\n<li>Bumper frontal<\/li>\n<li><em>Incluye cubre pies<\/em><\/li>\n<li>Tipo: Coche\/Cuna para descanso apropiado del beb\u00e9<\/li>\n<li>Medidas de Producto Armado: 88*58*102 CM<\/li>\n<\/ul>\n<h4><\/h4>\n<h4><span style=\"color: #005d7e;\"><strong>PORTABEB\u00c9 GAIA 511<\/strong><\/span><\/h4>\n<ul>\n<li>Edad de uso: De 0 a 1 A\u00f1o<\/li>\n<li>Soporta un peso de hasta 13Kg<\/li>\n<li>Cuenta con mango de aluminio<\/li>\n<li>Mango ajustable a 3 posiciones para f\u00e1cil portabilidad<\/li>\n<li>C\u00f3modo respaldar\u00a0 optimo para descansar y dormir<\/li>\n<li>Extra acolchado removible<\/li>\n<li>Cintur\u00f3n de seguridad de 3 puntos<\/li>\n<li><em>Cumple con el est\u00e1ndar europeo de seguridad ECE R 44\/04<\/em><\/li>\n<\/ul>\n<\/div>\n<div class=\"celdadescripcion\">\n<table class=\"egt1\" style=\"margin-bottom: 0px;\" width=\"100%\">\n<tbody>\n<tr>\n<td>\n<p style=\"text-align: center;\"><img decoding=\"async\" class=\"wp-image-15059 alignnone\" src=\"http:\/\/www.ebabyusa.net\/colombia\/wp-content\/uploads\/2020\/12\/PICTOGRAMAS-04-2.png\" alt=\"\" width=\"70\" height=\"70\" srcset=\"https:\/\/www.ebabyusa.net\/ebaby-colombia\/wp-content\/uploads\/2020\/12\/PICTOGRAMAS-04-2.png 273w, https:\/\/www.ebabyusa.net\/ebaby-colombia\/wp-content\/uploads\/2020\/12\/PICTOGRAMAS-04-2-100x100.png 100w, https:\/\/www.ebabyusa.net\/ebaby-colombia\/wp-content\/uploads\/2020\/12\/PICTOGRAMAS-04-2-150x150.png 150w\" sizes=\"(max-width: 70px) 100vw, 70px\" \/><br \/>\nCintur\u00f3n de 5 puntos de seguridad<\/p>\n<\/td>\n<td><\/td>\n<td>\n<div style=\"text-align: center;\"><img decoding=\"async\" class=\"alignnone wp-image-18793 \" src=\"http:\/\/www.ebabyusa.net\/colombia\/wp-content\/uploads\/2021\/01\/PICTOGRAMAS-31.png\" alt=\"\" width=\"71\" height=\"71\" srcset=\"https:\/\/www.ebabyusa.net\/ebaby-colombia\/wp-content\/uploads\/2021\/01\/PICTOGRAMAS-31.png 273w, https:\/\/www.ebabyusa.net\/ebaby-colombia\/wp-content\/uploads\/2021\/01\/PICTOGRAMAS-31-150x150.png 150w, https:\/\/www.ebabyusa.net\/ebaby-colombia\/wp-content\/uploads\/2021\/01\/PICTOGRAMAS-31-100x100.png 100w\" sizes=\"(max-width: 71px) 100vw, 71px\" \/><br \/>\nCambio de posici\u00f3n del asiento<\/div>\n<\/td>\n<\/tr>\n<tr>\n<td style=\"text-align: center;\"><img decoding=\"async\" class=\"alignnone wp-image-18775 \" src=\"http:\/\/www.ebabyusa.net\/colombia\/wp-content\/uploads\/2021\/01\/PICTOGRAMAS-13.png\" alt=\"\" width=\"72\" height=\"72\" srcset=\"https:\/\/www.ebabyusa.net\/ebaby-colombia\/wp-content\/uploads\/2021\/01\/PICTOGRAMAS-13.png 273w, https:\/\/www.ebabyusa.net\/ebaby-colombia\/wp-content\/uploads\/2021\/01\/PICTOGRAMAS-13-150x150.png 150w, https:\/\/www.ebabyusa.net\/ebaby-colombia\/wp-content\/uploads\/2021\/01\/PICTOGRAMAS-13-100x100.png 100w\" sizes=\"(max-width: 72px) 100vw, 72px\" \/><br \/>\nFunci\u00f3n cuna<\/td>\n<td><\/td>\n<td>\n<div style=\"text-align: center;\"><img loading=\"lazy\" decoding=\"async\" class=\"alignnone wp-image-18785 \" src=\"http:\/\/www.ebabyusa.net\/colombia\/wp-content\/uploads\/2021\/01\/PICTOGRAMAS-23.png\" alt=\"\" width=\"70\" height=\"70\" srcset=\"https:\/\/www.ebabyusa.net\/ebaby-colombia\/wp-content\/uploads\/2021\/01\/PICTOGRAMAS-23.png 273w, https:\/\/www.ebabyusa.net\/ebaby-colombia\/wp-content\/uploads\/2021\/01\/PICTOGRAMAS-23-150x150.png 150w, https:\/\/www.ebabyusa.net\/ebaby-colombia\/wp-content\/uploads\/2021\/01\/PICTOGRAMAS-23-100x100.png 100w\" sizes=\"(max-width: 70px) 100vw, 70px\" \/><\/div>\n<div style=\"text-align: center;\">Freno trasero unificado<\/div>\n<\/td>\n<\/tr>\n<\/tbody>\n<\/table>\n<\/div>\n","protected":false},"excerpt":{"rendered":"<div style=\"text-align: justify;\">\n<p>Un coche mois\u00e9s posici\u00f3n de 180\u00b0 amplio y acolchado, y un porta bebe que tu bebe podr\u00e1 disfrutar desde su primer d\u00eda. Ebaby trabaja siempre con elementos de la mejor calidad<\/p>\n<\/div>\n<table class=\"egt\" style=\"margin-bottom: 0px;\" width=\"100%\">\n<tbody>\n<tr>\n<td>Marca<\/td>\n<td><\/td>\n<td>\n<div style=\"text-align: right;\">Evezo<\/div>\n<\/td>\n<\/tr>\n<\/tbody>\n<\/table>\n<div style=\"border-top: 1px dashed #8d8c8c;\"><\/div>\n<table class=\"egt\" style=\"margin-bottom: 0px;\" width=\"100%\">\n<tbody>\n<tr>\n<td>Capacidad<\/td>\n<td><\/td>\n<td>\n<div style=\"text-align: right;\">15kg<\/div>\n<\/td>\n<\/tr>\n<\/tbody>\n<\/table>\n<div style=\"border-top: 1px dashed #8d8c8c;\"><\/div>\n<table class=\"egt\" style=\"margin-bottom: 0px;\" width=\"100%\">\n<tbody>\n<tr>\n<td>Material Principal<\/td>\n<td><\/td>\n<td>\n<div style=\"text-align: right;\">Aluminio<\/div>\n<\/td>\n<\/tr>\n<\/tbody>\n<\/table>\n<div style=\"border-top: 1px dashed #8d8c8c;\"><\/div>\n<table class=\"egt\" style=\"margin-bottom: 0px;\" width=\"100%\">\n<tbody>\n<tr>\n<td>Garant\u00eda<\/td>\n<td><\/td>\n<td>\n<div style=\"text-align: right;\">Tres (3) meses<\/div>\n<\/td>\n<\/tr>\n<\/tbody>\n<\/table>\n<p>&nbsp;<\/p>\n","protected":false},"featured_media":18290,"comment_status":"open","ping_status":"closed","template":"","meta":[],"product_brand":[],"product_cat":[397,345,16,317],"product_tag":[330,378,411,412],"class_list":{"0":"post-18236","1":"product","2":"type-product","3":"status-publish","4":"has-post-thumbnail","6":"product_cat-coche-cuna-2","7":"product_cat-coche-travel-system","8":"product_cat-coches","9":"product_cat-hora-del-paseo","10":"product_tag-acolchado","11":"product_tag-aluminio","12":"product_tag-lujo","13":"product_tag-portabebe","15":"first","16":"outofstock","17":"shipping-taxable","18":"product-type-variable"},"_links":{"self":[{"href":"https:\/\/www.ebabyusa.net\/ebaby-colombia\/wp-json\/wp\/v2\/product\/18236","targetHints":{"allow":["GET"]}}],"collection":[{"href":"https:\/\/www.ebabyusa.net\/ebaby-colombia\/wp-json\/wp\/v2\/product"}],"about":[{"href":"https:\/\/www.ebabyusa.net\/ebaby-colombia\/wp-json\/wp\/v2\/types\/product"}],"replies":[{"embeddable":true,"href":"https:\/\/www.ebabyusa.net\/ebaby-colombia\/wp-json\/wp\/v2\/comments?post=18236"}],"version-history":[{"count":9,"href":"https:\/\/www.ebabyusa.net\/ebaby-colombia\/wp-json\/wp\/v2\/product\/18236\/revisions"}],"predecessor-version":[{"id":18905,"href":"https:\/\/www.ebabyusa.net\/ebaby-colombia\/wp-json\/wp\/v2\/product\/18236\/revisions\/18905"}],"wp:featuredmedia":[{"embeddable":true,"href":"https:\/\/www.ebabyusa.net\/ebaby-colombia\/wp-json\/wp\/v2\/media\/18290"}],"wp:attachment":[{"href":"https:\/\/www.ebabyusa.net\/ebaby-colombia\/wp-json\/wp\/v2\/media?parent=18236"}],"wp:term":[{"taxonomy":"product_brand","embeddable":true,"href":"https:\/\/www.ebabyusa.net\/ebaby-colombia\/wp-json\/wp\/v2\/product_brand?post=18236"},{"taxonomy":"product_cat","embeddable":true,"href":"https:\/\/www.ebabyusa.net\/ebaby-colombia\/wp-json\/wp\/v2\/product_cat?post=18236"},{"taxonomy":"product_tag","embeddable":true,"href":"https:\/\/www.ebabyusa.net\/ebaby-colombia\/wp-json\/wp\/v2\/product_tag?post=18236"}],"curies":[{"name":"wp","href":"https:\/\/api.w.org\/{rel}","templated":true}]}}