{"id":17650,"date":"2021-01-25T19:08:07","date_gmt":"2021-01-25T19:08:07","guid":{"rendered":"http:\/\/www.ebabyusa.net\/colombia\/tienda\/sin%20categor\u00eda\/import-placeholder-for-213\/"},"modified":"2026-03-24T20:06:18","modified_gmt":"2026-03-24T20:06:18","slug":"coche-baston-zazu-eb217-1-ebaby","status":"publish","type":"product","link":"https:\/\/www.ebabyusa.net\/ebaby-colombia\/producto\/coche-baston-zazu-eb217-1-ebaby\/","title":{"rendered":"Coche paseador estilo Bast\u00f3n ZAZU- EB217-1"},"content":{"rendered":"<div class=\"celdadescripcion\">\n<h4 style=\"color: #005d7e;\"><strong>Caracter\u00edsticas Principales del COCHE BAST\u00d3N ZAZU \u2013 EB217-1<\/strong><\/h4>\n<ul style=\"list-style: disc !important; margin-left: 10px !important;\">\n<li>Sistema de plegado f\u00e1cil y compacto.<\/li>\n<li>Medidas del producto Armado: 46.5 cm + 74.2 cm+ 98 cm.<\/li>\n<li>Capacidad en kg: 15 Kg.<\/li>\n<li>Capota completa expandible.<\/li>\n<li>Incluye sujetador.<\/li>\n<li>Ventanilla en capota.<\/li>\n<li>Mango\u00a0 fijo-directo.<\/li>\n<li>Asiento ajustable.<\/li>\n<li>Bolsillo trasero en cubierta protectora.<\/li>\n<li>Arn\u00e9s de seguridad extra para las piernas del beb\u00e9.<\/li>\n<li>Cintur\u00f3n de seguridad de 2 puntos.<\/li>\n<li>Llantas de pl\u00e1stico.<\/li>\n<li>Apoya pies fijo.<\/li>\n<li>Incluye cubrepi\u00e9s.<\/li>\n<li>Asiento confortable.<\/li>\n<\/ul>\n<\/div>\n<div class=\"celdadescripcion\">\n<table class=\"egt1\" style=\"margin-bottom: 0px;\" width=\"100%\">\n<tbody>\n<tr>\n<td>\n<p style=\"text-align: center;\"><img decoding=\"async\" class=\"alignnone wp-image-18765 \" src=\"https:\/\/www.ebabyusa.net\/ebaby-colombia\/wp-content\/uploads\/2021\/01\/PICTOGRAMAS-03.png\" alt=\"\" width=\"77\" height=\"77\" srcset=\"https:\/\/www.ebabyusa.net\/ebaby-colombia\/wp-content\/uploads\/2021\/01\/PICTOGRAMAS-03.png 273w, https:\/\/www.ebabyusa.net\/ebaby-colombia\/wp-content\/uploads\/2021\/01\/PICTOGRAMAS-03-150x150.png 150w, https:\/\/www.ebabyusa.net\/ebaby-colombia\/wp-content\/uploads\/2021\/01\/PICTOGRAMAS-03-100x100.png 100w\" sizes=\"(max-width: 77px) 100vw, 77px\" \/><br \/>\nCintur\u00f3n de 3 puntos de seguridad<\/p>\n<\/td>\n<td><\/td>\n<td style=\"text-align: center;\"><img decoding=\"async\" class=\"alignnone wp-image-27777\" src=\"https:\/\/www.ebabyusa.net\/ebaby-colombia\/wp-content\/uploads\/2023\/09\/PICTOGRAMAS-07.png\" alt=\"\" width=\"78\" height=\"78\" srcset=\"https:\/\/www.ebabyusa.net\/ebaby-colombia\/wp-content\/uploads\/2023\/09\/PICTOGRAMAS-07.png 273w, https:\/\/www.ebabyusa.net\/ebaby-colombia\/wp-content\/uploads\/2023\/09\/PICTOGRAMAS-07-150x150.png 150w, https:\/\/www.ebabyusa.net\/ebaby-colombia\/wp-content\/uploads\/2023\/09\/PICTOGRAMAS-07-100x100.png 100w\" sizes=\"(max-width: 78px) 100vw, 78px\" \/><\/p>\n<p>Asiento ajustable.<\/td>\n<\/tr>\n<tr>\n<td style=\"text-align: center;\"><img decoding=\"async\" class=\"alignnone wp-image-18773 \" src=\"http:\/\/www.ebabyusa.net\/colombia\/wp-content\/uploads\/2021\/01\/PICTOGRAMAS-11.png\" alt=\"\" width=\"70\" height=\"70\" srcset=\"https:\/\/www.ebabyusa.net\/ebaby-colombia\/wp-content\/uploads\/2021\/01\/PICTOGRAMAS-11.png 272w, https:\/\/www.ebabyusa.net\/ebaby-colombia\/wp-content\/uploads\/2021\/01\/PICTOGRAMAS-11-150x150.png 150w, https:\/\/www.ebabyusa.net\/ebaby-colombia\/wp-content\/uploads\/2021\/01\/PICTOGRAMAS-11-100x100.png 100w\" sizes=\"(max-width: 70px) 100vw, 70px\" \/><br \/>\nIncluye cubrepi\u00e9s<\/td>\n<td><\/td>\n<td>\n<div style=\"text-align: center;\"><img loading=\"lazy\" decoding=\"async\" class=\"alignnone wp-image-18786 \" src=\"http:\/\/www.ebabyusa.net\/colombia\/wp-content\/uploads\/2021\/01\/PICTOGRAMAS-24.png\" alt=\"\" width=\"71\" height=\"71\" srcset=\"https:\/\/www.ebabyusa.net\/ebaby-colombia\/wp-content\/uploads\/2021\/01\/PICTOGRAMAS-24.png 273w, https:\/\/www.ebabyusa.net\/ebaby-colombia\/wp-content\/uploads\/2021\/01\/PICTOGRAMAS-24-150x150.png 150w, https:\/\/www.ebabyusa.net\/ebaby-colombia\/wp-content\/uploads\/2021\/01\/PICTOGRAMAS-24-100x100.png 100w\" sizes=\"(max-width: 71px) 100vw, 71px\" \/><br \/>\nFreno independiente en llantas traseras<\/div>\n<\/td>\n<\/tr>\n<\/tbody>\n<\/table>\n<p>&nbsp;<\/p>\n<\/div>\n","protected":false},"excerpt":{"rendered":"<p>Paseador estilo bast\u00f3n pr\u00e1ctico y liviano, cuenta respaldar reclinable que permite que tu beb\u00e9 viaje y descanse c\u00f3modamente. Ebaby trabaja siempre con elementos de la mejor calidad.<\/p>\n<table class=\"egt\" width=\"100%\">\n<tbody>\n<tr>\n<td>Marca<\/td>\n<td><\/td>\n<td style=\"text-align: right;\">Ebaby<\/td>\n<\/tr>\n<\/tbody>\n<\/table>\n<div><\/div>\n<table class=\"egt\" width=\"100%\">\n<tbody>\n<tr>\n<td>Capacidad<\/td>\n<td style=\"text-align: right;\"><\/td>\n<td style=\"text-align: right;\">15 kg<\/td>\n<\/tr>\n<\/tbody>\n<\/table>\n<div><\/div>\n<table class=\"egt\" width=\"100%\">\n<tbody>\n<tr>\n<td>Material Principal<\/td>\n<td><\/td>\n<td style=\"text-align: right;\">Metal<\/td>\n<\/tr>\n<\/tbody>\n<\/table>\n<div><\/div>\n<table class=\"egt\" width=\"100%\">\n<tbody>\n<tr>\n<td>Garant\u00eda<\/td>\n<td><\/td>\n<td>\n<table class=\"egt\" width=\"100%\">\n<tbody>\n<tr>\n<td>\n<div style=\"text-align: right;\">Tres (3) meses<\/div>\n<\/td>\n<\/tr>\n<\/tbody>\n<\/table>\n<\/td>\n<\/tr>\n<\/tbody>\n<\/table>\n","protected":false},"featured_media":28455,"comment_status":"open","ping_status":"closed","template":"","meta":[],"product_brand":[],"product_cat":[36,16,317],"product_tag":[371,248,379,507],"class_list":{"0":"post-17650","1":"product","2":"type-product","3":"status-publish","4":"has-post-thumbnail","6":"product_cat-coche-baston","7":"product_cat-coches","8":"product_cat-hora-del-paseo","9":"product_tag-coche","10":"product_tag-nuevo","11":"product_tag-paseador","12":"product_tag-tipo-baston","14":"first","15":"instock","16":"sale","17":"shipping-taxable","18":"purchasable","19":"product-type-variable"},"_links":{"self":[{"href":"https:\/\/www.ebabyusa.net\/ebaby-colombia\/wp-json\/wp\/v2\/product\/17650","targetHints":{"allow":["GET"]}}],"collection":[{"href":"https:\/\/www.ebabyusa.net\/ebaby-colombia\/wp-json\/wp\/v2\/product"}],"about":[{"href":"https:\/\/www.ebabyusa.net\/ebaby-colombia\/wp-json\/wp\/v2\/types\/product"}],"replies":[{"embeddable":true,"href":"https:\/\/www.ebabyusa.net\/ebaby-colombia\/wp-json\/wp\/v2\/comments?post=17650"}],"version-history":[{"count":21,"href":"https:\/\/www.ebabyusa.net\/ebaby-colombia\/wp-json\/wp\/v2\/product\/17650\/revisions"}],"predecessor-version":[{"id":25529,"href":"https:\/\/www.ebabyusa.net\/ebaby-colombia\/wp-json\/wp\/v2\/product\/17650\/revisions\/25529"}],"wp:featuredmedia":[{"embeddable":true,"href":"https:\/\/www.ebabyusa.net\/ebaby-colombia\/wp-json\/wp\/v2\/media\/28455"}],"wp:attachment":[{"href":"https:\/\/www.ebabyusa.net\/ebaby-colombia\/wp-json\/wp\/v2\/media?parent=17650"}],"wp:term":[{"taxonomy":"product_brand","embeddable":true,"href":"https:\/\/www.ebabyusa.net\/ebaby-colombia\/wp-json\/wp\/v2\/product_brand?post=17650"},{"taxonomy":"product_cat","embeddable":true,"href":"https:\/\/www.ebabyusa.net\/ebaby-colombia\/wp-json\/wp\/v2\/product_cat?post=17650"},{"taxonomy":"product_tag","embeddable":true,"href":"https:\/\/www.ebabyusa.net\/ebaby-colombia\/wp-json\/wp\/v2\/product_tag?post=17650"}],"curies":[{"name":"wp","href":"https:\/\/api.w.org\/{rel}","templated":true}]}}