{"id":79013,"date":"2026-03-13T15:26:39","date_gmt":"2026-03-13T15:26:39","guid":{"rendered":"https:\/\/www.ebabyusa.net\/ebaby-colombia\/?post_type=product&#038;p=79013"},"modified":"2026-03-17T16:55:03","modified_gmt":"2026-03-17T16:55:03","slug":"coche-cuna-moises-clint-funcion-maleta-portabebe-eb155","status":"publish","type":"product","link":"https:\/\/www.ebabyusa.net\/ebaby-colombia\/?product=coche-cuna-moises-clint-funcion-maleta-portabebe-eb155","title":{"rendered":"Coche cuna mois\u00e9s CLINT Funci\u00f3n maleta+ Portabeb\u00e9 &#8211; EB155M"},"content":{"rendered":"<div class=\"celdadescripcion\">\n<h4 style=\"color: #005d7e;\"><strong>Caracter\u00edsticas Principales del COCHE CUNA MOIS\u00c9S CLINT FUNCI\u00d3N MALETA- EB155M<\/strong><\/h4>\n<ul>\n<li>Portabeb\u00e9 con funci\u00f3n silla de auto.<\/li>\n<li>Funci\u00f3n maleta.<\/li>\n<li>Correa de seguridad.<\/li>\n<li>Capota completa.<\/li>\n<li>Barrera protectora frontal.<\/li>\n<li>Excelente amortiguaci\u00f3n.<\/li>\n<li>Plegado f\u00e1cil y compacto.<\/li>\n<li>Ventanillas laterales.<\/li>\n<li>Amplia canastilla.<\/li>\n<li>Estructura de coche en metal.<\/li>\n<li>Cintur\u00f3n de seguridad de 5 puntos.<\/li>\n<li>Llantas delanteras con sistema de bloqueo.<\/li>\n<li>Amortiguaci\u00f3n en estructura y ruedas delanteras.<\/li>\n<li>Cambio de direcci\u00f3n del asiento.<\/li>\n<li>Incluye cubrepi\u00e9s.<\/li>\n<\/ul>\n<\/div>\n<div class=\"celdadescripcion\">\n<table class=\"egt1\" style=\"margin-bottom: 0px;\" width=\"100%\">\n<tbody>\n<tr>\n<td>\n<p style=\"text-align: center;\"><img decoding=\"async\" class=\"alignnone wp-image-29329\" src=\"https:\/\/www.ebabyusa.net\/ebaby-colombia\/wp-content\/uploads\/2026\/01\/PICTOGRAMAS-04-1.png\" alt=\"\" width=\"91\" height=\"91\" srcset=\"https:\/\/www.ebabyusa.net\/ebaby-colombia\/wp-content\/uploads\/2026\/01\/PICTOGRAMAS-04-1.png 273w, https:\/\/www.ebabyusa.net\/ebaby-colombia\/wp-content\/uploads\/2026\/01\/PICTOGRAMAS-04-1-150x150.png 150w, https:\/\/www.ebabyusa.net\/ebaby-colombia\/wp-content\/uploads\/2026\/01\/PICTOGRAMAS-04-1-100x100.png 100w\" sizes=\"(max-width: 91px) 100vw, 91px\" \/><br \/>\nCintur\u00f3n de 5 puntos de seguridad<\/p>\n<\/td>\n<td><\/td>\n<td>\n<div style=\"text-align: center;\"><img decoding=\"async\" class=\"alignnone wp-image-18793 \" src=\"http:\/\/www.ebabyusa.net\/colombia\/wp-content\/uploads\/2021\/01\/PICTOGRAMAS-31.png\" alt=\"\" width=\"71\" height=\"71\" srcset=\"https:\/\/www.ebabyusa.net\/ebaby-colombia\/wp-content\/uploads\/2021\/01\/PICTOGRAMAS-31.png 273w, https:\/\/www.ebabyusa.net\/ebaby-colombia\/wp-content\/uploads\/2021\/01\/PICTOGRAMAS-31-150x150.png 150w, https:\/\/www.ebabyusa.net\/ebaby-colombia\/wp-content\/uploads\/2021\/01\/PICTOGRAMAS-31-100x100.png 100w\" sizes=\"(max-width: 71px) 100vw, 71px\" \/><br \/>\nCambio de posici\u00f3n del asiento<\/div>\n<\/td>\n<\/tr>\n<tr>\n<td style=\"text-align: center;\"><img decoding=\"async\" class=\"alignnone wp-image-18775 \" src=\"http:\/\/www.ebabyusa.net\/colombia\/wp-content\/uploads\/2021\/01\/PICTOGRAMAS-13.png\" alt=\"\" width=\"72\" height=\"72\" srcset=\"https:\/\/www.ebabyusa.net\/ebaby-colombia\/wp-content\/uploads\/2021\/01\/PICTOGRAMAS-13.png 273w, https:\/\/www.ebabyusa.net\/ebaby-colombia\/wp-content\/uploads\/2021\/01\/PICTOGRAMAS-13-150x150.png 150w, https:\/\/www.ebabyusa.net\/ebaby-colombia\/wp-content\/uploads\/2021\/01\/PICTOGRAMAS-13-100x100.png 100w\" sizes=\"(max-width: 72px) 100vw, 72px\" \/><br \/>\nFunci\u00f3n cuna<\/td>\n<td><\/td>\n<td>\n<div style=\"text-align: center;\"><img loading=\"lazy\" decoding=\"async\" class=\"alignnone wp-image-18785 \" src=\"http:\/\/www.ebabyusa.net\/colombia\/wp-content\/uploads\/2021\/01\/PICTOGRAMAS-23.png\" alt=\"\" width=\"70\" height=\"70\" srcset=\"https:\/\/www.ebabyusa.net\/ebaby-colombia\/wp-content\/uploads\/2021\/01\/PICTOGRAMAS-23.png 273w, https:\/\/www.ebabyusa.net\/ebaby-colombia\/wp-content\/uploads\/2021\/01\/PICTOGRAMAS-23-150x150.png 150w, https:\/\/www.ebabyusa.net\/ebaby-colombia\/wp-content\/uploads\/2021\/01\/PICTOGRAMAS-23-100x100.png 100w\" sizes=\"(max-width: 70px) 100vw, 70px\" \/><\/div>\n<div style=\"text-align: center;\">Freno trasero unificado<\/div>\n<\/td>\n<\/tr>\n<\/tbody>\n<\/table>\n<\/div>\n","protected":false},"excerpt":{"rendered":"<div style=\"text-align: justify;\">\n<p>Un coche mois\u00e9s posici\u00f3n de 180\u00b0, amplio y acolchado. Funci\u00f3n maleta. Ebaby trabaja siempre con elementos de la mejor calidad<\/p>\n<\/div>\n<table class=\"egt\" style=\"margin-bottom: 0px;\" width=\"100%\">\n<tbody>\n<tr>\n<td>Marca<\/td>\n<td><\/td>\n<td>\n<div style=\"text-align: right;\">Ebaby<\/div>\n<\/td>\n<\/tr>\n<\/tbody>\n<\/table>\n<div style=\"border-top: 1px dashed #8d8c8c;\"><\/div>\n<table class=\"egt\" style=\"margin-bottom: 0px;\" width=\"100%\">\n<tbody>\n<tr>\n<td>Capacidad<\/td>\n<td><\/td>\n<td>\n<div style=\"text-align: right;\">15kg<\/div>\n<\/td>\n<\/tr>\n<\/tbody>\n<\/table>\n<div style=\"border-top: 1px dashed #8d8c8c;\"><\/div>\n<table class=\"egt\" style=\"margin-bottom: 0px;\" width=\"100%\">\n<tbody>\n<tr>\n<td>Material Principal<\/td>\n<td><\/td>\n<td>\n<div style=\"text-align: right;\">Metal<\/div>\n<\/td>\n<\/tr>\n<\/tbody>\n<\/table>\n<div style=\"border-top: 1px dashed #8d8c8c;\"><\/div>\n<table class=\"egt\" style=\"margin-bottom: 0px;\" width=\"100%\">\n<tbody>\n<tr>\n<td>Garant\u00eda<\/td>\n<td><\/td>\n<td>\n<div style=\"text-align: right;\">Tres (3) meses<\/div>\n<\/td>\n<\/tr>\n<\/tbody>\n<\/table>\n","protected":false},"featured_media":27053,"comment_status":"open","ping_status":"closed","template":"","meta":[],"product_brand":[],"product_cat":[397,97,318,344,16,317,475,395,329,147],"product_tag":[330,434,169,371,154,188,380],"class_list":{"0":"post-79013","1":"product","2":"type-product","3":"status-publish","4":"has-post-thumbnail","6":"product_cat-coche-cuna-2","7":"product_cat-coche-cuna","8":"product_cat-coche-estandar","9":"product_cat-coche-reversible","10":"product_cat-coches","11":"product_cat-hora-del-paseo","12":"product_cat-moises","13":"product_cat-porta-bebes","14":"product_cat-sillas-de-auto-paseo","15":"product_cat-sillas-de-auto","16":"product_tag-acolchado","17":"product_tag-amortiguado","18":"product_tag-bebe","19":"product_tag-coche","20":"product_tag-incluye-portabebe","21":"product_tag-moises","22":"product_tag-seguro","24":"first","25":"instock","26":"sale","27":"shipping-taxable","28":"purchasable","29":"product-type-variable"},"_links":{"self":[{"href":"https:\/\/www.ebabyusa.net\/ebaby-colombia\/index.php?rest_route=\/wp\/v2\/product\/79013","targetHints":{"allow":["GET"]}}],"collection":[{"href":"https:\/\/www.ebabyusa.net\/ebaby-colombia\/index.php?rest_route=\/wp\/v2\/product"}],"about":[{"href":"https:\/\/www.ebabyusa.net\/ebaby-colombia\/index.php?rest_route=\/wp\/v2\/types\/product"}],"replies":[{"embeddable":true,"href":"https:\/\/www.ebabyusa.net\/ebaby-colombia\/index.php?rest_route=%2Fwp%2Fv2%2Fcomments&post=79013"}],"version-history":[{"count":4,"href":"https:\/\/www.ebabyusa.net\/ebaby-colombia\/index.php?rest_route=\/wp\/v2\/product\/79013\/revisions"}],"predecessor-version":[{"id":79035,"href":"https:\/\/www.ebabyusa.net\/ebaby-colombia\/index.php?rest_route=\/wp\/v2\/product\/79013\/revisions\/79035"}],"wp:featuredmedia":[{"embeddable":true,"href":"https:\/\/www.ebabyusa.net\/ebaby-colombia\/index.php?rest_route=\/wp\/v2\/media\/27053"}],"wp:attachment":[{"href":"https:\/\/www.ebabyusa.net\/ebaby-colombia\/index.php?rest_route=%2Fwp%2Fv2%2Fmedia&parent=79013"}],"wp:term":[{"taxonomy":"product_brand","embeddable":true,"href":"https:\/\/www.ebabyusa.net\/ebaby-colombia\/index.php?rest_route=%2Fwp%2Fv2%2Fproduct_brand&post=79013"},{"taxonomy":"product_cat","embeddable":true,"href":"https:\/\/www.ebabyusa.net\/ebaby-colombia\/index.php?rest_route=%2Fwp%2Fv2%2Fproduct_cat&post=79013"},{"taxonomy":"product_tag","embeddable":true,"href":"https:\/\/www.ebabyusa.net\/ebaby-colombia\/index.php?rest_route=%2Fwp%2Fv2%2Fproduct_tag&post=79013"}],"curies":[{"name":"wp","href":"https:\/\/api.w.org\/{rel}","templated":true}]}}